{"id":1461,"date":"2026-02-02T11:26:02","date_gmt":"2026-02-02T11:26:02","guid":{"rendered":"https:\/\/casino-bossy.com\/login-and-registration\/"},"modified":"2026-02-02T15:21:13","modified_gmt":"2026-02-02T15:21:13","slug":"logowanie-i-rejestracja","status":"publish","type":"page","link":"https:\/\/casino-bossy.com\/pl\/logowanie-i-rejestracja\/","title":{"rendered":"Logowanie i rejestracja"},"content":{"rendered":"<h1>Logowanie i rejestracja w Casinobossy<\/h1>\n<p>Portalem do szerokiej gamy bezpiecznych opcji hazardu online na naszej platformie jest Casinobossy login. Nasza mobilna wersja kasyna oferuje szybki dost\u0119p do ka\u017cdego rodzaju gry z naszego ogromnego katalogu. Pomagamy polskim graczom czerpa\u0107 przyjemno\u015b\u0107 z gry w bezpiecznej i przyjaznej dla u\u017cytkownika atmosferze. Kasyno Casinobossy wysoko ceni prywatno\u015b\u0107 i bezpiecze\u0144stwo wszystkich swoich cz\u0142onk\u00f3w i zapewnia doskona\u0142e \u015brodki bezpiecze\u0144stwa.<\/p>\n<p><div class=\"banner-wrap\" aria-label=\"Banner\"><img src=\"https:\/\/casino-bossy.com\/wp-content\/uploads\/2026\/02\/Casinobossy-banner-carousel-800\u0445400.webp\" class=\"w-100 d-none d-lg-block img-pc main-banner-img\" alt=\"Casinobossy banner desktop\" fetchpriority=\"high\" decoding=\"async\"><img src=\"https:\/\/casino-bossy.com\/wp-content\/uploads\/2026\/02\/Mobile-banner.webp\" class=\"w-100 d-none d-md-block d-lg-none main-banner-img\" alt=\"Casino bossy Mobile banner\" fetchpriority=\"high\" decoding=\"async\"><img src=\"https:\/\/casino-bossy.com\/wp-content\/uploads\/2026\/02\/Mobile-banner.webp\" class=\"w-100 d-md-none\" alt=\"Casino bossy Mobile banner\" fetchpriority=\"high\" decoding=\"async\"><div class=\"banner-description\">\n<div class=\"banner-title\">Bonusy powitalne<\/div>\n<p class=\"banner-header-title\">1500 \u20ac<\/p>\n<div class=\"banner-header-AdditionalText\">+ 250 Darmowe spiny<\/div>\n<button data-item=\"homepage_banner_link\" class=\"goto m-button m-gradient-border m-button--primary m-button--large banner-button btn-orange\">\n            <div class=\"m-button-content\">\n                <span>Zarejestruj si\u0119 teraz<\/span>\n                <span><\/span>\n            <\/div>\n        <\/button>\n<\/div>\n<div class=\"WelcomePack\">\n<p><img loading=\"lazy\" decoding=\"async\" class=\"alignnone size-full wp-image-1335\" src=\"https:\/\/casino-bossy.com\/wp-content\/uploads\/2026\/02\/welcome-crown.png\" alt=\"welcome crown\" width=\"25\" height=\"26\" \/><\/p>\n<div class=\"WelcomePack-Info\">Cotygodniowy zwrot got\u00f3wki do 25%<\/div>\n<p><img loading=\"lazy\" decoding=\"async\" class=\"alignnone size-full wp-image-1335\" src=\"https:\/\/casino-bossy.com\/wp-content\/uploads\/2026\/02\/welcome-crown.png\" alt=\"welcome crown\" width=\"25\" height=\"26\" \/><\/p>\n<\/div>\n<\/div><div class=\"scrollable-content-wrap my-5\"><div class=\"scrollable-content-inner\"><h2>Jak zarejestrowa\u0107 konto<\/h2>\n<p>Zostanie cz\u0142onkiem Casinobossy oznacza dost\u0119p do pe\u0142nego do\u015bwiadczenia gry, z pomoc\u0105 ekskluzywnych bonus\u00f3w, promocji i ogromnej biblioteki gier. Proces pierwszego logowania do Casinobossy otworzy przed Tob\u0105 wiele drzwi \u2014 wszyscy gracze mog\u0105 cieszy\u0107 si\u0119 prawem do wp\u0142acania pieni\u0119dzy, uczestniczenia w turniejach i wygodnego zarz\u0105dzania swoimi profilami. Ca\u0142a historia konta, transakcje i aktywno\u015b\u0107 w grach s\u0105 r\u00f3wnie\u017c widoczne i mo\u017cna je sprawdza\u0107 codziennie.<\/p>\n<p>Rejestracja w Casinobossy wymaga podania nam swoich danych osobowych. Potrzebujemy ich, poniewa\u017c jeste\u015bmy zobowi\u0105zani do sprawdzenia zgodno\u015bci z wymogami prawnymi i umo\u017cliwienia procesu weryfikacji. Rejestracja jest prosta i zapewnia natychmiastowy dost\u0119p do wszystkich udogodnie\u0144 kasyna.<\/p>\n<h3>Ustawienia bezpiecze\u0144stwa konta w kasynie Casinobossy<\/h3>\n<p>Casinobossy \u0421asino z ka\u017cdym dniem coraz bardziej dba o bezpiecze\u0144stwo. Ataki hakerskie zmuszaj\u0105 nas do ulepszania naszych taktyk; poniewa\u017c boty atakuj\u0105 cyberprzestrze\u0144, jeste\u015bmy zawsze czujni. Aby zapewni\u0107 bezpiecze\u0144stwo danych u\u017cytkownik\u00f3w, stosujemy nowoczesne protoko\u0142y szyfrowania i wielopoziomowe zabezpieczenia. Gracze mog\u0105 zwi\u0119kszy\u0107 dyskrecj\u0119 swoich kont, w\u0142\u0105czaj\u0105c 2FA (uwierzytelnianie dwusk\u0142adnikowe). Ma to na celu zapewnienie graczom dodatkowego bezpiecze\u0144stwa podczas logowania do Casinobossy.<\/p>\n<p>Ponadto sugerujemy u\u017cywanie silnych, unikalnych hase\u0142 i cz\u0119ste ich zmienianie. System bezpiecze\u0144stwa naszej platformy stale \u015bledzi dzia\u0142ania kont, aby pom\u00f3c graczom w wykrywaniu wszelkich podejrzanych dzia\u0142a\u0144 z wyprzedzeniem. Aktualizowanie danych osobowych jest r\u00f3wnie\u017c sposobem na u\u0142atwienie procesu weryfikacji. U\u0142atwia to r\u00f3wnie\u017c proces wyp\u0142aty \u015brodk\u00f3w.<\/p>\n<h3>Konfiguracja profilu Casino Bossy<\/h3>\n<p>Aby utworzy\u0107 profil w Casinobossy, wykonaj nast\u0119puj\u0105ce czynno\u015bci:<\/p>\n<ol>\n<li>Na stronie Casino Bossy Casino wybierz fioletowy przycisk \u201eZarejestruj si\u0119\u201d.<\/li>\n<li>Musisz poda\u0107 sw\u00f3j prawid\u0142owy adres e-mail i wymy\u015bli\u0107 bezpieczne has\u0142o.<\/li>\n<li>Wprowad\u017a kod promocyjny, je\u015bli go posiadasz.<\/li>\n<li>Zaznacz pole, aby otrzymywa\u0107 oferty od naszego kasyna Casino Bossy.<\/li>\n<li>Zaznacz, \u017ce jeste\u015b pe\u0142noletni.<\/li>\n<li>Zapoznaj si\u0119 z warunkami i postanowieniami.<\/li>\n<li>Wy\u015blij formularz rejestracyjny.<\/li>\n<li>Kliknij link weryfikacyjny, kt\u00f3ry zostanie wys\u0142any na Twoj\u0105 skrzynk\u0119 e-mail.<\/li>\n<li>P\u00f3\u017aniej, po zalogowaniu si\u0119 do Casinobossy, mo\u017cesz uzupe\u0142ni\u0107 sw\u00f3j profil, dodaj\u0105c wi\u0119cej szczeg\u00f3\u0142owych informacji, w tym dane bankowe, numer telefonu itp.<\/li>\n<\/ol>\n<p>Nasz system rejestracji jest zgodny z zasadami odpowiedzialnej gry, a u\u017cytkownicy musz\u0105 by\u0107 pe\u0142noletni. Pomaga to w tworzeniu bezpiecznego \u015brodowiska gry. Je\u015bli gracze chc\u0105, mog\u0105 w\u0142\u0105czy\u0107 w ustawieniach swojego profilu funkcj\u0119 responsywnej gry \u201e \u201d, dzi\u0119ki kt\u00f3rej mog\u0105 kontrolowa\u0107 czas i limity gry.<\/p>\n<h2>Dost\u0119p do profilu Casinobossy i kontrola nad nim<\/h2>\n<p>Utworzenie konta w kasynie Casinobossy jest \u0142atw\u0105, ale bezpieczn\u0105 procedur\u0105. Wykonaj nast\u0119puj\u0105ce kroki:<\/p>\n<ol>\n<li>Znajd\u017a sekcj\u0119 logowania Casinobossy (obok przycisku rejestracji) i kliknij j\u0105.<\/li>\n<li>Wprowad\u017a sw\u00f3j adres e-mail i has\u0142o.<\/li>\n<li>Prze\u015blij dane lub zaloguj si\u0119 do Casinobossy za pomoc\u0105 konta Google.<\/li>\n<\/ol>\n<p>Po rejestracji gracze mog\u0105 wp\u0142aca\u0107 i wyp\u0142aca\u0107 pieni\u0105dze, sprawdza\u0107 histori\u0119 transakcji, odbiera\u0107 bonusy i zarz\u0105dza\u0107 swoimi profilami. Witryna jest przyjazna dla u\u017cytkownika i spersonalizowana, a dane finansowe mo\u017cna \u0142atwo kontrolowa\u0107.<\/p>\n<p>Og\u00f3lne wra\u017cenia s\u0105 r\u00f3wnie\u017c wygodne i wydajne, poniewa\u017c gracze mog\u0105 r\u00f3wnie\u017c w\u0142\u0105czy\u0107 czat na \u017cywo i pisa\u0107 do zespo\u0142u pomocy technicznej bezpo\u015brednio na pulpicie nawigacyjnym swojego konta, co pozwala im uzyska\u0107 natychmiastow\u0105 pomoc. Zdecydowanie zalecamy w\u0142\u0105czenie funkcji 2FA, aby zabezpieczy\u0107 konta dodatkow\u0105 funkcj\u0105 ochronn\u0105 i mie\u0107 pewno\u015b\u0107, \u017ce nie uzyskaj\u0105 do nich dost\u0119pu nieuprawnieni u\u017cytkownicy spoza Casinobossy Casino.<\/p>\n<h3>Zapomnia\u0142e\u015b danych logowania?<\/h3>\n<p>Czasami mo\u017cna zapomnie\u0107 dane logowania do Casinobossy; jest to ca\u0142kowicie normalne. Gracze mog\u0105 skorzysta\u0107 z przycisku \u201eZapomnia\u0142em has\u0142a\u201d na stronie logowania Casinoboddy, je\u015bli zapomnieli swoich danych logowania. Wystarczy wpisa\u0107 sw\u00f3j adres e-mail, aby otrzyma\u0107 link do resetowania has\u0142a na swoj\u0105 skrzynk\u0119 odbiorcz\u0105. Nast\u0119pnie wystarczy klikn\u0105\u0107 link z Casino Bossy i odzyska\u0107 dost\u0119p do konta. Aby zapewni\u0107 bezpiecze\u0144stwo, proces ten mo\u017ce wymaga\u0107 dodatkowej weryfikacji to\u017csamo\u015bci, a nast\u0119pnie przyznania dost\u0119pu. Nasz wieloj\u0119zyczny zesp\u00f3\u0142 wsparcia technicznego oceni wszystkie ryzyka i pomo\u017ce Ci.<\/p>\n<h2>Co nale\u017cy zrobi\u0107 w celu weryfikacji<\/h2>\n<p>Proces weryfikacji w kasynie Casinobossy pomaga ustali\u0107 to\u017csamo\u015b\u0107 naszych graczy i zapewni\u0107 zgodno\u015b\u0107 z normami regulacyjnymi. Zazwyczaj wymaga to szybkiego dostarczenia nast\u0119puj\u0105cych dokument\u00f3w:<\/p>\n<ul>\n<li>Oryginalny lub autentyczny dokument to\u017csamo\u015bci ze zdj\u0119ciem (paszport, prawo jazdy, dow\u00f3d osobisty).<\/li>\n<li>Dow\u00f3d zamieszkania (rachunek za media lub wyci\u0105g z konta bankowego)<\/li>\n<li>Sprawdzenie metody p\u0142atno\u015bci (w razie potrzeby)<\/li>\n<\/ul>\n<p>Nale\u017cy pami\u0119ta\u0107, \u017ce czasami mo\u017cemy dodatkowo poprosi\u0107 o dodatkowe informacje i dokumenty oraz sprawdzi\u0107 aktywno\u015b\u0107 u\u017cytkownika na stronie Casino Bossy. Proces weryfikacji trwa zazwyczaj \u015brednio 24\u201348 godzin. Terminowe z\u0142o\u017cenie odpowiednich dokument\u00f3w przyspiesza ten proces i umo\u017cliwia dokonywanie wyp\u0142at.<\/p>\n<h2>FAQ<\/h2>\n<h3>Czy mog\u0119 zmieni\u0107 zarejestrowany adres e-mail lub numer telefonu?<\/h3>\n<p>U\u017cytkownicy naszego kasyna Casinobossy mog\u0105 zmieni\u0107 swoje dane kontaktowe w ustawieniach profilu. Takie zmiany mog\u0105 wymaga\u0107 ponownej weryfikacji w celu zapewnienia bezpiecze\u0144stwa. Po zmianie upewnij si\u0119, \u017ce numer telefonu jest prawid\u0142owy.<\/p>\n<h3>Czy weryfikacja jest konieczna?<\/h3>\n<p>Aby uzyska\u0107 dost\u0119p do wszystkich funkcji naszego kasyna Casinobossy, tak, jest to konieczne. Nie martw si\u0119 jednak, jest to szybki proces, kt\u00f3ry wymaga bardzo niewielkiej ilo\u015bci dokumentacji. Trwa on d\u0142u\u017cej, je\u015bli co\u015b (lub dostarczone dokumenty) nie zgadza si\u0119. Czas przetwarzania mo\u017ce r\u00f3wnie\u017c ulega\u0107 zmianom ze wzgl\u0119du na dni \u015bwi\u0105teczne i liczb\u0119 wniosk\u00f3w o weryfikacj\u0119.<\/p>\n<\/div><\/div><\/p>\n","protected":false},"excerpt":{"rendered":"<p>Logowanie i rejestracja w Casinobossy Portalem do szerokiej gamy bezpiecznych opcji hazardu online na naszej platformie jest Casinobossy login. Nasza mobilna wersja kasyna oferuje szybki dost\u0119p do ka\u017cdego rodzaju gry z naszego ogromnego katalogu. Pomagamy polskim graczom czerpa\u0107 przyjemno\u015b\u0107 z gry w bezpiecznej i przyjaznej dla u\u017cytkownika atmosferze. Kasyno Casinobossy wysoko ceni prywatno\u015b\u0107 i bezpiecze\u0144stwo [&hellip;]<\/p>\n","protected":false},"author":9,"featured_media":0,"parent":0,"menu_order":0,"comment_status":"closed","ping_status":"closed","template":"template-builder.php","meta":{"_acf_changed":false,"inline_featured_image":false,"footnotes":""},"class_list":["post-1461","page","type-page","status-publish","hentry"],"acf":[],"yoast_head":"<!-- This site is optimized with the Yoast SEO plugin v24.4 - https:\/\/yoast.com\/wordpress\/plugins\/seo\/ -->\n<title>Casinobossy Login \u2013 Szybka rejestracja i bezpieczne konto<\/title>\n<meta name=\"description\" content=\"Casino Bossy login zapewnia porz\u0105dek \u2013 od zarz\u0105dzania profilem, przez \u015bledzenie transakcji, po histori\u0119 gier. Wypr\u00f3buj nasz\u0105 szybk\u0105 rejestracj\u0119 i niezawodn\u0105, \u200b\u200bca\u0142odobow\u0105 pomoc.\" \/>\n<meta name=\"robots\" content=\"index, follow, max-snippet:-1, max-image-preview:large, max-video-preview:-1\" \/>\n<link rel=\"canonical\" href=\"https:\/\/casino-bossy.com\/pl\/logowanie-i-rejestracja\/\" \/>\n<meta property=\"og:locale\" content=\"pl_PL\" \/>\n<meta property=\"og:type\" content=\"article\" \/>\n<meta property=\"og:title\" content=\"Casinobossy Login \u2013 Szybka rejestracja i bezpieczne konto\" \/>\n<meta property=\"og:description\" content=\"Casino Bossy login zapewnia porz\u0105dek \u2013 od zarz\u0105dzania profilem, przez \u015bledzenie transakcji, po histori\u0119 gier. Wypr\u00f3buj nasz\u0105 szybk\u0105 rejestracj\u0119 i niezawodn\u0105, \u200b\u200bca\u0142odobow\u0105 pomoc.\" \/>\n<meta property=\"og:url\" content=\"https:\/\/casino-bossy.com\/pl\/logowanie-i-rejestracja\/\" \/>\n<meta property=\"og:site_name\" content=\"casino-bossy\" \/>\n<meta property=\"article:modified_time\" content=\"2026-02-02T15:21:13+00:00\" \/>\n<meta name=\"twitter:card\" content=\"summary_large_image\" \/>\n<meta name=\"twitter:label1\" content=\"Est. reading time\" \/>\n\t<meta name=\"twitter:data1\" content=\"1 minuta\" \/>\n<script type=\"application\/ld+json\" class=\"yoast-schema-graph\">{\"@context\":\"https:\/\/schema.org\",\"@graph\":[{\"@type\":\"WebPage\",\"@id\":\"https:\/\/casino-bossy.com\/pl\/logowanie-i-rejestracja\/\",\"url\":\"https:\/\/casino-bossy.com\/pl\/logowanie-i-rejestracja\/\",\"name\":\"Casinobossy Login \u2013 Szybka rejestracja i bezpieczne konto\",\"isPartOf\":{\"@id\":\"https:\/\/casino-bossy.com\/pl\/#website\"},\"datePublished\":\"2026-02-02T11:26:02+00:00\",\"dateModified\":\"2026-02-02T15:21:13+00:00\",\"description\":\"Casino Bossy login zapewnia porz\u0105dek \u2013 od zarz\u0105dzania profilem, przez \u015bledzenie transakcji, po histori\u0119 gier. Wypr\u00f3buj nasz\u0105 szybk\u0105 rejestracj\u0119 i niezawodn\u0105, \u200b\u200bca\u0142odobow\u0105 pomoc.\",\"breadcrumb\":{\"@id\":\"https:\/\/casino-bossy.com\/pl\/logowanie-i-rejestracja\/#breadcrumb\"},\"inLanguage\":\"pl-PL\",\"potentialAction\":[{\"@type\":\"ReadAction\",\"target\":[\"https:\/\/casino-bossy.com\/pl\/logowanie-i-rejestracja\/\"]}]},{\"@type\":\"BreadcrumbList\",\"@id\":\"https:\/\/casino-bossy.com\/pl\/logowanie-i-rejestracja\/#breadcrumb\",\"itemListElement\":[{\"@type\":\"ListItem\",\"position\":1,\"name\":\"Casinobossy\",\"item\":\"https:\/\/casino-bossy.com\/pl\/\"},{\"@type\":\"ListItem\",\"position\":2,\"name\":\"Logowanie i rejestracja\"}]},{\"@type\":\"WebSite\",\"@id\":\"https:\/\/casino-bossy.com\/pl\/#website\",\"url\":\"https:\/\/casino-bossy.com\/pl\/\",\"name\":\"Casinobossy\",\"description\":\"\",\"publisher\":{\"@id\":\"https:\/\/casino-bossy.com\/pl\/#organization\"},\"potentialAction\":[{\"@type\":\"SearchAction\",\"target\":{\"@type\":\"EntryPoint\",\"urlTemplate\":\"https:\/\/casino-bossy.com\/pl\/?s={search_term_string}\"},\"query-input\":{\"@type\":\"PropertyValueSpecification\",\"valueRequired\":true,\"valueName\":\"search_term_string\"}}],\"inLanguage\":\"pl-PL\"},{\"@type\":\"Organization\",\"@id\":\"https:\/\/casino-bossy.com\/pl\/#organization\",\"name\":\"Casinobossy\",\"url\":\"https:\/\/casino-bossy.com\/pl\/\",\"logo\":{\"@type\":\"ImageObject\",\"inLanguage\":\"pl-PL\",\"@id\":\"https:\/\/casino-bossy.com\/pl\/#\/schema\/logo\/image\/\",\"url\":\"https:\/\/casino-bossy.com\/wp-content\/uploads\/2026\/02\/Casinobossy-logo.png\",\"contentUrl\":\"https:\/\/casino-bossy.com\/wp-content\/uploads\/2026\/02\/Casinobossy-logo.png\",\"width\":94,\"height\":20,\"caption\":\"Casinobossy\"},\"image\":{\"@id\":\"https:\/\/casino-bossy.com\/pl\/#\/schema\/logo\/image\/\"}}]}<\/script>\n<!-- \/ Yoast SEO plugin. -->","yoast_head_json":{"title":"Casinobossy Login \u2013 Szybka rejestracja i bezpieczne konto","description":"Casino Bossy login zapewnia porz\u0105dek \u2013 od zarz\u0105dzania profilem, przez \u015bledzenie transakcji, po histori\u0119 gier. Wypr\u00f3buj nasz\u0105 szybk\u0105 rejestracj\u0119 i niezawodn\u0105, \u200b\u200bca\u0142odobow\u0105 pomoc.","robots":{"index":"index","follow":"follow","max-snippet":"max-snippet:-1","max-image-preview":"max-image-preview:large","max-video-preview":"max-video-preview:-1"},"canonical":"https:\/\/casino-bossy.com\/pl\/logowanie-i-rejestracja\/","og_locale":"pl_PL","og_type":"article","og_title":"Casinobossy Login \u2013 Szybka rejestracja i bezpieczne konto","og_description":"Casino Bossy login zapewnia porz\u0105dek \u2013 od zarz\u0105dzania profilem, przez \u015bledzenie transakcji, po histori\u0119 gier. Wypr\u00f3buj nasz\u0105 szybk\u0105 rejestracj\u0119 i niezawodn\u0105, \u200b\u200bca\u0142odobow\u0105 pomoc.","og_url":"https:\/\/casino-bossy.com\/pl\/logowanie-i-rejestracja\/","og_site_name":"casino-bossy","article_modified_time":"2026-02-02T15:21:13+00:00","twitter_card":"summary_large_image","twitter_misc":{"Est. reading time":"1 minuta"},"schema":{"@context":"https:\/\/schema.org","@graph":[{"@type":"WebPage","@id":"https:\/\/casino-bossy.com\/pl\/logowanie-i-rejestracja\/","url":"https:\/\/casino-bossy.com\/pl\/logowanie-i-rejestracja\/","name":"Casinobossy Login \u2013 Szybka rejestracja i bezpieczne konto","isPartOf":{"@id":"https:\/\/casino-bossy.com\/pl\/#website"},"datePublished":"2026-02-02T11:26:02+00:00","dateModified":"2026-02-02T15:21:13+00:00","description":"Casino Bossy login zapewnia porz\u0105dek \u2013 od zarz\u0105dzania profilem, przez \u015bledzenie transakcji, po histori\u0119 gier. Wypr\u00f3buj nasz\u0105 szybk\u0105 rejestracj\u0119 i niezawodn\u0105, \u200b\u200bca\u0142odobow\u0105 pomoc.","breadcrumb":{"@id":"https:\/\/casino-bossy.com\/pl\/logowanie-i-rejestracja\/#breadcrumb"},"inLanguage":"pl-PL","potentialAction":[{"@type":"ReadAction","target":["https:\/\/casino-bossy.com\/pl\/logowanie-i-rejestracja\/"]}]},{"@type":"BreadcrumbList","@id":"https:\/\/casino-bossy.com\/pl\/logowanie-i-rejestracja\/#breadcrumb","itemListElement":[{"@type":"ListItem","position":1,"name":"Casinobossy","item":"https:\/\/casino-bossy.com\/pl\/"},{"@type":"ListItem","position":2,"name":"Logowanie i rejestracja"}]},{"@type":"WebSite","@id":"https:\/\/casino-bossy.com\/pl\/#website","url":"https:\/\/casino-bossy.com\/pl\/","name":"Casinobossy","description":"","publisher":{"@id":"https:\/\/casino-bossy.com\/pl\/#organization"},"potentialAction":[{"@type":"SearchAction","target":{"@type":"EntryPoint","urlTemplate":"https:\/\/casino-bossy.com\/pl\/?s={search_term_string}"},"query-input":{"@type":"PropertyValueSpecification","valueRequired":true,"valueName":"search_term_string"}}],"inLanguage":"pl-PL"},{"@type":"Organization","@id":"https:\/\/casino-bossy.com\/pl\/#organization","name":"Casinobossy","url":"https:\/\/casino-bossy.com\/pl\/","logo":{"@type":"ImageObject","inLanguage":"pl-PL","@id":"https:\/\/casino-bossy.com\/pl\/#\/schema\/logo\/image\/","url":"https:\/\/casino-bossy.com\/wp-content\/uploads\/2026\/02\/Casinobossy-logo.png","contentUrl":"https:\/\/casino-bossy.com\/wp-content\/uploads\/2026\/02\/Casinobossy-logo.png","width":94,"height":20,"caption":"Casinobossy"},"image":{"@id":"https:\/\/casino-bossy.com\/pl\/#\/schema\/logo\/image\/"}}]}},"_links":{"self":[{"href":"https:\/\/casino-bossy.com\/pl\/wp-json\/wp\/v2\/pages\/1461"}],"collection":[{"href":"https:\/\/casino-bossy.com\/pl\/wp-json\/wp\/v2\/pages"}],"about":[{"href":"https:\/\/casino-bossy.com\/pl\/wp-json\/wp\/v2\/types\/page"}],"author":[{"embeddable":true,"href":"https:\/\/casino-bossy.com\/pl\/wp-json\/wp\/v2\/users\/9"}],"replies":[{"embeddable":true,"href":"https:\/\/casino-bossy.com\/pl\/wp-json\/wp\/v2\/comments?post=1461"}],"version-history":[{"count":1,"href":"https:\/\/casino-bossy.com\/pl\/wp-json\/wp\/v2\/pages\/1461\/revisions"}],"predecessor-version":[{"id":1751,"href":"https:\/\/casino-bossy.com\/pl\/wp-json\/wp\/v2\/pages\/1461\/revisions\/1751"}],"wp:attachment":[{"href":"https:\/\/casino-bossy.com\/pl\/wp-json\/wp\/v2\/media?parent=1461"}],"curies":[{"name":"wp","href":"https:\/\/api.w.org\/{rel}","templated":true}]}}