{"id":1422,"date":"2026-02-02T11:21:48","date_gmt":"2026-02-02T11:21:48","guid":{"rendered":"https:\/\/casino-bossy.com\/app\/"},"modified":"2026-02-02T15:19:57","modified_gmt":"2026-02-02T15:19:57","slug":"aplikacja","status":"publish","type":"page","link":"https:\/\/casino-bossy.com\/pl\/aplikacja\/","title":{"rendered":"Aplikacja"},"content":{"rendered":"<h1>Aplikacja Casinobossy na urz\u0105dzenia z systemem Android i iPhone<\/h1>\n<p>Nasze kasyno stworzy\u0142o bezpieczny i nowoczesny spos\u00f3b na granie w gry w podr\u00f3\u017cy \u2014 dzi\u0119ki naszej Casinobossy app. Jest to aplikacja dostosowana do urz\u0105dze\u0144 z systemem Android i iPhone, kt\u00f3ra przenosi ca\u0142y nasz katalog zawieraj\u0105cy wszystkie ksi\u0105\u017cki, automaty, gry z natychmiastowymi wygranymi i gry karciane na Tw\u00f3j telefon kom\u00f3rkowy. Nasza platforma jest oparta na wydajno\u015bci i bardzo bezpieczna dla polskich graczy. Pozwala ona gra\u0107 w ulubione gry w dowolnym momencie i zapewnia bezpiecze\u0144stwo komputera, gdy jeste\u015b poza domem.<\/p>\n<p>Aplikacja Casino Bossy sprawia, \u017ce hazard mobilny jest wygodniejszy, bezpieczniejszy i bardziej wci\u0105gaj\u0105cy.<\/p>\n<p><div class=\"banner-wrap\" aria-label=\"Banner\"><img src=\"https:\/\/casino-bossy.com\/wp-content\/uploads\/2026\/02\/Casinobossy-banner-carousel-800\u0445400.webp\" class=\"w-100 d-none d-lg-block img-pc main-banner-img\" alt=\"Casinobossy banner desktop\" fetchpriority=\"high\" decoding=\"async\"><img src=\"https:\/\/casino-bossy.com\/wp-content\/uploads\/2026\/02\/Mobile-banner.webp\" class=\"w-100 d-none d-md-block d-lg-none main-banner-img\" alt=\"Casino bossy Mobile banner\" fetchpriority=\"high\" decoding=\"async\"><img src=\"https:\/\/casino-bossy.com\/wp-content\/uploads\/2026\/02\/Mobile-banner.webp\" class=\"w-100 d-md-none\" alt=\"Casino bossy Mobile banner\" fetchpriority=\"high\" decoding=\"async\"><div class=\"banner-description\">\n<div class=\"banner-title\">Bonusy powitalne<\/div>\n<p class=\"banner-header-title\">1500 \u20ac<\/p>\n<div class=\"banner-header-AdditionalText\">+ 250 Darmowe spiny<\/div>\n<button data-item=\"homepage_banner_link\" class=\"goto m-button m-gradient-border m-button--primary m-button--large banner-button btn-orange\">\n            <div class=\"m-button-content\">\n                <span>Zarejestruj si\u0119 teraz<\/span>\n                <span><\/span>\n            <\/div>\n        <\/button>\n<\/div>\n<div class=\"WelcomePack\">\n<p><img loading=\"lazy\" decoding=\"async\" class=\"alignnone size-full wp-image-1335\" src=\"https:\/\/casino-bossy.com\/wp-content\/uploads\/2026\/02\/welcome-crown.png\" alt=\"welcome crown\" width=\"25\" height=\"26\" \/><\/p>\n<div class=\"WelcomePack-Info\">Cotygodniowy zwrot got\u00f3wki do 25%<\/div>\n<p><img loading=\"lazy\" decoding=\"async\" class=\"alignnone size-full wp-image-1335\" src=\"https:\/\/casino-bossy.com\/wp-content\/uploads\/2026\/02\/welcome-crown.png\" alt=\"welcome crown\" width=\"25\" height=\"26\" \/><\/p>\n<\/div>\n<\/div><div class=\"scrollable-content-wrap my-5\"><div class=\"scrollable-content-inner\"><h2>Graj na iPhonie i iPadzie<\/h2>\n<p>Casinobossy Casino oferuje wyj\u0105tkowe wra\u017cenia z gry niezale\u017cnie od u\u017cywanego urz\u0105dzenia. Casinobossy Casino wspiera u\u017cytkownik\u00f3w iOS, oferuj\u0105c unikaln\u0105 aplikacj\u0119, kt\u00f3ra optymalizuje urz\u0105dzenia iPhone i iPad. Mobilne kasyno zapewnia pe\u0142n\u0105 obs\u0142ug\u0119 wszystkich aktualnych urz\u0105dze\u0144 Apple, zapewniaj\u0105c doskona\u0142e i p\u0142ynne wra\u017cenia z gry. Interfejs aplikacji Casinobossy zosta\u0142 zaprojektowany tak, aby by\u0142 responsywny i \u0142atwy w nawigacji, dzi\u0119ki czemu gracze mog\u0105 \u0142atwo uzyska\u0107 dost\u0119p do swoich ulubionych gier kasynowych i bez \u017cadnych problem\u00f3w przej\u015b\u0107 proces weryfikacji.<\/p>\n<h3>Jak pobra\u0107 aplikacj\u0119 na iOS<\/h3>\n<p>Aplikacj\u0119 Casinobossy mo\u017cna \u0142atwo i szybko pobra\u0107 na iPhone&#8217;a i iPada. Aplikacja jest dost\u0119pna bezpo\u015brednio w Casinobossy Casino, kt\u00f3re jest bezpieczne i autentyczne. Wystarczy wykona\u0107 proste kroki, kt\u00f3re s\u0105 jasne dla ka\u017cdego:<\/p>\n<ol>\n<li>Otw\u00f3rz stron\u0119 g\u0142\u00f3wn\u0105 serwisu Casinobossy w przegl\u0105darce Safari na swoim iPhonie lub iPadzie.<\/li>\n<li>Kliknij przycisk strza\u0142ki w d\u00f3\u0142, kt\u00f3ry jest widoczny na stronie g\u0142\u00f3wnej.<\/li>\n<li>Wybierz opcj\u0119 dodania do ekranu g\u0142\u00f3wnego, aby utworzy\u0107 skr\u00f3t, gdy pojawi si\u0119 monit.<\/li>\n<li>I gotowe \u2013 teraz na ekranie g\u0142\u00f3wnym urz\u0105dzenia pojawi si\u0119 ikona aplikacji Casinobossy.<\/li>\n<\/ol>\n<p>Takie podej\u015bcie jest zgodne z polityk\u0105 Apple dotycz\u0105c\u0105 aplikacji hazardowych online. Dzi\u0119ki Casino Bossy zawsze mo\u017cesz liczy\u0107 na bezpieczny i \u0142atwy proces instalacji, kt\u00f3ry nie wymaga korzystania z zewn\u0119trznych sklep\u00f3w z aplikacjami ani \u017cadnych innych plik\u00f3w do pobrania.<\/p>\n<p><img loading=\"lazy\" decoding=\"async\" src=\"https:\/\/casino-bossy.com\/wp-content\/uploads\/2026\/02\/iOS-app.webp\" alt=\"iOS app\" width=\"1248\" height=\"536\" \/><\/p>\n<\/div><\/div><div style=\"clear: both\"><\/div><div class=\"d-flex justify-content-center\"><button data-item=\"decouvrez_link\" data-group=\"website_links\" class=\"goto fw-bold rounded-pill btn btn-orange\" aria-label=\"Pobierz aplikacj\u0119 Casino-bossy\" >Pobierz aplikacj\u0119 Casino-bossy<\/button><\/div><div class=\"scrollable-content-wrap my-5\"><div class=\"scrollable-content-inner\"><h2>Casino Bossy na komputerach Mac i Windows<\/h2>\n<p>W Casinobossy Casino mo\u017cna gra\u0107 r\u00f3wnie\u017c w wersji na komputery stacjonarne. Jest ona kompatybilna z systemami Mac i Windows. Wiemy oczywi\u015bcie, \u017ce nie ka\u017cdy lubi gra\u0107 na smartfonach; niekt\u00f3rzy gracze wol\u0105 wi\u0119kszy ekran.<\/p>\n<p>Nasz\u0105 stron\u0119 Casino Bossy mo\u017cna otworzy\u0107 w ka\u017cdej z popularnych przegl\u0105darek: Chrome, Firefox, Safari i Edge. Posiada ona tryb pe\u0142noekranowy. Mo\u017cesz cieszy\u0107 si\u0119 wra\u017ceniem pe\u0142nego zanurzenia si\u0119 w grze. Gry w aplikacji mobilnej, zarz\u0105dzanie kontem i wsparcie techniczne s\u0105 \u0142atwe w nawigacji.<\/p>\n<p>Casinobossy obs\u0142uguje r\u00f3wnie\u017c skr\u00f3ty na komputerach stacjonarnych. U\u017cytkownicy Casinobossy mog\u0105 mie\u0107 bezpo\u015bredni dost\u0119p do strony na swoich komputerach stacjonarnych. Z przyjemno\u015bci\u0105 informujemy, \u017ce gracze mog\u0105 cieszy\u0107 si\u0119 takimi samymi wra\u017ceniami z gry na urz\u0105dzeniach mobilnych, nie trac\u0105c przy tym \u017cadnej funkcjonalno\u015bci ani wydajno\u015bci.<\/p>\n<p><img loading=\"lazy\" decoding=\"async\" src=\"https:\/\/casino-bossy.com\/wp-content\/uploads\/2026\/02\/Desktop.webp\" alt=\"Desktop\" width=\"1248\" height=\"536\" \/><\/p>\n<\/div><\/div><div style=\"clear: both\"><\/div><div class=\"d-flex justify-content-center\"><button data-item=\"decouvrez_link\" data-group=\"website_links\" class=\"goto fw-bold rounded-pill btn btn-orange\" aria-label=\"Pobierz Casino-bossy\" >Pobierz Casino-bossy<\/button><\/div><\/p>\n<h2>Rozwi\u0105zywanie problem\u00f3w z aplikacj\u0105<\/h2>\n<p>Casinobossy dysponuje wydajnym, wieloj\u0119zycznym zespo\u0142em wsparcia technicznego. Jeste\u015bmy \u0142atwo dost\u0119pni w przypadku atak\u00f3w technicznych. Standardowe metody rozwi\u0105zywania problem\u00f3w pomagaj\u0105 upewni\u0107 si\u0119, \u017ce aplikacja jest poprawnie zaktualizowana do najnowszej wersji. Mo\u017cesz r\u00f3wnie\u017c sprawdzi\u0107, czy wszystko jest w porz\u0105dku, czy masz stabilne po\u0142\u0105czenie internetowe i czy urz\u0105dzenie jest kompatybilne. W przypadku awarii aplikacji lub niemo\u017cno\u015bci jej otwarcia, problemy mo\u017cna rozwi\u0105za\u0107, wysy\u0142aj\u0105c do nas wiadomo\u015b\u0107. Najpierw jednak spr\u00f3buj kilkakrotnie zrestartowa\u0107 urz\u0105dzenie lub ponownie zainstalowa\u0107 aplikacj\u0119 PWA, je\u015bli co\u015b dzia\u0142a wolno, a nast\u0119pnie napisz do nas.<\/p>\n<p>Casinobossy Casino dysponuje sprawnym zespo\u0142em wsparcia technicznego. Jeste\u015bmy przeszkoleni do rozwi\u0105zywania takich sytuacji. Zawsze zapewniamy us\u0142ugi w czasie rzeczywistym poprzez czaty na \u017cywo, co pozwala skr\u00f3ci\u0107 czas przestoju i zapewni\u0107 p\u0142ynn\u0105 rozgrywk\u0119.<\/p>\n<p><div class=\"scrollable-content-wrap my-5\"><div class=\"scrollable-content-inner\"><h2>Aplikacja Casinobossy na Androida<\/h2>\n<p>Aplikacja Casinobossy to prosta i wydajna aplikacja PWA oparta na systemie Android. Zawiera wszystko, co potrzebne, oferuj\u0105c szeroki wyb\u00f3r automat\u00f3w online, gier sto\u0142owych, ksi\u0105\u017cek i gier kasynowych na \u017cywo. Aplikacja obs\u0142uguje wiele wersji systemu Android, co oznacza, \u017ce jest kompatybilna z urz\u0105dzeniami z systemem Android w wersji 6.0 i nowszej.<\/p>\n<h3>Proces pobierania krok po kroku<\/h3>\n<p>Aby zainstalowa\u0107 aplikacj\u0119 Casinobossy na Androidzie, nale\u017cy wykona\u0107 nast\u0119puj\u0105ce czynno\u015bci:<\/p>\n<ol>\n<li>Otw\u00f3rz przegl\u0105dark\u0119 internetow\u0105 na telefonie z systemem Android i przejd\u017a do naszej strony internetowej Casino Bossy.<\/li>\n<li>W przypadku urz\u0105dze\u0144 z systemem Android nale\u017cy znale\u017a\u0107 przycisk pobierania \u201eCasino App\u201d i kontynuowa\u0107 pobieranie. U\u017cytkownicy iPhone&#8217;\u00f3w powinni po prostu zapisa\u0107 skr\u00f3t do Casino Bossy Casino i to wszystko.<\/li>\n<li>Po pobraniu otw\u00f3rz PWA.<\/li>\n<\/ol>\n<p>Po zainstalowaniu uruchom aplikacj\u0119 Casinobossy i zaloguj si\u0119, aby uzyska\u0107 dost\u0119p do ca\u0142ej biblioteki gier. Takie podej\u015bcie jest bezpieczn\u0105 alternatyw\u0105 dla sklep\u00f3w z aplikacjami i ca\u0142kowicie eliminuje obawy zwi\u0105zane z z\u0142o\u015bliwym oprogramowaniem lub wyciekiem informacji. Nie musisz si\u0119 ju\u017c martwi\u0107, \u017ce zainstalujesz co\u015b podejrzanego. Lekka konstrukcja aplikacji zapewnia szybkie \u0142adowanie, niskie op\u00f3\u017anienia w grach i p\u0142ynne animacje, niezale\u017cnie od specyfikacji urz\u0105dzenia.<\/p>\n<p><img loading=\"lazy\" decoding=\"async\" src=\"https:\/\/casino-bossy.com\/wp-content\/uploads\/2026\/02\/Android-app.webp\" alt=\"Android app\" width=\"1248\" height=\"536\" \/><\/p>\n<\/div><\/div><div style=\"clear: both\"><\/div><div class=\"d-flex justify-content-center\"><button data-item=\"decouvrez_link\" data-group=\"website_links\" class=\"goto fw-bold rounded-pill btn btn-orange\" aria-label=\"Pobierz aplikacj\u0119 Casino-bossy\" >Pobierz aplikacj\u0119 Casino-bossy<\/button><\/div><div class=\"scrollable-content-wrap my-5\"><div class=\"scrollable-content-inner\"><h2>Korzy\u015bci wynikaj\u0105ce z korzystania z oficjalnej aplikacji Casinobossy<\/h2>\n<p>Ale przeno\u015bno\u015b\u0107 jest obecnie synonimem naszego \u017cycia. Jeste\u015bmy tak bardzo zabiegani i zawsze zaj\u0119ci, \u017ce posiadanie wersji PWA aplikacji Casinobossy jest po prostu najlepszym rozwi\u0105zaniem. Dla Ciebie dost\u0119pna jest ca\u0142odobowa pomoc techniczna na czacie na \u017cywo, dzi\u0119ki czemu gracze mog\u0105 uzyska\u0107 pomoc w razie potrzeby.<\/p>\n<p>Aplikacja Casinobossy ma wiele zalet w por\u00f3wnaniu z gr\u0105 w przegl\u0105darce mobilnej:<\/p>\n<table>\n<tbody>\n<tr>\n<td>Funkcja<\/td>\n<td>Zaleta<\/td>\n<\/tr>\n<tr>\n<td>Szybkie \u0142adowanie<\/td>\n<td>Skraca czas oczekiwania na szybk\u0105 rozgrywk\u0119<\/td>\n<\/tr>\n<tr>\n<td>Wysoka responsywno\u015b\u0107<\/td>\n<td>Zapewnia p\u0142ynne dzia\u0142anie na wszystkich typach urz\u0105dze\u0144<\/td>\n<\/tr>\n<tr>\n<td>Szyfrowanie TLS<\/td>\n<td>Chroni dane osobowe i finansowe<\/td>\n<\/tr>\n<tr>\n<td>Powiadomienia push<\/td>\n<td>Informuj\u0105 graczy o najnowszych ofertach i nowo\u015bciach<\/td>\n<\/tr>\n<\/tbody>\n<\/table>\n<p>Wszystkie te funkcje przyczyniaj\u0105 si\u0119 do poprawy wra\u017ce\u0144 z gry, a kasyno Casinobossy mo\u017ce by\u0107 jedn\u0105 z opcji dla graczy mobilnych, kt\u00f3rzy poszukuj\u0105 niezawodno\u015bci i wygody.<\/p>\n<h2>FAQ<\/h2>\n<h3>Czy aplikacja Casinobossy jest bezpieczna do pobrania ze strony?<\/h3>\n<p>Aplikacj\u0119 Casinobossy mo\u017cna pobra\u0107 wy\u0142\u0105cznie za po\u015brednictwem naszej strony internetowej. Mo\u017cesz by\u0107 spokojny o wysoki poziom bezpiecze\u0144stwa, kt\u00f3ry zapewnia poufno\u015b\u0107 procesu. Aplikacja zosta\u0142a stworzona przy u\u017cyciu najbardziej zaawansowanych protoko\u0142\u00f3w szyfrowania, kt\u00f3re chroni\u0105 dane u\u017cytkownik\u00f3w i operacje.<\/p>\n<h3>Czy moje konto i post\u0119py b\u0119d\u0105 synchronizowane mi\u0119dzy urz\u0105dzeniami mobilnymi i stacjonarnymi?<\/h3>\n<p>Synchronizacja w Casino Bossy Casino dzia\u0142a idealnie. Casinobossy dzia\u0142a w oparciu o scentralizowany system kont, kt\u00f3ry umo\u017cliwia u\u017cytkownikom korzystanie z gier, dokonywanie wp\u0142at i wyp\u0142at. Synchronizujemy wszystko na wszystkich urz\u0105dzeniach, z kt\u00f3rych korzystasz. Gwarantuje to tak\u0105 sam\u0105 rozgrywk\u0119 niezale\u017cnie od tego, czy u\u017cytkownik gra na telefonie kom\u00f3rkowym, czy na komputerze.<\/p>\n<h3>Co nale\u017cy zrobi\u0107, je\u015bli aplikacja ulegnie awarii lub nie chce si\u0119 otworzy\u0107?<\/h3>\n<p>Pierwsz\u0105 rzecz\u0105 jest upewnienie si\u0119, \u017ce spe\u0142nione s\u0105 minimalne wymagania systemowe. Sprawd\u017a r\u00f3wnie\u017c, czy Twoje urz\u0105dzenie jest zaktualizowane do najnowszej wersji. Je\u015bli problemy nadal wyst\u0119puj\u0105, uruchom ponownie telefon i zainstaluj ponownie aplikacj\u0119. Aby uzyska\u0107 dodatkow\u0105 pomoc, po prostu kliknij znak czatu na \u017cywo na stronie Casino Bossy i opisz nam szczeg\u00f3\u0142owo sw\u00f3j problem. Na pewno Ci pomo\u017cemy.<\/p>\n<\/div><\/div><\/p>\n","protected":false},"excerpt":{"rendered":"<p>Aplikacja Casinobossy na urz\u0105dzenia z systemem Android i iPhone Nasze kasyno stworzy\u0142o bezpieczny i nowoczesny spos\u00f3b na granie w gry w podr\u00f3\u017cy \u2014 dzi\u0119ki naszej Casinobossy app. Jest to aplikacja dostosowana do urz\u0105dze\u0144 z systemem Android i iPhone, kt\u00f3ra przenosi ca\u0142y nasz katalog zawieraj\u0105cy wszystkie ksi\u0105\u017cki, automaty, gry z natychmiastowymi wygranymi i gry karciane na [&hellip;]<\/p>\n","protected":false},"author":9,"featured_media":0,"parent":0,"menu_order":0,"comment_status":"closed","ping_status":"closed","template":"template-builder.php","meta":{"_acf_changed":false,"inline_featured_image":false,"footnotes":""},"class_list":["post-1422","page","type-page","status-publish","hentry"],"acf":[],"yoast_head":"<!-- This site is optimized with the Yoast SEO plugin v24.4 - https:\/\/yoast.com\/wordpress\/plugins\/seo\/ -->\n<title>Casinobossy App | Oficjalna aplikacja na Androida i iOS<\/title>\n<meta name=\"description\" content=\"Z Casino Bossy App zyskujesz natychmiastowy dost\u0119p do pe\u0142nej biblioteki gier, w tym jackpot\u00f3w, slot\u00f3w i sto\u0142\u00f3w z krupierem na \u017cywo. Gwarantujemy zaufane metody p\u0142atno\u015bci i szybk\u0105 obs\u0142ug\u0119 klienta na ka\u017cdym urz\u0105dzeniu.\" \/>\n<meta name=\"robots\" content=\"index, follow, max-snippet:-1, max-image-preview:large, max-video-preview:-1\" \/>\n<link rel=\"canonical\" href=\"https:\/\/casino-bossy.com\/pl\/aplikacja\/\" \/>\n<meta property=\"og:locale\" content=\"pl_PL\" \/>\n<meta property=\"og:type\" content=\"article\" \/>\n<meta property=\"og:title\" content=\"Casinobossy App | Oficjalna aplikacja na Androida i iOS\" \/>\n<meta property=\"og:description\" content=\"Z Casino Bossy App zyskujesz natychmiastowy dost\u0119p do pe\u0142nej biblioteki gier, w tym jackpot\u00f3w, slot\u00f3w i sto\u0142\u00f3w z krupierem na \u017cywo. Gwarantujemy zaufane metody p\u0142atno\u015bci i szybk\u0105 obs\u0142ug\u0119 klienta na ka\u017cdym urz\u0105dzeniu.\" \/>\n<meta property=\"og:url\" content=\"https:\/\/casino-bossy.com\/pl\/aplikacja\/\" \/>\n<meta property=\"og:site_name\" content=\"casino-bossy\" \/>\n<meta property=\"article:modified_time\" content=\"2026-02-02T15:19:57+00:00\" \/>\n<meta name=\"twitter:card\" content=\"summary_large_image\" \/>\n<meta name=\"twitter:label1\" content=\"Est. reading time\" \/>\n\t<meta name=\"twitter:data1\" content=\"1 minuta\" \/>\n<script type=\"application\/ld+json\" class=\"yoast-schema-graph\">{\"@context\":\"https:\/\/schema.org\",\"@graph\":[{\"@type\":\"WebPage\",\"@id\":\"https:\/\/casino-bossy.com\/pl\/aplikacja\/\",\"url\":\"https:\/\/casino-bossy.com\/pl\/aplikacja\/\",\"name\":\"Casinobossy App | Oficjalna aplikacja na Androida i iOS\",\"isPartOf\":{\"@id\":\"https:\/\/casino-bossy.com\/pl\/#website\"},\"datePublished\":\"2026-02-02T11:21:48+00:00\",\"dateModified\":\"2026-02-02T15:19:57+00:00\",\"description\":\"Z Casino Bossy App zyskujesz natychmiastowy dost\u0119p do pe\u0142nej biblioteki gier, w tym jackpot\u00f3w, slot\u00f3w i sto\u0142\u00f3w z krupierem na \u017cywo. Gwarantujemy zaufane metody p\u0142atno\u015bci i szybk\u0105 obs\u0142ug\u0119 klienta na ka\u017cdym urz\u0105dzeniu.\",\"breadcrumb\":{\"@id\":\"https:\/\/casino-bossy.com\/pl\/aplikacja\/#breadcrumb\"},\"inLanguage\":\"pl-PL\",\"potentialAction\":[{\"@type\":\"ReadAction\",\"target\":[\"https:\/\/casino-bossy.com\/pl\/aplikacja\/\"]}]},{\"@type\":\"BreadcrumbList\",\"@id\":\"https:\/\/casino-bossy.com\/pl\/aplikacja\/#breadcrumb\",\"itemListElement\":[{\"@type\":\"ListItem\",\"position\":1,\"name\":\"Casinobossy\",\"item\":\"https:\/\/casino-bossy.com\/pl\/\"},{\"@type\":\"ListItem\",\"position\":2,\"name\":\"Aplikacja\"}]},{\"@type\":\"WebSite\",\"@id\":\"https:\/\/casino-bossy.com\/pl\/#website\",\"url\":\"https:\/\/casino-bossy.com\/pl\/\",\"name\":\"Casinobossy\",\"description\":\"\",\"publisher\":{\"@id\":\"https:\/\/casino-bossy.com\/pl\/#organization\"},\"potentialAction\":[{\"@type\":\"SearchAction\",\"target\":{\"@type\":\"EntryPoint\",\"urlTemplate\":\"https:\/\/casino-bossy.com\/pl\/?s={search_term_string}\"},\"query-input\":{\"@type\":\"PropertyValueSpecification\",\"valueRequired\":true,\"valueName\":\"search_term_string\"}}],\"inLanguage\":\"pl-PL\"},{\"@type\":\"Organization\",\"@id\":\"https:\/\/casino-bossy.com\/pl\/#organization\",\"name\":\"Casinobossy\",\"url\":\"https:\/\/casino-bossy.com\/pl\/\",\"logo\":{\"@type\":\"ImageObject\",\"inLanguage\":\"pl-PL\",\"@id\":\"https:\/\/casino-bossy.com\/pl\/#\/schema\/logo\/image\/\",\"url\":\"https:\/\/casino-bossy.com\/wp-content\/uploads\/2026\/02\/Casinobossy-logo.png\",\"contentUrl\":\"https:\/\/casino-bossy.com\/wp-content\/uploads\/2026\/02\/Casinobossy-logo.png\",\"width\":94,\"height\":20,\"caption\":\"Casinobossy\"},\"image\":{\"@id\":\"https:\/\/casino-bossy.com\/pl\/#\/schema\/logo\/image\/\"}}]}<\/script>\n<!-- \/ Yoast SEO plugin. -->","yoast_head_json":{"title":"Casinobossy App | Oficjalna aplikacja na Androida i iOS","description":"Z Casino Bossy App zyskujesz natychmiastowy dost\u0119p do pe\u0142nej biblioteki gier, w tym jackpot\u00f3w, slot\u00f3w i sto\u0142\u00f3w z krupierem na \u017cywo. Gwarantujemy zaufane metody p\u0142atno\u015bci i szybk\u0105 obs\u0142ug\u0119 klienta na ka\u017cdym urz\u0105dzeniu.","robots":{"index":"index","follow":"follow","max-snippet":"max-snippet:-1","max-image-preview":"max-image-preview:large","max-video-preview":"max-video-preview:-1"},"canonical":"https:\/\/casino-bossy.com\/pl\/aplikacja\/","og_locale":"pl_PL","og_type":"article","og_title":"Casinobossy App | Oficjalna aplikacja na Androida i iOS","og_description":"Z Casino Bossy App zyskujesz natychmiastowy dost\u0119p do pe\u0142nej biblioteki gier, w tym jackpot\u00f3w, slot\u00f3w i sto\u0142\u00f3w z krupierem na \u017cywo. Gwarantujemy zaufane metody p\u0142atno\u015bci i szybk\u0105 obs\u0142ug\u0119 klienta na ka\u017cdym urz\u0105dzeniu.","og_url":"https:\/\/casino-bossy.com\/pl\/aplikacja\/","og_site_name":"casino-bossy","article_modified_time":"2026-02-02T15:19:57+00:00","twitter_card":"summary_large_image","twitter_misc":{"Est. reading time":"1 minuta"},"schema":{"@context":"https:\/\/schema.org","@graph":[{"@type":"WebPage","@id":"https:\/\/casino-bossy.com\/pl\/aplikacja\/","url":"https:\/\/casino-bossy.com\/pl\/aplikacja\/","name":"Casinobossy App | Oficjalna aplikacja na Androida i iOS","isPartOf":{"@id":"https:\/\/casino-bossy.com\/pl\/#website"},"datePublished":"2026-02-02T11:21:48+00:00","dateModified":"2026-02-02T15:19:57+00:00","description":"Z Casino Bossy App zyskujesz natychmiastowy dost\u0119p do pe\u0142nej biblioteki gier, w tym jackpot\u00f3w, slot\u00f3w i sto\u0142\u00f3w z krupierem na \u017cywo. Gwarantujemy zaufane metody p\u0142atno\u015bci i szybk\u0105 obs\u0142ug\u0119 klienta na ka\u017cdym urz\u0105dzeniu.","breadcrumb":{"@id":"https:\/\/casino-bossy.com\/pl\/aplikacja\/#breadcrumb"},"inLanguage":"pl-PL","potentialAction":[{"@type":"ReadAction","target":["https:\/\/casino-bossy.com\/pl\/aplikacja\/"]}]},{"@type":"BreadcrumbList","@id":"https:\/\/casino-bossy.com\/pl\/aplikacja\/#breadcrumb","itemListElement":[{"@type":"ListItem","position":1,"name":"Casinobossy","item":"https:\/\/casino-bossy.com\/pl\/"},{"@type":"ListItem","position":2,"name":"Aplikacja"}]},{"@type":"WebSite","@id":"https:\/\/casino-bossy.com\/pl\/#website","url":"https:\/\/casino-bossy.com\/pl\/","name":"Casinobossy","description":"","publisher":{"@id":"https:\/\/casino-bossy.com\/pl\/#organization"},"potentialAction":[{"@type":"SearchAction","target":{"@type":"EntryPoint","urlTemplate":"https:\/\/casino-bossy.com\/pl\/?s={search_term_string}"},"query-input":{"@type":"PropertyValueSpecification","valueRequired":true,"valueName":"search_term_string"}}],"inLanguage":"pl-PL"},{"@type":"Organization","@id":"https:\/\/casino-bossy.com\/pl\/#organization","name":"Casinobossy","url":"https:\/\/casino-bossy.com\/pl\/","logo":{"@type":"ImageObject","inLanguage":"pl-PL","@id":"https:\/\/casino-bossy.com\/pl\/#\/schema\/logo\/image\/","url":"https:\/\/casino-bossy.com\/wp-content\/uploads\/2026\/02\/Casinobossy-logo.png","contentUrl":"https:\/\/casino-bossy.com\/wp-content\/uploads\/2026\/02\/Casinobossy-logo.png","width":94,"height":20,"caption":"Casinobossy"},"image":{"@id":"https:\/\/casino-bossy.com\/pl\/#\/schema\/logo\/image\/"}}]}},"_links":{"self":[{"href":"https:\/\/casino-bossy.com\/pl\/wp-json\/wp\/v2\/pages\/1422"}],"collection":[{"href":"https:\/\/casino-bossy.com\/pl\/wp-json\/wp\/v2\/pages"}],"about":[{"href":"https:\/\/casino-bossy.com\/pl\/wp-json\/wp\/v2\/types\/page"}],"author":[{"embeddable":true,"href":"https:\/\/casino-bossy.com\/pl\/wp-json\/wp\/v2\/users\/9"}],"replies":[{"embeddable":true,"href":"https:\/\/casino-bossy.com\/pl\/wp-json\/wp\/v2\/comments?post=1422"}],"version-history":[{"count":2,"href":"https:\/\/casino-bossy.com\/pl\/wp-json\/wp\/v2\/pages\/1422\/revisions"}],"predecessor-version":[{"id":1750,"href":"https:\/\/casino-bossy.com\/pl\/wp-json\/wp\/v2\/pages\/1422\/revisions\/1750"}],"wp:attachment":[{"href":"https:\/\/casino-bossy.com\/pl\/wp-json\/wp\/v2\/media?parent=1422"}],"curies":[{"name":"wp","href":"https:\/\/api.w.org\/{rel}","templated":true}]}}