{"id":1460,"date":"2026-02-02T11:26:02","date_gmt":"2026-02-02T11:26:02","guid":{"rendered":"https:\/\/casino-bossy.com\/login-and-registration\/"},"modified":"2026-02-02T15:03:43","modified_gmt":"2026-02-02T15:03:43","slug":"accesso-e-registrazione","status":"publish","type":"page","link":"https:\/\/casino-bossy.com\/it\/accesso-e-registrazione\/","title":{"rendered":"Accesso e registrazione"},"content":{"rendered":"<h1>Accesso e registrazione a Casinobossy<\/h1>\n<p>Il portale che d\u00e0 accesso a una vasta gamma di opzioni di gioco online sicure sulla nostra piattaforma \u00e8 il Casinobossy login. La nostra versione mobile del casin\u00f2 offre un accesso rapido a qualsiasi tipo di gioco presente nel nostro vasto catalogo. Aiutiamo i giocatori italiani a divertirsi in un ambiente sicuro e intuitivo. Casinobossy Casino attribuisce grande importanza alla privacy e alla sicurezza di tutti i suoi membri e fornisce eccellenti misure di sicurezza.<\/p>\n<p><div class=\"banner-wrap\" aria-label=\"Banner\"><img src=\"https:\/\/casino-bossy.com\/wp-content\/uploads\/2026\/02\/Casinobossy-banner-carousel-800\u0445400.webp\" class=\"w-100 d-none d-lg-block img-pc main-banner-img\" alt=\"Casinobossy banner desktop\" fetchpriority=\"high\" decoding=\"async\"><img src=\"https:\/\/casino-bossy.com\/wp-content\/uploads\/2026\/02\/Mobile-banner.webp\" class=\"w-100 d-none d-md-block d-lg-none main-banner-img\" alt=\"Casino bossy Mobile banner\" fetchpriority=\"high\" decoding=\"async\"><img src=\"https:\/\/casino-bossy.com\/wp-content\/uploads\/2026\/02\/Mobile-banner.webp\" class=\"w-100 d-md-none\" alt=\"Casino bossy Mobile banner\" fetchpriority=\"high\" decoding=\"async\"><div class=\"banner-description\">\n<div class=\"banner-title\">Bonus di benvenuto<\/div>\n<p class=\"banner-header-title\">1500 \u20ac<\/p>\n<div class=\"banner-header-AdditionalText\">+ 250 Giri gratuiti<\/div>\n<button data-item=\"homepage_banner_link\" class=\"goto m-button m-gradient-border m-button--primary m-button--large banner-button btn-orange\">\n            <div class=\"m-button-content\">\n                <span>Iscriviti ora<\/span>\n                <span><\/span>\n            <\/div>\n        <\/button>\n<\/div>\n<div class=\"WelcomePack\">\n<p><img loading=\"lazy\" decoding=\"async\" class=\"alignnone size-full wp-image-1335\" src=\"https:\/\/casino-bossy.com\/wp-content\/uploads\/2026\/02\/welcome-crown.png\" alt=\"welcome crown\" width=\"25\" height=\"26\" \/><\/p>\n<div class=\"WelcomePack-Info\">Cashback settimanale fino al 25%<\/div>\n<p><img loading=\"lazy\" decoding=\"async\" class=\"alignnone size-full wp-image-1335\" src=\"https:\/\/casino-bossy.com\/wp-content\/uploads\/2026\/02\/welcome-crown.png\" alt=\"welcome crown\" width=\"25\" height=\"26\" \/><\/p>\n<\/div>\n<\/div><div class=\"scrollable-content-wrap my-5\"><div class=\"scrollable-content-inner\"><h2>Come registrare un account<\/h2>\n<p>Diventare membro di Casinobossy significa avere accesso a un&#8217;esperienza di gioco completa, con l&#8217;aiuto di bonus esclusivi, promozioni e una vasta libreria di giochi. Il processo del tuo primo login su Casinobossy ti aprir\u00e0 molte porte: tutti i giocatori possono godere del diritto di depositare denaro, partecipare a tornei e gestire comodamente i propri profili . Anche tutta la cronologia dell&#8217;account, le transazioni e l&#8217;attivit\u00e0 di gioco sono visibili e possono essere controllate quotidianamente.<\/p>\n<p>La registrazione su Casinobossy richiede la comunicazione dei tuoi dati personali. Ne abbiamo bisogno perch\u00e9 siamo tenuti a verificare la conformit\u00e0 ai requisiti legali e per consentire il processo di verifica. La registrazione \u00e8 semplice e d\u00e0 accesso immediato a tutte le funzionalit\u00e0 del casin\u00f2.<\/p>\n<h3>Impostazioni di sicurezza dell&#8217;account Casinobossy Casino<\/h3>\n<p>Casinobossy \u0421asino \u00e8 ogni giorno sempre pi\u00f9 attento alla sicurezza. Gli attacchi hacker ci spingono a migliorare le nostre tattiche; con l&#8217;invasione dei bot nel cyberspazio, siamo sempre in guardia. Per garantire la sicurezza dei dati degli utenti, utilizziamo moderni protocolli di crittografia e livelli di sicurezza multipli. I giocatori possono rendere i loro account pi\u00f9 discreti attivando la 2FA (autenticazione a due fattori). Questa funzione ha lo scopo di fornire ai giocatori un ulteriore vantaggio in termini di sicurezza durante l&#8217;accesso a Casinobossy.<\/p>\n<p>Inoltre, ti consigliamo di utilizzare password complesse e uniche e di cambiarle frequentemente. Il sistema di sicurezza della nostra piattaforma monitora costantemente le azioni degli account per aiutare i giocatori a identificare in anticipo qualsiasi attivit\u00e0 sospetta. Mantenere aggiornati i dati personali \u00e8 anche un modo per rendere il processo di verifica pi\u00f9 semplice. Inoltre, facilita il processo di prelievo.<\/p>\n<h3>Configurazione del profilo Casino Bossy<\/h3>\n<p>Per creare il tuo profilo Casinobossy, procedi come segue:<\/p>\n<ol>\n<li>Nella pagina Casino Bossy Casino, seleziona il pulsante viola &#8220;Registrati&#8221;.<\/li>\n<li>Devi inserire il tuo indirizzo e-mail valido e creare una password sicura.<\/li>\n<li>Inserisci il codice promozionale, se ne possiedi uno.<\/li>\n<li>Spunta la casella per ricevere le offerte dal nostro Casino Bossy Casino.<\/li>\n<li>Spunta la casella che attesta che sei maggiorenne.<\/li>\n<li>Leggi i termini e le condizioni.<\/li>\n<li>Invia il modulo di registrazione.<\/li>\n<li>Clicca sul link di verifica che ti verr\u00e0 inviato nella tua casella di posta elettronica.<\/li>\n<li>Successivamente, nella dashboard, dopo aver effettuato l&#8217;accesso a Casinobossy, potrai completare il tuo profilo aggiungendo ulteriori dettagli, tra cui le tue coordinate bancarie, il tuo numero di telefono, ecc.<\/li>\n<\/ol>\n<p>Il nostro sistema di registrazione \u00e8 conforme al gioco responsabile e gli utenti devono essere maggiorenni. Ci\u00f2 contribuisce alla creazione di un ambiente di gioco sicuro. Se lo desiderano, i giocatori possono abilitare le funzionalit\u00e0 di gioco responsabile di nelle impostazioni del proprio profilo, dove possono controllare il tempo e i limiti di gioco.<\/p>\n<h2>Accedi e controlla il tuo profilo Casinobossy<\/h2>\n<p>Creare un account su Casinobossy Casino \u00e8 una procedura facile ma sicura. Segui questi passaggi:<\/p>\n<ol>\n<li>Trova la sezione di accesso a Casinobossy (vicino al pulsante di registrazione) e cliccaci sopra.<\/li>\n<li>Inserisci il tuo indirizzo e-mail e la password.<\/li>\n<li>Invia, oppure puoi effettuare il login a Casinobossy con Google.<\/li>\n<\/ol>\n<p>Dopo la registrazione, i giocatori possono depositare e prelevare denaro, controllare la cronologia delle transazioni, richiedere bonus e gestire i propri profili. Il sito \u00e8 intuitivo e personalizzato e i dettagli finanziari possono essere facilmente controllati.<\/p>\n<p>L&#8217;esperienza complessiva \u00e8 anche comoda ed efficiente, poich\u00e9 i giocatori possono anche attivare la chat dal vivo e scrivere al team di assistenza direttamente dalla dashboard del proprio account, il che consente loro di ricevere assistenza immediata. Consigliamo vivamente di abilitare l&#8217;autenticazione a due fattori (2FA) per proteggere gli account con una funzione di protezione aggiuntiva, in modo da garantire che non vi sia accesso da parte di utenti non autorizzati che non appartengono a Casinobossy Casino.<\/p>\n<h3>Hai dimenticato i tuoi dati di accesso?<\/h3>\n<p>A volte pu\u00f2 capitare di dimenticare i dettagli di accesso a Casinobossy, il che \u00e8 del tutto normale. I giocatori possono utilizzare il pulsante &#8220;Password dimenticata&#8221; nella pagina di accesso a Casinoboddy nel caso in cui abbiano dimenticato i propri dettagli di accesso. Basta inserire il proprio indirizzo e-mail per ricevere un link per reimpostare la password nella propria casella di posta. Quindi basta cliccare sul link di Casino Bossy e recuperare il proprio account. Per garantire la sicurezza, il processo potrebbe richiedere un&#8217;ulteriore verifica per accertare l&#8217;identit\u00e0, dopodich\u00e9 sar\u00e0 possibile accedere. Il nostro team di assistenza multilingue valuter\u00e0 tutti i rischi e ti aiuter\u00e0.<\/p>\n<h2>Cosa devi fare per la verifica<\/h2>\n<p>Il processo di verifica del Casinobossy Casino contribuisce a stabilire l&#8217;identit\u00e0 dei nostri giocatori e a garantire il rispetto degli standard normativi. Ci\u00f2 comporta solitamente la rapida fornitura dei seguenti documenti:<\/p>\n<ul>\n<li>Documento di identit\u00e0 originale o autentico con fotografia (passaporto, patente di guida, carta d&#8217;identit\u00e0 nazionale).<\/li>\n<li>Prova di residenza (bolletta o estratto conto bancario)<\/li>\n<li>Verifica del metodo di pagamento (ove necessario)<\/li>\n<\/ul>\n<p>Si prega di notare che, in alcuni casi, potremmo richiedere ulteriori informazioni e documenti e verificare l&#8217;attivit\u00e0 dell&#8217;utente sul sito Casino Bossy. Questo processo di verifica richiede normalmente in media 24-48 ore. La presentazione tempestiva dei documenti richiesti accelera il processo e consente di effettuare i pagamenti durante il prelievo.<\/p>\n<h2>Domande frequenti<\/h2>\n<h3>Posso modificare il mio indirizzo e-mail o numero di telefono registrati?<\/h3>\n<p>Gli utenti di Casinobossy Casino possono modificare le loro informazioni di contatto tramite le impostazioni del profilo. Tali modifiche potrebbero richiedere una nuova verifica per garantire l&#8217;integrit\u00e0 della sicurezza. Assicurati che dopo la modifica il numero di telefono sia valido.<\/p>\n<h3>La verifica \u00e8 necessaria?<\/h3>\n<p>Per avere accesso a tutto ci\u00f2 che offre Casinobossy, s\u00ec, \u00e8 necessaria. Ma non preoccuparti, si tratta di un processo veloce che richiede pochissima documentazione. Il processo \u00e8 pi\u00f9 lungo se le informazioni (o i documenti forniti) non sono coerenti. I tempi di elaborazione possono anche variare a causa dei giorni festivi e del numero di richieste di verifica.<\/p>\n<\/div><\/div><\/p>\n","protected":false},"excerpt":{"rendered":"<p>Accesso e registrazione a Casinobossy Il portale che d\u00e0 accesso a una vasta gamma di opzioni di gioco online sicure sulla nostra piattaforma \u00e8 il Casinobossy login. La nostra versione mobile del casin\u00f2 offre un accesso rapido a qualsiasi tipo di gioco presente nel nostro vasto catalogo. Aiutiamo i giocatori italiani a divertirsi in un [&hellip;]<\/p>\n","protected":false},"author":9,"featured_media":0,"parent":0,"menu_order":0,"comment_status":"closed","ping_status":"closed","template":"template-builder.php","meta":{"_acf_changed":false,"inline_featured_image":false,"footnotes":""},"class_list":["post-1460","page","type-page","status-publish","hentry"],"acf":[],"yoast_head":"<!-- This site is optimized with the Yoast SEO plugin v24.4 - https:\/\/yoast.com\/wordpress\/plugins\/seo\/ -->\n<title>Casinobossy Login \u2013 registrazione rapida e account sicuro<\/title>\n<meta name=\"description\" content=\"Casino Bossy login mantiene tutto organizzato, dalla gestione del profilo al monitoraggio delle transazioni e alla cronologia delle partite. Prova la nostra registrazione rapida e l&#039;assistenza affidabile 24 ore su 24.\" \/>\n<meta name=\"robots\" content=\"index, follow, max-snippet:-1, max-image-preview:large, max-video-preview:-1\" \/>\n<link rel=\"canonical\" href=\"https:\/\/casino-bossy.com\/it\/accesso-e-registrazione\/\" \/>\n<meta property=\"og:locale\" content=\"it_IT\" \/>\n<meta property=\"og:type\" content=\"article\" \/>\n<meta property=\"og:title\" content=\"Casinobossy Login \u2013 registrazione rapida e account sicuro\" \/>\n<meta property=\"og:description\" content=\"Casino Bossy login mantiene tutto organizzato, dalla gestione del profilo al monitoraggio delle transazioni e alla cronologia delle partite. Prova la nostra registrazione rapida e l&#039;assistenza affidabile 24 ore su 24.\" \/>\n<meta property=\"og:url\" content=\"https:\/\/casino-bossy.com\/it\/accesso-e-registrazione\/\" \/>\n<meta property=\"og:site_name\" content=\"casino-bossy\" \/>\n<meta property=\"article:modified_time\" content=\"2026-02-02T15:03:43+00:00\" \/>\n<meta name=\"twitter:card\" content=\"summary_large_image\" \/>\n<meta name=\"twitter:label1\" content=\"Est. reading time\" \/>\n\t<meta name=\"twitter:data1\" content=\"1 minuto\" \/>\n<script type=\"application\/ld+json\" class=\"yoast-schema-graph\">{\"@context\":\"https:\/\/schema.org\",\"@graph\":[{\"@type\":\"WebPage\",\"@id\":\"https:\/\/casino-bossy.com\/it\/accesso-e-registrazione\/\",\"url\":\"https:\/\/casino-bossy.com\/it\/accesso-e-registrazione\/\",\"name\":\"Casinobossy Login \u2013 registrazione rapida e account sicuro\",\"isPartOf\":{\"@id\":\"https:\/\/casino-bossy.com\/it\/#website\"},\"datePublished\":\"2026-02-02T11:26:02+00:00\",\"dateModified\":\"2026-02-02T15:03:43+00:00\",\"description\":\"Casino Bossy login mantiene tutto organizzato, dalla gestione del profilo al monitoraggio delle transazioni e alla cronologia delle partite. Prova la nostra registrazione rapida e l'assistenza affidabile 24 ore su 24.\",\"breadcrumb\":{\"@id\":\"https:\/\/casino-bossy.com\/it\/accesso-e-registrazione\/#breadcrumb\"},\"inLanguage\":\"it-IT\",\"potentialAction\":[{\"@type\":\"ReadAction\",\"target\":[\"https:\/\/casino-bossy.com\/it\/accesso-e-registrazione\/\"]}]},{\"@type\":\"BreadcrumbList\",\"@id\":\"https:\/\/casino-bossy.com\/it\/accesso-e-registrazione\/#breadcrumb\",\"itemListElement\":[{\"@type\":\"ListItem\",\"position\":1,\"name\":\"Casinobossy\",\"item\":\"https:\/\/casino-bossy.com\/it\/\"},{\"@type\":\"ListItem\",\"position\":2,\"name\":\"Accesso e registrazione\"}]},{\"@type\":\"WebSite\",\"@id\":\"https:\/\/casino-bossy.com\/it\/#website\",\"url\":\"https:\/\/casino-bossy.com\/it\/\",\"name\":\"Casinobossy\",\"description\":\"\",\"publisher\":{\"@id\":\"https:\/\/casino-bossy.com\/it\/#organization\"},\"potentialAction\":[{\"@type\":\"SearchAction\",\"target\":{\"@type\":\"EntryPoint\",\"urlTemplate\":\"https:\/\/casino-bossy.com\/it\/?s={search_term_string}\"},\"query-input\":{\"@type\":\"PropertyValueSpecification\",\"valueRequired\":true,\"valueName\":\"search_term_string\"}}],\"inLanguage\":\"it-IT\"},{\"@type\":\"Organization\",\"@id\":\"https:\/\/casino-bossy.com\/it\/#organization\",\"name\":\"Casinobossy\",\"url\":\"https:\/\/casino-bossy.com\/it\/\",\"logo\":{\"@type\":\"ImageObject\",\"inLanguage\":\"it-IT\",\"@id\":\"https:\/\/casino-bossy.com\/it\/#\/schema\/logo\/image\/\",\"url\":\"https:\/\/casino-bossy.com\/wp-content\/uploads\/2026\/02\/Casinobossy-logo.png\",\"contentUrl\":\"https:\/\/casino-bossy.com\/wp-content\/uploads\/2026\/02\/Casinobossy-logo.png\",\"width\":94,\"height\":20,\"caption\":\"Casinobossy\"},\"image\":{\"@id\":\"https:\/\/casino-bossy.com\/it\/#\/schema\/logo\/image\/\"}}]}<\/script>\n<!-- \/ Yoast SEO plugin. -->","yoast_head_json":{"title":"Casinobossy Login \u2013 registrazione rapida e account sicuro","description":"Casino Bossy login mantiene tutto organizzato, dalla gestione del profilo al monitoraggio delle transazioni e alla cronologia delle partite. Prova la nostra registrazione rapida e l'assistenza affidabile 24 ore su 24.","robots":{"index":"index","follow":"follow","max-snippet":"max-snippet:-1","max-image-preview":"max-image-preview:large","max-video-preview":"max-video-preview:-1"},"canonical":"https:\/\/casino-bossy.com\/it\/accesso-e-registrazione\/","og_locale":"it_IT","og_type":"article","og_title":"Casinobossy Login \u2013 registrazione rapida e account sicuro","og_description":"Casino Bossy login mantiene tutto organizzato, dalla gestione del profilo al monitoraggio delle transazioni e alla cronologia delle partite. Prova la nostra registrazione rapida e l'assistenza affidabile 24 ore su 24.","og_url":"https:\/\/casino-bossy.com\/it\/accesso-e-registrazione\/","og_site_name":"casino-bossy","article_modified_time":"2026-02-02T15:03:43+00:00","twitter_card":"summary_large_image","twitter_misc":{"Est. reading time":"1 minuto"},"schema":{"@context":"https:\/\/schema.org","@graph":[{"@type":"WebPage","@id":"https:\/\/casino-bossy.com\/it\/accesso-e-registrazione\/","url":"https:\/\/casino-bossy.com\/it\/accesso-e-registrazione\/","name":"Casinobossy Login \u2013 registrazione rapida e account sicuro","isPartOf":{"@id":"https:\/\/casino-bossy.com\/it\/#website"},"datePublished":"2026-02-02T11:26:02+00:00","dateModified":"2026-02-02T15:03:43+00:00","description":"Casino Bossy login mantiene tutto organizzato, dalla gestione del profilo al monitoraggio delle transazioni e alla cronologia delle partite. Prova la nostra registrazione rapida e l'assistenza affidabile 24 ore su 24.","breadcrumb":{"@id":"https:\/\/casino-bossy.com\/it\/accesso-e-registrazione\/#breadcrumb"},"inLanguage":"it-IT","potentialAction":[{"@type":"ReadAction","target":["https:\/\/casino-bossy.com\/it\/accesso-e-registrazione\/"]}]},{"@type":"BreadcrumbList","@id":"https:\/\/casino-bossy.com\/it\/accesso-e-registrazione\/#breadcrumb","itemListElement":[{"@type":"ListItem","position":1,"name":"Casinobossy","item":"https:\/\/casino-bossy.com\/it\/"},{"@type":"ListItem","position":2,"name":"Accesso e registrazione"}]},{"@type":"WebSite","@id":"https:\/\/casino-bossy.com\/it\/#website","url":"https:\/\/casino-bossy.com\/it\/","name":"Casinobossy","description":"","publisher":{"@id":"https:\/\/casino-bossy.com\/it\/#organization"},"potentialAction":[{"@type":"SearchAction","target":{"@type":"EntryPoint","urlTemplate":"https:\/\/casino-bossy.com\/it\/?s={search_term_string}"},"query-input":{"@type":"PropertyValueSpecification","valueRequired":true,"valueName":"search_term_string"}}],"inLanguage":"it-IT"},{"@type":"Organization","@id":"https:\/\/casino-bossy.com\/it\/#organization","name":"Casinobossy","url":"https:\/\/casino-bossy.com\/it\/","logo":{"@type":"ImageObject","inLanguage":"it-IT","@id":"https:\/\/casino-bossy.com\/it\/#\/schema\/logo\/image\/","url":"https:\/\/casino-bossy.com\/wp-content\/uploads\/2026\/02\/Casinobossy-logo.png","contentUrl":"https:\/\/casino-bossy.com\/wp-content\/uploads\/2026\/02\/Casinobossy-logo.png","width":94,"height":20,"caption":"Casinobossy"},"image":{"@id":"https:\/\/casino-bossy.com\/it\/#\/schema\/logo\/image\/"}}]}},"_links":{"self":[{"href":"https:\/\/casino-bossy.com\/it\/wp-json\/wp\/v2\/pages\/1460"}],"collection":[{"href":"https:\/\/casino-bossy.com\/it\/wp-json\/wp\/v2\/pages"}],"about":[{"href":"https:\/\/casino-bossy.com\/it\/wp-json\/wp\/v2\/types\/page"}],"author":[{"embeddable":true,"href":"https:\/\/casino-bossy.com\/it\/wp-json\/wp\/v2\/users\/9"}],"replies":[{"embeddable":true,"href":"https:\/\/casino-bossy.com\/it\/wp-json\/wp\/v2\/comments?post=1460"}],"version-history":[{"count":2,"href":"https:\/\/casino-bossy.com\/it\/wp-json\/wp\/v2\/pages\/1460\/revisions"}],"predecessor-version":[{"id":1697,"href":"https:\/\/casino-bossy.com\/it\/wp-json\/wp\/v2\/pages\/1460\/revisions\/1697"}],"wp:attachment":[{"href":"https:\/\/casino-bossy.com\/it\/wp-json\/wp\/v2\/media?parent=1460"}],"curies":[{"name":"wp","href":"https:\/\/api.w.org\/{rel}","templated":true}]}}