{"id":1420,"date":"2026-02-02T11:21:48","date_gmt":"2026-02-02T11:21:48","guid":{"rendered":"https:\/\/casino-bossy.com\/app\/"},"modified":"2026-02-02T15:00:14","modified_gmt":"2026-02-02T15:00:14","slug":"applicazione","status":"publish","type":"page","link":"https:\/\/casino-bossy.com\/it\/applicazione\/","title":{"rendered":"Applicazione"},"content":{"rendered":"<h1>App Casinobossy per Android e iPhone<\/h1>\n<p>Il nostro casin\u00f2 ha creato un modo sicuro e moderno per giocare in movimento: la nostra Casinobossy app. Si tratta di un&#8217;app compatibile con Android e iPhone che porta sul tuo cellulare l&#8217;intero catalogo che abbiamo a disposizione con tutti i libri, le slot, le vincite immediate e i giochi di carte. La nostra piattaforma \u00e8 basata sulle prestazioni e molto sicura per i giocatori italiani. Ti permette di giocare ai tuoi giochi preferiti in qualsiasi momento e mantiene il tuo PC al sicuro quando sei lontano.<\/p>\n<p>L&#8217;app Casino Bossy garantisce che il gioco d&#8217;azzardo mobile sia pi\u00f9 comodo, pi\u00f9 sicuro e pi\u00f9 coinvolgente.<\/p>\n<p><div class=\"banner-wrap\" aria-label=\"Banner\"><img src=\"https:\/\/casino-bossy.com\/wp-content\/uploads\/2026\/02\/Casinobossy-banner-carousel-800\u0445400.webp\" class=\"w-100 d-none d-lg-block img-pc main-banner-img\" alt=\"Casinobossy banner desktop\" fetchpriority=\"high\" decoding=\"async\"><img src=\"https:\/\/casino-bossy.com\/wp-content\/uploads\/2026\/02\/Mobile-banner.webp\" class=\"w-100 d-none d-md-block d-lg-none main-banner-img\" alt=\"Casino bossy Mobile banner\" fetchpriority=\"high\" decoding=\"async\"><img src=\"https:\/\/casino-bossy.com\/wp-content\/uploads\/2026\/02\/Mobile-banner.webp\" class=\"w-100 d-md-none\" alt=\"Casino bossy Mobile banner\" fetchpriority=\"high\" decoding=\"async\"><div class=\"banner-description\">\n<div class=\"banner-title\">Bonus di benvenuto<\/div>\n<p class=\"banner-header-title\">1500 \u20ac<\/p>\n<div class=\"banner-header-AdditionalText\">+ 250 Giri gratuiti<\/div>\n<button data-item=\"homepage_banner_link\" class=\"goto m-button m-gradient-border m-button--primary m-button--large banner-button btn-orange\">\n            <div class=\"m-button-content\">\n                <span>Iscriviti ora<\/span>\n                <span><\/span>\n            <\/div>\n        <\/button>\n<\/div>\n<div class=\"WelcomePack\">\n<p><img loading=\"lazy\" decoding=\"async\" class=\"alignnone size-full wp-image-1335\" src=\"https:\/\/casino-bossy.com\/wp-content\/uploads\/2026\/02\/welcome-crown.png\" alt=\"welcome crown\" width=\"25\" height=\"26\" \/><\/p>\n<div class=\"WelcomePack-Info\">Cashback settimanale fino al 25%<\/div>\n<p><img loading=\"lazy\" decoding=\"async\" class=\"alignnone size-full wp-image-1335\" src=\"https:\/\/casino-bossy.com\/wp-content\/uploads\/2026\/02\/welcome-crown.png\" alt=\"welcome crown\" width=\"25\" height=\"26\" \/><\/p>\n<\/div>\n<\/div><div class=\"scrollable-content-wrap my-5\"><div class=\"scrollable-content-inner\"><h2>Gioca su iPhone e iPad<\/h2>\n<p>Casinobossy Casino offre un&#8217;esperienza di gioco eccezionale indipendentemente dal dispositivo che utilizzi. Casinobossy Casino supporta gli utenti iOS offrendo un&#8217;applicazione unica, che ottimizza i dispositivi iPhone e iPad. Il casin\u00f2 mobile offre un supporto completo per tutti gli attuali dispositivi Apple, fornendo un&#8217;esperienza di gioco eccellente e fluida. L&#8217;interfaccia dell&#8217;app Casinobossy \u00e8 stata resa reattiva e facile da navigare, in modo che i giocatori possano accedere facilmente ai loro giochi da casin\u00f2 preferiti e superare il processo di verifica senza alcun problema.<\/p>\n<h3>Come scaricare l&#8217;app su iOS<\/h3>\n<p>L&#8217;applicazione Casinobossy pu\u00f2 essere scaricata su iPhone e iPad in modo facile e veloce. L&#8217;applicazione \u00e8 disponibile direttamente su Casinobossy Casino, che \u00e8 sicuro e autentico. Segui questi semplici passaggi chiari per tutti:<\/p>\n<ol>\n<li>Apri la pagina principale del sito Casinobossy tramite Safari sul tuo iPhone o iPad.<\/li>\n<li>Clicca sul pulsante con la freccia rivolta verso il basso, visibile sulla home page.<\/li>\n<li>Seleziona &#8220;Aggiungi alla schermata Home&#8221; per creare un collegamento quando richiesto.<\/li>\n<li>Una volta confermato, ora sar\u00e0 presente l&#8217;icona dell&#8217;app Casinobossy sulla schermata iniziale del tuo dispositivo.<\/li>\n<\/ol>\n<p>Questo approccio \u00e8 conforme alle politiche di Apple sulle applicazioni di gioco d&#8217;azzardo online. Con Casino Bossy, puoi sempre contare su un processo di installazione sicuro e facile che non richiede l&#8217;uso di app store di terze parti o altri download.<\/p>\n<p><img loading=\"lazy\" decoding=\"async\" src=\"https:\/\/casino-bossy.com\/wp-content\/uploads\/2026\/02\/iOS-app.webp\" alt=\"iOS app\" width=\"1248\" height=\"536\" \/><\/p>\n<\/div><\/div><div style=\"clear: both\"><\/div><div class=\"d-flex justify-content-center\"><button data-item=\"decouvrez_link\" data-group=\"website_links\" class=\"goto fw-bold rounded-pill btn btn-orange\" aria-label=\"Scarica l&#039;app Casino-bossy\" >Scarica l&#039;app Casino-bossy<\/button><\/div><div class=\"scrollable-content-wrap my-5\"><div class=\"scrollable-content-inner\"><h2>Casino Bossy su computer Mac e Windows<\/h2>\n<p>Casinobossy Casino pu\u00f2 essere giocato anche tramite una versione desktop. \u00c8 compatibile con Mac e Windows. E sicuramente sappiamo che non a tutti piace giocare sugli smartphone; alcuni giocatori lo troverebbero pi\u00f9 comodo su uno schermo pi\u00f9 grande.<\/p>\n<p>Puoi aprire il nostro sito web Casino Bossy con uno qualsiasi dei principali browser: Chrome, Firefox, Safari ed Edge. \u00c8 disponibile una modalit\u00e0 a schermo intero. Puoi goderti un&#8217;esperienza immersiva. I giochi dell&#8217;app mobile, la gestione dell&#8217;account e l&#8217;assistenza sono facilmente navigabili.<\/p>\n<p>Casinobossy supporta anche i collegamenti sul desktop. Gli utenti di Casinobossy possono accedere direttamente al sito dal proprio desktop. Siamo quindi lieti di annunciare che i giocatori possono godere della stessa esperienza di gioco su qualsiasi dispositivo senza perdere alcuna funzionalit\u00e0 o prestazione.<\/p>\n<p><img loading=\"lazy\" decoding=\"async\" src=\"https:\/\/casino-bossy.com\/wp-content\/uploads\/2026\/02\/Desktop.webp\" alt=\"Desktop\" width=\"1248\" height=\"536\" \/><\/p>\n<\/div><\/div><div style=\"clear: both\"><\/div><div class=\"d-flex justify-content-center\"><button data-item=\"decouvrez_link\" data-group=\"website_links\" class=\"goto fw-bold rounded-pill btn btn-orange\" aria-label=\"Scarica Casino-bossy\" >Scarica Casino-bossy<\/button><\/div><\/p>\n<h2>Risoluzione dei problemi dell&#8217;app<\/h2>\n<p>Casinobossy dispone di un team di assistenza efficiente e multilingue. Siamo facilmente raggiungibili in caso di attacchi tecnici. I normali metodi di risoluzione dei problemi aiutano ad assicurarsi che l&#8217;applicazione sia correttamente aggiornata all&#8217;ultima versione. Puoi anche verificare che tutto funzioni correttamente, che la tua connessione Internet sia stabile e che il dispositivo sia compatibile. In caso di crash dell&#8217;app o di impossibilit\u00e0 di aprirla, i problemi possono essere risolti semplicemente inviandoci un messaggio. Ma prima, prova a riavviare il tuo dispositivo un paio di volte o a reinstallare la PWA se qualcosa \u00e8 lento, e poi scrivici.<\/p>\n<p>Casinobossy Casino dispone di un efficiente team di assistenza. Siamo addestrati per risolvere tali situazioni. Forniamo sempre servizi in tempo reale tramite chat live, riducendo i tempi di inattivit\u00e0 e garantendo un gioco fluido.<\/p>\n<p><div class=\"scrollable-content-wrap my-5\"><div class=\"scrollable-content-inner\"><h2>App Casinobossy per Android<\/h2>\n<p>L&#8217;app Casinobossy \u00e8 una PWA basata su Android semplice e ad alte prestazioni. Ha tutto ci\u00f2 che serve con una vasta gamma di slot online, giochi da tavolo, libri e giochi da casin\u00f2 dal vivo. L&#8217;app supporta molte versioni di Android, il che significa che \u00e8 compatibile con i dispositivi Android con versione 6.0 e successive.<\/p>\n<h3>Procedura di download passo dopo passo<\/h3>\n<p>Per installare l&#8217;applicazione Casinobossy su Android, \u00e8 necessario procedere come segue:<\/p>\n<ol>\n<li>Aprire un browser web sul proprio telefono Android e andare alla nostra pagina web di Casino Bossy.<\/li>\n<li>Per gli Android, trova il pulsante di download &#8220;Casino App&#8221; e procedi con il download. Gli utenti iPhone devono semplicemente salvare il collegamento a Casino Bossy Casino, e il gioco \u00e8 fatto.<\/li>\n<li>Dopo il download, apri la PWA.<\/li>\n<\/ol>\n<p>Una volta installata, avvia l&#8217;app Casinobossy ed effettua l&#8217;accesso per avere accesso all&#8217;intera libreria di giochi. Questo approccio \u00e8 un sostituto sicuro degli app store e tutte le paure relative a malware o fughe di informazioni saranno completamente eliminate. Non dovrai pi\u00f9 preoccuparti di installare qualcosa di sospetto. Il design leggero dell&#8217;app garantisce un caricamento rapido, una bassa latenza di gioco e animazioni fluide, indipendentemente dalle specifiche del dispositivo.<\/p>\n<p><img loading=\"lazy\" decoding=\"async\" src=\"https:\/\/casino-bossy.com\/wp-content\/uploads\/2026\/02\/Android-app.webp\" alt=\"Android app\" width=\"1248\" height=\"536\" \/><\/p>\n<\/div><\/div><div style=\"clear: both\"><\/div><div class=\"d-flex justify-content-center\"><button data-item=\"decouvrez_link\" data-group=\"website_links\" class=\"goto fw-bold rounded-pill btn btn-orange\" aria-label=\"Scarica l&#039;app Casino-bossy\" >Scarica l&#039;app Casino-bossy<\/button><\/div><div class=\"scrollable-content-wrap my-5\"><div class=\"scrollable-content-inner\"><h2>Vantaggi dell&#8217;utilizzo dell&#8217;applicazione ufficiale Casinobossy<\/h2>\n<p>Ma &#8220;portatile&#8221; \u00e8 ormai sinonimo delle nostre vite. Siamo cos\u00ec di fretta e sempre impegnati che avere la versione PWA dell&#8217;app Casinobossy \u00e8 proprio quello che ci vuole. Per te \u00e8 disponibile un servizio di assistenza tramite chat live, attivo 24 ore su 24, in modo che i giocatori possano ricevere aiuto ogni volta che ne hanno bisogno.<\/p>\n<p>L&#8217;applicazione Casinobossy offre numerosi vantaggi rispetto al gioco su un browser mobile:<\/p>\n<table>\n<tbody>\n<tr>\n<td>Caratteristica<\/td>\n<td>Vantaggio<\/td>\n<\/tr>\n<tr>\n<td>Velocit\u00e0 di caricamento elevata<\/td>\n<td>Riduce i tempi di attesa per un gameplay veloce<\/td>\n<\/tr>\n<tr>\n<td>Elevata reattivit\u00e0<\/td>\n<td>Garantisce un funzionamento fluido su tutti i tipi di dispositivi<\/td>\n<\/tr>\n<tr>\n<td>Crittografia TLS<\/td>\n<td>Protezione delle informazioni personali e finanziarie<\/td>\n<\/tr>\n<tr>\n<td>Notifiche push<\/td>\n<td>Tiene aggiornati i giocatori con le ultime offerte e notizie<\/td>\n<\/tr>\n<\/tbody>\n<\/table>\n<p>Tutte queste caratteristiche contribuiscono a migliorare l&#8217;esperienza di gioco e Casinobossy Casino pu\u00f2 essere una delle opzioni preferite dai giocatori mobili che cercano affidabilit\u00e0 e convenienza.<\/p>\n<h2>Domande frequenti<\/h2>\n<h3>\u00c8 sicuro scaricare l&#8217;app Casinobossy dal sito?<\/h3>\n<p>L&#8217;app Casinobossy pu\u00f2 essere scaricata solo tramite il nostro sito web. Puoi stare tranquillo perch\u00e9 la sicurezza \u00e8 elevata e il processo \u00e8 riservato. L&#8217;applicazione \u00e8 stata creata utilizzando i protocolli di crittografia pi\u00f9 avanzati, che proteggono i dati e le operazioni degli utenti.<\/p>\n<h3>Il mio account e i miei progressi saranno sincronizzati tra dispositivo mobile e desktop?<\/h3>\n<p>La sincronizzazione \u00e8 perfetta su Casino Bossy Casino. Casinobossy opera attraverso un sistema di account centralizzato, che consente di giocare, effettuare depositi e prelievi. Sincronizziamo tutto su tutti i dispositivi che utilizzi. Questo garantisce la stessa esperienza di gioco indipendentemente dal fatto che l&#8217;utente stia giocando sul proprio cellulare o sul computer.<\/p>\n<h3>Cosa devo fare se l&#8217;app si blocca o non si apre?<\/h3>\n<p>La prima cosa da fare \u00e8 assicurarsi che tutti i requisiti minimi di sistema siano soddisfatti. Inoltre, controlla se il tuo dispositivo \u00e8 aggiornato all&#8217;ultima versione. Riavvia il telefono e reinstalla l&#8217;applicazione nel caso in cui ci siano ancora problemi. Per ottenere ulteriore assistenza, basta cliccare sul segno della chat live sulla pagina di Casino Bossy e raccontarci in dettaglio il tuo problema. Ti aiuteremo sicuramente.<\/p>\n<\/div><\/div><\/p>\n","protected":false},"excerpt":{"rendered":"<p>App Casinobossy per Android e iPhone Il nostro casin\u00f2 ha creato un modo sicuro e moderno per giocare in movimento: la nostra Casinobossy app. Si tratta di un&#8217;app compatibile con Android e iPhone che porta sul tuo cellulare l&#8217;intero catalogo che abbiamo a disposizione con tutti i libri, le slot, le vincite immediate e i [&hellip;]<\/p>\n","protected":false},"author":9,"featured_media":0,"parent":0,"menu_order":0,"comment_status":"closed","ping_status":"closed","template":"template-builder.php","meta":{"_acf_changed":false,"inline_featured_image":false,"footnotes":""},"class_list":["post-1420","page","type-page","status-publish","hentry"],"acf":[],"yoast_head":"<!-- This site is optimized with the Yoast SEO plugin v24.4 - https:\/\/yoast.com\/wordpress\/plugins\/seo\/ -->\n<title>Casinobossy App | App ufficiale per Android e iOS<\/title>\n<meta name=\"description\" content=\"Con Casino Bossy App avrai accesso immediato a tutta la tua libreria di giochi, inclusi jackpot, slot e tavoli con croupier dal vivo. Garantiamo metodi di pagamento affidabili e un&#039;assistenza clienti rapida su qualsiasi dispositivo.\" \/>\n<meta name=\"robots\" content=\"index, follow, max-snippet:-1, max-image-preview:large, max-video-preview:-1\" \/>\n<link rel=\"canonical\" href=\"https:\/\/casino-bossy.com\/it\/applicazione\/\" \/>\n<meta property=\"og:locale\" content=\"it_IT\" \/>\n<meta property=\"og:type\" content=\"article\" \/>\n<meta property=\"og:title\" content=\"Casinobossy App | App ufficiale per Android e iOS\" \/>\n<meta property=\"og:description\" content=\"Con Casino Bossy App avrai accesso immediato a tutta la tua libreria di giochi, inclusi jackpot, slot e tavoli con croupier dal vivo. Garantiamo metodi di pagamento affidabili e un&#039;assistenza clienti rapida su qualsiasi dispositivo.\" \/>\n<meta property=\"og:url\" content=\"https:\/\/casino-bossy.com\/it\/applicazione\/\" \/>\n<meta property=\"og:site_name\" content=\"casino-bossy\" \/>\n<meta property=\"article:modified_time\" content=\"2026-02-02T15:00:14+00:00\" \/>\n<meta name=\"twitter:card\" content=\"summary_large_image\" \/>\n<meta name=\"twitter:label1\" content=\"Est. reading time\" \/>\n\t<meta name=\"twitter:data1\" content=\"2 minuti\" \/>\n<script type=\"application\/ld+json\" class=\"yoast-schema-graph\">{\"@context\":\"https:\/\/schema.org\",\"@graph\":[{\"@type\":\"WebPage\",\"@id\":\"https:\/\/casino-bossy.com\/it\/applicazione\/\",\"url\":\"https:\/\/casino-bossy.com\/it\/applicazione\/\",\"name\":\"Casinobossy App | App ufficiale per Android e iOS\",\"isPartOf\":{\"@id\":\"https:\/\/casino-bossy.com\/it\/#website\"},\"datePublished\":\"2026-02-02T11:21:48+00:00\",\"dateModified\":\"2026-02-02T15:00:14+00:00\",\"description\":\"Con Casino Bossy App avrai accesso immediato a tutta la tua libreria di giochi, inclusi jackpot, slot e tavoli con croupier dal vivo. Garantiamo metodi di pagamento affidabili e un'assistenza clienti rapida su qualsiasi dispositivo.\",\"breadcrumb\":{\"@id\":\"https:\/\/casino-bossy.com\/it\/applicazione\/#breadcrumb\"},\"inLanguage\":\"it-IT\",\"potentialAction\":[{\"@type\":\"ReadAction\",\"target\":[\"https:\/\/casino-bossy.com\/it\/applicazione\/\"]}]},{\"@type\":\"BreadcrumbList\",\"@id\":\"https:\/\/casino-bossy.com\/it\/applicazione\/#breadcrumb\",\"itemListElement\":[{\"@type\":\"ListItem\",\"position\":1,\"name\":\"Casinobossy\",\"item\":\"https:\/\/casino-bossy.com\/it\/\"},{\"@type\":\"ListItem\",\"position\":2,\"name\":\"Applicazione\"}]},{\"@type\":\"WebSite\",\"@id\":\"https:\/\/casino-bossy.com\/it\/#website\",\"url\":\"https:\/\/casino-bossy.com\/it\/\",\"name\":\"Casinobossy\",\"description\":\"\",\"publisher\":{\"@id\":\"https:\/\/casino-bossy.com\/it\/#organization\"},\"potentialAction\":[{\"@type\":\"SearchAction\",\"target\":{\"@type\":\"EntryPoint\",\"urlTemplate\":\"https:\/\/casino-bossy.com\/it\/?s={search_term_string}\"},\"query-input\":{\"@type\":\"PropertyValueSpecification\",\"valueRequired\":true,\"valueName\":\"search_term_string\"}}],\"inLanguage\":\"it-IT\"},{\"@type\":\"Organization\",\"@id\":\"https:\/\/casino-bossy.com\/it\/#organization\",\"name\":\"Casinobossy\",\"url\":\"https:\/\/casino-bossy.com\/it\/\",\"logo\":{\"@type\":\"ImageObject\",\"inLanguage\":\"it-IT\",\"@id\":\"https:\/\/casino-bossy.com\/it\/#\/schema\/logo\/image\/\",\"url\":\"https:\/\/casino-bossy.com\/wp-content\/uploads\/2026\/02\/Casinobossy-logo.png\",\"contentUrl\":\"https:\/\/casino-bossy.com\/wp-content\/uploads\/2026\/02\/Casinobossy-logo.png\",\"width\":94,\"height\":20,\"caption\":\"Casinobossy\"},\"image\":{\"@id\":\"https:\/\/casino-bossy.com\/it\/#\/schema\/logo\/image\/\"}}]}<\/script>\n<!-- \/ Yoast SEO plugin. -->","yoast_head_json":{"title":"Casinobossy App | App ufficiale per Android e iOS","description":"Con Casino Bossy App avrai accesso immediato a tutta la tua libreria di giochi, inclusi jackpot, slot e tavoli con croupier dal vivo. Garantiamo metodi di pagamento affidabili e un'assistenza clienti rapida su qualsiasi dispositivo.","robots":{"index":"index","follow":"follow","max-snippet":"max-snippet:-1","max-image-preview":"max-image-preview:large","max-video-preview":"max-video-preview:-1"},"canonical":"https:\/\/casino-bossy.com\/it\/applicazione\/","og_locale":"it_IT","og_type":"article","og_title":"Casinobossy App | App ufficiale per Android e iOS","og_description":"Con Casino Bossy App avrai accesso immediato a tutta la tua libreria di giochi, inclusi jackpot, slot e tavoli con croupier dal vivo. Garantiamo metodi di pagamento affidabili e un'assistenza clienti rapida su qualsiasi dispositivo.","og_url":"https:\/\/casino-bossy.com\/it\/applicazione\/","og_site_name":"casino-bossy","article_modified_time":"2026-02-02T15:00:14+00:00","twitter_card":"summary_large_image","twitter_misc":{"Est. reading time":"2 minuti"},"schema":{"@context":"https:\/\/schema.org","@graph":[{"@type":"WebPage","@id":"https:\/\/casino-bossy.com\/it\/applicazione\/","url":"https:\/\/casino-bossy.com\/it\/applicazione\/","name":"Casinobossy App | App ufficiale per Android e iOS","isPartOf":{"@id":"https:\/\/casino-bossy.com\/it\/#website"},"datePublished":"2026-02-02T11:21:48+00:00","dateModified":"2026-02-02T15:00:14+00:00","description":"Con Casino Bossy App avrai accesso immediato a tutta la tua libreria di giochi, inclusi jackpot, slot e tavoli con croupier dal vivo. Garantiamo metodi di pagamento affidabili e un'assistenza clienti rapida su qualsiasi dispositivo.","breadcrumb":{"@id":"https:\/\/casino-bossy.com\/it\/applicazione\/#breadcrumb"},"inLanguage":"it-IT","potentialAction":[{"@type":"ReadAction","target":["https:\/\/casino-bossy.com\/it\/applicazione\/"]}]},{"@type":"BreadcrumbList","@id":"https:\/\/casino-bossy.com\/it\/applicazione\/#breadcrumb","itemListElement":[{"@type":"ListItem","position":1,"name":"Casinobossy","item":"https:\/\/casino-bossy.com\/it\/"},{"@type":"ListItem","position":2,"name":"Applicazione"}]},{"@type":"WebSite","@id":"https:\/\/casino-bossy.com\/it\/#website","url":"https:\/\/casino-bossy.com\/it\/","name":"Casinobossy","description":"","publisher":{"@id":"https:\/\/casino-bossy.com\/it\/#organization"},"potentialAction":[{"@type":"SearchAction","target":{"@type":"EntryPoint","urlTemplate":"https:\/\/casino-bossy.com\/it\/?s={search_term_string}"},"query-input":{"@type":"PropertyValueSpecification","valueRequired":true,"valueName":"search_term_string"}}],"inLanguage":"it-IT"},{"@type":"Organization","@id":"https:\/\/casino-bossy.com\/it\/#organization","name":"Casinobossy","url":"https:\/\/casino-bossy.com\/it\/","logo":{"@type":"ImageObject","inLanguage":"it-IT","@id":"https:\/\/casino-bossy.com\/it\/#\/schema\/logo\/image\/","url":"https:\/\/casino-bossy.com\/wp-content\/uploads\/2026\/02\/Casinobossy-logo.png","contentUrl":"https:\/\/casino-bossy.com\/wp-content\/uploads\/2026\/02\/Casinobossy-logo.png","width":94,"height":20,"caption":"Casinobossy"},"image":{"@id":"https:\/\/casino-bossy.com\/it\/#\/schema\/logo\/image\/"}}]}},"_links":{"self":[{"href":"https:\/\/casino-bossy.com\/it\/wp-json\/wp\/v2\/pages\/1420"}],"collection":[{"href":"https:\/\/casino-bossy.com\/it\/wp-json\/wp\/v2\/pages"}],"about":[{"href":"https:\/\/casino-bossy.com\/it\/wp-json\/wp\/v2\/types\/page"}],"author":[{"embeddable":true,"href":"https:\/\/casino-bossy.com\/it\/wp-json\/wp\/v2\/users\/9"}],"replies":[{"embeddable":true,"href":"https:\/\/casino-bossy.com\/it\/wp-json\/wp\/v2\/comments?post=1420"}],"version-history":[{"count":2,"href":"https:\/\/casino-bossy.com\/it\/wp-json\/wp\/v2\/pages\/1420\/revisions"}],"predecessor-version":[{"id":1695,"href":"https:\/\/casino-bossy.com\/it\/wp-json\/wp\/v2\/pages\/1420\/revisions\/1695"}],"wp:attachment":[{"href":"https:\/\/casino-bossy.com\/it\/wp-json\/wp\/v2\/media?parent=1420"}],"curies":[{"name":"wp","href":"https:\/\/api.w.org\/{rel}","templated":true}]}}