{"id":1457,"date":"2026-02-02T11:26:02","date_gmt":"2026-02-02T11:26:02","guid":{"rendered":"https:\/\/casino-bossy.com\/login-and-registration\/"},"modified":"2026-02-02T13:40:51","modified_gmt":"2026-02-02T13:40:51","slug":"connexion-et-inscription","status":"publish","type":"page","link":"https:\/\/casino-bossy.com\/fr\/connexion-et-inscription\/","title":{"rendered":"Connexion et inscription"},"content":{"rendered":"<h1>Connexion et inscription \u00e0 Casinobossy<\/h1>\n<p>Casinobossy login est la porte d&rsquo;acc\u00e8s \u00e0 un large \u00e9ventail d&rsquo;options de jeux d&rsquo;argent en ligne s\u00e9curis\u00e9es sur notre plateforme. Notre version mobile du casino offre un acc\u00e8s rapide \u00e0 tous les types de jeux de notre catalogue gigantesque. Nous aidons les joueurs \u00e0 profiter d&rsquo;une atmosph\u00e8re s\u00e9curis\u00e9e et conviviale. Casinobossy Casino accorde une grande importance \u00e0 la confidentialit\u00e9 et \u00e0 la s\u00e9curit\u00e9 de tous ses membres et met en place d&rsquo;excellentes mesures de s\u00e9curit\u00e9.<\/p>\n<p><div class=\"banner-wrap\" aria-label=\"Banner\"><img src=\"https:\/\/casino-bossy.com\/wp-content\/uploads\/2026\/02\/Casinobossy-banner-carousel-800\u0445400.webp\" class=\"w-100 d-none d-lg-block img-pc main-banner-img\" alt=\"Casinobossy banner desktop\" fetchpriority=\"high\" decoding=\"async\"><img src=\"https:\/\/casino-bossy.com\/wp-content\/uploads\/2026\/02\/Mobile-banner.webp\" class=\"w-100 d-none d-md-block d-lg-none main-banner-img\" alt=\"Casino bossy Mobile banner\" fetchpriority=\"high\" decoding=\"async\"><img src=\"https:\/\/casino-bossy.com\/wp-content\/uploads\/2026\/02\/Mobile-banner.webp\" class=\"w-100 d-md-none\" alt=\"Casino bossy Mobile banner\" fetchpriority=\"high\" decoding=\"async\"><div class=\"banner-description\">\n<div class=\"banner-title\">Bonus de bienvenue<\/div>\n<p class=\"banner-header-title\">1500 \u20ac<\/p>\n<div class=\"banner-header-AdditionalText\">+ 250 Tours gratuits<\/div>\n<button data-item=\"homepage_banner_link\" class=\"goto m-button m-gradient-border m-button--primary m-button--large banner-button btn-orange\">\n            <div class=\"m-button-content\">\n                <span>Inscrivez-vous d\u00e8s maintenant<\/span>\n                <span><\/span>\n            <\/div>\n        <\/button>\n<\/div>\n<div class=\"WelcomePack\">\n<p><img loading=\"lazy\" decoding=\"async\" class=\"alignnone size-full wp-image-1335\" src=\"https:\/\/casino-bossy.com\/wp-content\/uploads\/2026\/02\/welcome-crown.png\" alt=\"welcome crown\" width=\"25\" height=\"26\" \/><\/p>\n<div class=\"WelcomePack-Info\">Cashback hebdomadaire jusqu&rsquo;\u00e0 25 %<\/div>\n<p><img loading=\"lazy\" decoding=\"async\" class=\"alignnone size-full wp-image-1335\" src=\"https:\/\/casino-bossy.com\/wp-content\/uploads\/2026\/02\/welcome-crown.png\" alt=\"welcome crown\" width=\"25\" height=\"26\" \/><\/p>\n<\/div>\n<\/div><div class=\"scrollable-content-wrap my-5\"><div class=\"scrollable-content-inner\"><h2>Comment cr\u00e9er un compte<\/h2>\n<p>Devenir membre de Casinobossy signifie avoir acc\u00e8s \u00e0 une exp\u00e9rience de jeu compl\u00e8te, avec l&rsquo;aide de bonus exclusifs, de promotions et d&rsquo;une immense biblioth\u00e8que de jeux. Votre premi\u00e8re connexion \u00e0 Casinobossy vous ouvrira de nombreuses portes : tous les joueurs peuvent profiter du droit de d\u00e9poser de l&rsquo;argent, de participer \u00e0 des tournois et de g\u00e9rer confortablement leur profil. L&rsquo;historique du compte, les transactions et l&rsquo;activit\u00e9 de jeu sont \u00e9galement visibles et peuvent \u00eatre consult\u00e9s quotidiennement.<\/p>\n<p>Pour vous inscrire sur Casinobossy, vous devez nous communiquer vos informations personnelles. Nous en avons besoin afin de nous assurer du respect des exigences l\u00e9gales et de permettre le processus de v\u00e9rification. L&rsquo;inscription est simple et donne un acc\u00e8s imm\u00e9diat \u00e0 toutes les fonctionnalit\u00e9s du casino.<\/p>\n<h3>Param\u00e8tres de s\u00e9curit\u00e9 du compte Casinobossy Casino<\/h3>\n<p>Casinobossy \u0421asino se pr\u00e9occupe chaque jour davantage de la s\u00e9curit\u00e9. Les attaques de piratage nous poussent \u00e0 am\u00e9liorer nos tactiques ; alors que les bots envahissent le cyberespace, nous sommes toujours sur nos gardes. Pour garantir la s\u00e9curit\u00e9 des donn\u00e9es des utilisateurs, nous utilisons des protocoles de cryptage modernes et plusieurs niveaux de s\u00e9curit\u00e9. Les joueurs peuvent rendre leurs comptes plus discrets en activant la 2FA (authentification \u00e0 deux facteurs). Elle est destin\u00e9e \u00e0 offrir aux joueurs un avantage suppl\u00e9mentaire en mati\u00e8re de s\u00e9curit\u00e9 lors de la connexion \u00e0 Casinobossy.<\/p>\n<p>De plus, nous vous recommandons d&rsquo;utiliser des mots de passe forts et uniques, et de les changer fr\u00e9quemment. Le syst\u00e8me de s\u00e9curit\u00e9 de notre plateforme surveille en permanence les actions des comptes afin d&rsquo;aider les joueurs \u00e0 identifier \u00e0 l&rsquo;avance toute activit\u00e9 suspecte. La mise \u00e0 jour des donn\u00e9es personnelles est \u00e9galement un moyen de faciliter le processus de v\u00e9rification. Elle facilite \u00e9galement le processus de retrait.<\/p>\n<h3>Configurer votre profil Casino Bossy<\/h3>\n<p>Pour cr\u00e9er votre profil Casinobossy, veuillez suivre les \u00e9tapes suivantes :<\/p>\n<ol>\n<li>Sur la page Casino Bossy Casino, cliquez sur le bouton violet \u00ab S&rsquo;inscrire \u00bb.<\/li>\n<li>Vous devez saisir votre adresse e-mail valide et cr\u00e9er un mot de passe s\u00e9curis\u00e9.<\/li>\n<li>Saisissez le code promotionnel si vous en avez un.<\/li>\n<li>Cochez la case pour recevoir les offres de notre casino Casino Bossy.<\/li>\n<li>Cochez la case indiquant que vous avez l&rsquo;\u00e2ge l\u00e9gal.<\/li>\n<li>Consultez les conditions g\u00e9n\u00e9rales.<\/li>\n<li>Envoyez votre formulaire d&rsquo;inscription.<\/li>\n<li>Cliquez sur le lien de v\u00e9rification qui vous sera envoy\u00e9 dans votre bo\u00eete de r\u00e9ception.<\/li>\n<li>Plus tard, dans le tableau de bord, apr\u00e8s vous \u00eatre connect\u00e9 \u00e0 Casinobossy, vous pourrez compl\u00e9ter votre profil en ajoutant des informations suppl\u00e9mentaires, notamment vos coordonn\u00e9es bancaires, votre num\u00e9ro de t\u00e9l\u00e9phone, etc.<\/li>\n<\/ol>\n<p>Notre syst\u00e8me d&rsquo;inscription est conforme aux principes du jeu responsable, et les utilisateurs doivent \u00eatre majeurs. Cela contribue \u00e0 cr\u00e9er un environnement de jeu s\u00fbr. Si les joueurs le souhaitent, ils peuvent activer des fonctionnalit\u00e9s de jeu r\u00e9actives dans les param\u00e8tres de leur profil, o\u00f9 ils peuvent contr\u00f4ler leur temps et leurs limites de jeu.<\/p>\n<h2>Acc\u00e9dez \u00e0 votre profil Casinobossy et contr\u00f4lez-le<\/h2>\n<p>La cr\u00e9ation d&rsquo;un compte sur Casinobossy Casino est une proc\u00e9dure simple et s\u00e9curis\u00e9e. Suivez ces \u00e9tapes :<\/p>\n<ol>\n<li>Trouvez la section de connexion \u00e0 Casinobossy (pr\u00e8s du bouton d&rsquo;inscription) et cliquez dessus.<\/li>\n<li>Saisissez votre adresse e-mail et votre mot de passe.<\/li>\n<li>Validez ou connectez-vous \u00e0 Casinobossy avec Google.<\/li>\n<\/ol>\n<p>Apr\u00e8s leur inscription, les joueurs peuvent d\u00e9poser et retirer de l&rsquo;argent, consulter l&rsquo;historique de leurs transactions, r\u00e9clamer des bonus et g\u00e9rer leur profil. Le site est convivial et personnalis\u00e9, et les informations financi\u00e8res peuvent \u00eatre facilement contr\u00f4l\u00e9es.<\/p>\n<p>L&rsquo;exp\u00e9rience globale est \u00e9galement pratique et efficace, car les joueurs peuvent \u00e9galement activer le chat en direct et \u00e9crire \u00e0 l&rsquo;\u00e9quipe d&rsquo;assistance directement depuis le tableau de bord de leur compte, ce qui leur permet d&rsquo;obtenir une assistance imm\u00e9diate. Nous recommandons vivement d&rsquo;activer la 2FA afin de s\u00e9curiser les comptes gr\u00e2ce \u00e0 une fonctionnalit\u00e9 de protection suppl\u00e9mentaire, afin de vous assurer qu&rsquo;ils ne sont pas accessibles \u00e0 des utilisateurs non autoris\u00e9s qui ne font pas partie de Casinobossy Casino.<\/p>\n<h3>Vous avez oubli\u00e9 vos identifiants de connexion ?<\/h3>\n<p>Il peut arriver que vous oubliez vos identifiants de connexion \u00e0 Casinobossy, ce qui est tout \u00e0 fait normal. Les joueurs peuvent utiliser le bouton \u00ab Mot de passe oubli\u00e9 \u00bb sur la page de connexion de Casinoboddy s&rsquo;ils ont oubli\u00e9 leurs identifiants de connexion. Il suffit d&rsquo;entrer son adresse e-mail pour recevoir un lien de r\u00e9initialisation du mot de passe dans sa bo\u00eete de r\u00e9ception. Il suffit ensuite de cliquer sur le lien envoy\u00e9 par Casino Bossy pour r\u00e9cup\u00e9rer votre compte. Pour des raisons de s\u00e9curit\u00e9, le processus peut n\u00e9cessiter une v\u00e9rification suppl\u00e9mentaire afin de confirmer votre identit\u00e9, apr\u00e8s quoi l&rsquo;acc\u00e8s vous sera accord\u00e9. Notre \u00e9quipe d&rsquo;assistance multilingue \u00e9valuera tous les risques et vous aidera.<\/p>\n<h2>Ce que vous devez faire pour la v\u00e9rification<\/h2>\n<p>Le processus de v\u00e9rification du casino Casinobossy permet d&rsquo;\u00e9tablir l&rsquo;identit\u00e9 de nos joueurs et de garantir le respect des normes r\u00e9glementaires. Cela implique g\u00e9n\u00e9ralement de fournir rapidement les documents suivants :<\/p>\n<ul>\n<li>Une pi\u00e8ce d&rsquo;identit\u00e9 originale ou authentique avec photo (passeport, permis de conduire, carte d&rsquo;identit\u00e9 nationale).<\/li>\n<li>Justificatif de domicile (facture d&rsquo;\u00e9lectricit\u00e9 ou relev\u00e9 bancaire)<\/li>\n<li>V\u00e9rification du mode de paiement (si n\u00e9cessaire)<\/li>\n<\/ul>\n<p>Veuillez noter que nous pouvons parfois vous demander des informations et des documents suppl\u00e9mentaires et v\u00e9rifier votre activit\u00e9 sur le site Casino Bossy. Ce processus de v\u00e9rification prend g\u00e9n\u00e9ralement entre 24 et 48 heures. Le d\u00e9p\u00f4t en temps voulu des documents appropri\u00e9s acc\u00e9l\u00e8re le processus et permet d&rsquo;effectuer des paiements lors des retraits.<\/p>\n<h2>FAQ<\/h2>\n<h3>Puis-je modifier mon adresse e-mail ou mon num\u00e9ro de t\u00e9l\u00e9phone enregistr\u00e9s ?<\/h3>\n<p>Les utilisateurs de Casinobossy Casino peuvent modifier leurs coordonn\u00e9es \u00e0 l&rsquo;aide des param\u00e8tres de leur profil. Ces modifications peuvent n\u00e9cessiter une nouvelle v\u00e9rification afin de garantir l&rsquo;int\u00e9grit\u00e9 de la s\u00e9curit\u00e9. Assurez-vous que le num\u00e9ro de t\u00e9l\u00e9phone est valide apr\u00e8s la modification.<\/p>\n<h3>La v\u00e9rification est-elle n\u00e9cessaire ?<\/h3>\n<p>Pour acc\u00e9der \u00e0 toutes les fonctionnalit\u00e9s de notre casino Casinobossy, oui, elle est n\u00e9cessaire. Mais ne vous inqui\u00e9tez pas, il s&rsquo;agit d&rsquo;un processus rapide qui ne n\u00e9cessite que tr\u00e8s peu de documents. Il est plus long si les informations (ou les documents que vous avez fournis) ne concordent pas. Le d\u00e9lai de traitement peut \u00e9galement varier en fonction des jours f\u00e9ri\u00e9s et du nombre de demandes de v\u00e9rification.<\/p>\n<\/div><\/div><\/p>\n","protected":false},"excerpt":{"rendered":"<p>Connexion et inscription \u00e0 Casinobossy Casinobossy login est la porte d&rsquo;acc\u00e8s \u00e0 un large \u00e9ventail d&rsquo;options de jeux d&rsquo;argent en ligne s\u00e9curis\u00e9es sur notre plateforme. Notre version mobile du casino offre un acc\u00e8s rapide \u00e0 tous les types de jeux de notre catalogue gigantesque. Nous aidons les joueurs \u00e0 profiter d&rsquo;une atmosph\u00e8re s\u00e9curis\u00e9e et conviviale. [&hellip;]<\/p>\n","protected":false},"author":9,"featured_media":0,"parent":0,"menu_order":0,"comment_status":"closed","ping_status":"closed","template":"template-builder.php","meta":{"_acf_changed":false,"inline_featured_image":false,"footnotes":""},"class_list":["post-1457","page","type-page","status-publish","hentry"],"acf":[],"yoast_head":"<!-- This site is optimized with the Yoast SEO plugin v24.4 - https:\/\/yoast.com\/wordpress\/plugins\/seo\/ -->\n<title>Casinobossy Login \u2013 Inscription rapide et compte s\u00e9curis\u00e9<\/title>\n<meta name=\"description\" content=\"L&#039;interface de Casino Bossy login vous permet de tout organiser : gestion de votre profil, suivi des transactions et historique de vos parties. Profitez de notre inscription rapide et de notre assistance fiable 24 h\/24 et 7 j\/7.\" \/>\n<meta name=\"robots\" content=\"index, follow, max-snippet:-1, max-image-preview:large, max-video-preview:-1\" \/>\n<link rel=\"canonical\" href=\"https:\/\/casino-bossy.com\/fr\/connexion-et-inscription\/\" \/>\n<meta property=\"og:locale\" content=\"fr_FR\" \/>\n<meta property=\"og:type\" content=\"article\" \/>\n<meta property=\"og:title\" content=\"Casinobossy Login \u2013 Inscription rapide et compte s\u00e9curis\u00e9\" \/>\n<meta property=\"og:description\" content=\"L&#039;interface de Casino Bossy login vous permet de tout organiser : gestion de votre profil, suivi des transactions et historique de vos parties. Profitez de notre inscription rapide et de notre assistance fiable 24 h\/24 et 7 j\/7.\" \/>\n<meta property=\"og:url\" content=\"https:\/\/casino-bossy.com\/fr\/connexion-et-inscription\/\" \/>\n<meta property=\"og:site_name\" content=\"casino-bossy\" \/>\n<meta property=\"article:modified_time\" content=\"2026-02-02T13:40:51+00:00\" \/>\n<meta name=\"twitter:card\" content=\"summary_large_image\" \/>\n<meta name=\"twitter:label1\" content=\"Dur\u00e9e de lecture estim\u00e9e\" \/>\n\t<meta name=\"twitter:data1\" content=\"1 minute\" \/>\n<script type=\"application\/ld+json\" class=\"yoast-schema-graph\">{\"@context\":\"https:\/\/schema.org\",\"@graph\":[{\"@type\":\"WebPage\",\"@id\":\"https:\/\/casino-bossy.com\/fr\/connexion-et-inscription\/\",\"url\":\"https:\/\/casino-bossy.com\/fr\/connexion-et-inscription\/\",\"name\":\"Casinobossy Login \u2013 Inscription rapide et compte s\u00e9curis\u00e9\",\"isPartOf\":{\"@id\":\"https:\/\/casino-bossy.com\/fr\/#website\"},\"datePublished\":\"2026-02-02T11:26:02+00:00\",\"dateModified\":\"2026-02-02T13:40:51+00:00\",\"description\":\"L'interface de Casino Bossy login vous permet de tout organiser : gestion de votre profil, suivi des transactions et historique de vos parties. Profitez de notre inscription rapide et de notre assistance fiable 24 h\/24 et 7 j\/7.\",\"breadcrumb\":{\"@id\":\"https:\/\/casino-bossy.com\/fr\/connexion-et-inscription\/#breadcrumb\"},\"inLanguage\":\"fr-FR\",\"potentialAction\":[{\"@type\":\"ReadAction\",\"target\":[\"https:\/\/casino-bossy.com\/fr\/connexion-et-inscription\/\"]}]},{\"@type\":\"BreadcrumbList\",\"@id\":\"https:\/\/casino-bossy.com\/fr\/connexion-et-inscription\/#breadcrumb\",\"itemListElement\":[{\"@type\":\"ListItem\",\"position\":1,\"name\":\"Casinobossy\",\"item\":\"https:\/\/casino-bossy.com\/fr\/\"},{\"@type\":\"ListItem\",\"position\":2,\"name\":\"Connexion et inscription\"}]},{\"@type\":\"WebSite\",\"@id\":\"https:\/\/casino-bossy.com\/fr\/#website\",\"url\":\"https:\/\/casino-bossy.com\/fr\/\",\"name\":\"Casinobossy\",\"description\":\"\",\"publisher\":{\"@id\":\"https:\/\/casino-bossy.com\/fr\/#organization\"},\"potentialAction\":[{\"@type\":\"SearchAction\",\"target\":{\"@type\":\"EntryPoint\",\"urlTemplate\":\"https:\/\/casino-bossy.com\/fr\/?s={search_term_string}\"},\"query-input\":{\"@type\":\"PropertyValueSpecification\",\"valueRequired\":true,\"valueName\":\"search_term_string\"}}],\"inLanguage\":\"fr-FR\"},{\"@type\":\"Organization\",\"@id\":\"https:\/\/casino-bossy.com\/fr\/#organization\",\"name\":\"Casinobossy\",\"url\":\"https:\/\/casino-bossy.com\/fr\/\",\"logo\":{\"@type\":\"ImageObject\",\"inLanguage\":\"fr-FR\",\"@id\":\"https:\/\/casino-bossy.com\/fr\/#\/schema\/logo\/image\/\",\"url\":\"https:\/\/casino-bossy.com\/wp-content\/uploads\/2026\/02\/Casinobossy-logo.png\",\"contentUrl\":\"https:\/\/casino-bossy.com\/wp-content\/uploads\/2026\/02\/Casinobossy-logo.png\",\"width\":94,\"height\":20,\"caption\":\"Casinobossy\"},\"image\":{\"@id\":\"https:\/\/casino-bossy.com\/fr\/#\/schema\/logo\/image\/\"}}]}<\/script>\n<!-- \/ Yoast SEO plugin. -->","yoast_head_json":{"title":"Casinobossy Login \u2013 Inscription rapide et compte s\u00e9curis\u00e9","description":"L'interface de Casino Bossy login vous permet de tout organiser : gestion de votre profil, suivi des transactions et historique de vos parties. Profitez de notre inscription rapide et de notre assistance fiable 24 h\/24 et 7 j\/7.","robots":{"index":"index","follow":"follow","max-snippet":"max-snippet:-1","max-image-preview":"max-image-preview:large","max-video-preview":"max-video-preview:-1"},"canonical":"https:\/\/casino-bossy.com\/fr\/connexion-et-inscription\/","og_locale":"fr_FR","og_type":"article","og_title":"Casinobossy Login \u2013 Inscription rapide et compte s\u00e9curis\u00e9","og_description":"L'interface de Casino Bossy login vous permet de tout organiser : gestion de votre profil, suivi des transactions et historique de vos parties. Profitez de notre inscription rapide et de notre assistance fiable 24 h\/24 et 7 j\/7.","og_url":"https:\/\/casino-bossy.com\/fr\/connexion-et-inscription\/","og_site_name":"casino-bossy","article_modified_time":"2026-02-02T13:40:51+00:00","twitter_card":"summary_large_image","twitter_misc":{"Dur\u00e9e de lecture estim\u00e9e":"1 minute"},"schema":{"@context":"https:\/\/schema.org","@graph":[{"@type":"WebPage","@id":"https:\/\/casino-bossy.com\/fr\/connexion-et-inscription\/","url":"https:\/\/casino-bossy.com\/fr\/connexion-et-inscription\/","name":"Casinobossy Login \u2013 Inscription rapide et compte s\u00e9curis\u00e9","isPartOf":{"@id":"https:\/\/casino-bossy.com\/fr\/#website"},"datePublished":"2026-02-02T11:26:02+00:00","dateModified":"2026-02-02T13:40:51+00:00","description":"L'interface de Casino Bossy login vous permet de tout organiser : gestion de votre profil, suivi des transactions et historique de vos parties. Profitez de notre inscription rapide et de notre assistance fiable 24 h\/24 et 7 j\/7.","breadcrumb":{"@id":"https:\/\/casino-bossy.com\/fr\/connexion-et-inscription\/#breadcrumb"},"inLanguage":"fr-FR","potentialAction":[{"@type":"ReadAction","target":["https:\/\/casino-bossy.com\/fr\/connexion-et-inscription\/"]}]},{"@type":"BreadcrumbList","@id":"https:\/\/casino-bossy.com\/fr\/connexion-et-inscription\/#breadcrumb","itemListElement":[{"@type":"ListItem","position":1,"name":"Casinobossy","item":"https:\/\/casino-bossy.com\/fr\/"},{"@type":"ListItem","position":2,"name":"Connexion et inscription"}]},{"@type":"WebSite","@id":"https:\/\/casino-bossy.com\/fr\/#website","url":"https:\/\/casino-bossy.com\/fr\/","name":"Casinobossy","description":"","publisher":{"@id":"https:\/\/casino-bossy.com\/fr\/#organization"},"potentialAction":[{"@type":"SearchAction","target":{"@type":"EntryPoint","urlTemplate":"https:\/\/casino-bossy.com\/fr\/?s={search_term_string}"},"query-input":{"@type":"PropertyValueSpecification","valueRequired":true,"valueName":"search_term_string"}}],"inLanguage":"fr-FR"},{"@type":"Organization","@id":"https:\/\/casino-bossy.com\/fr\/#organization","name":"Casinobossy","url":"https:\/\/casino-bossy.com\/fr\/","logo":{"@type":"ImageObject","inLanguage":"fr-FR","@id":"https:\/\/casino-bossy.com\/fr\/#\/schema\/logo\/image\/","url":"https:\/\/casino-bossy.com\/wp-content\/uploads\/2026\/02\/Casinobossy-logo.png","contentUrl":"https:\/\/casino-bossy.com\/wp-content\/uploads\/2026\/02\/Casinobossy-logo.png","width":94,"height":20,"caption":"Casinobossy"},"image":{"@id":"https:\/\/casino-bossy.com\/fr\/#\/schema\/logo\/image\/"}}]}},"_links":{"self":[{"href":"https:\/\/casino-bossy.com\/fr\/wp-json\/wp\/v2\/pages\/1457"}],"collection":[{"href":"https:\/\/casino-bossy.com\/fr\/wp-json\/wp\/v2\/pages"}],"about":[{"href":"https:\/\/casino-bossy.com\/fr\/wp-json\/wp\/v2\/types\/page"}],"author":[{"embeddable":true,"href":"https:\/\/casino-bossy.com\/fr\/wp-json\/wp\/v2\/users\/9"}],"replies":[{"embeddable":true,"href":"https:\/\/casino-bossy.com\/fr\/wp-json\/wp\/v2\/comments?post=1457"}],"version-history":[{"count":2,"href":"https:\/\/casino-bossy.com\/fr\/wp-json\/wp\/v2\/pages\/1457\/revisions"}],"predecessor-version":[{"id":1554,"href":"https:\/\/casino-bossy.com\/fr\/wp-json\/wp\/v2\/pages\/1457\/revisions\/1554"}],"wp:attachment":[{"href":"https:\/\/casino-bossy.com\/fr\/wp-json\/wp\/v2\/media?parent=1457"}],"curies":[{"name":"wp","href":"https:\/\/api.w.org\/{rel}","templated":true}]}}