{"id":1415,"date":"2026-02-02T11:21:48","date_gmt":"2026-02-02T11:21:48","guid":{"rendered":"https:\/\/casino-bossy.com\/app\/"},"modified":"2026-02-02T13:39:30","modified_gmt":"2026-02-02T13:39:30","slug":"app","status":"publish","type":"page","link":"https:\/\/casino-bossy.com\/fr\/app\/","title":{"rendered":"App"},"content":{"rendered":"<h1>Application Casinobossy pour Android et iPhone<\/h1>\n<p>Notre casino a cr\u00e9\u00e9 un moyen s\u00fbr et moderne de jouer \u00e0 des jeux lors de vos d\u00e9placements : notre Casinobossy app. Il s&rsquo;agit d&rsquo;une application compatible avec Android et iPhone qui vous permet d&rsquo;acc\u00e9der \u00e0 l&rsquo;ensemble de notre catalogue, comprenant tous les livres, machines \u00e0 sous, gains instantan\u00e9s et jeux de cartes, depuis votre t\u00e9l\u00e9phone mobile. Notre plateforme est bas\u00e9e sur les performances et tr\u00e8s s\u00e9curis\u00e9e. Elle vous permet de jouer \u00e0 vos jeux pr\u00e9f\u00e9r\u00e9s \u00e0 tout moment et de s\u00e9curiser votre PC lorsque vous \u00eates absent.<\/p>\n<p>L&rsquo;application Casino Bossy rend le jeu mobile plus pratique, plus s\u00fbr et plus immersif.<\/p>\n<p><div class=\"banner-wrap\" aria-label=\"Banner\"><img src=\"https:\/\/casino-bossy.com\/wp-content\/uploads\/2026\/02\/Casinobossy-banner-carousel-800\u0445400.webp\" class=\"w-100 d-none d-lg-block img-pc main-banner-img\" alt=\"Casinobossy banner desktop\" fetchpriority=\"high\" decoding=\"async\"><img src=\"https:\/\/casino-bossy.com\/wp-content\/uploads\/2026\/02\/Mobile-banner.webp\" class=\"w-100 d-none d-md-block d-lg-none main-banner-img\" alt=\"Casino bossy Mobile banner\" fetchpriority=\"high\" decoding=\"async\"><img src=\"https:\/\/casino-bossy.com\/wp-content\/uploads\/2026\/02\/Mobile-banner.webp\" class=\"w-100 d-md-none\" alt=\"Casino bossy Mobile banner\" fetchpriority=\"high\" decoding=\"async\"><div class=\"banner-description\">\n<div class=\"banner-title\">Bonus de bienvenue<\/div>\n<p class=\"banner-header-title\">1500 \u20ac<\/p>\n<div class=\"banner-header-AdditionalText\">+ 250 Tours gratuits<\/div>\n<button data-item=\"homepage_banner_link\" class=\"goto m-button m-gradient-border m-button--primary m-button--large banner-button btn-orange\">\n            <div class=\"m-button-content\">\n                <span>Inscrivez-vous d\u00e8s maintenant<\/span>\n                <span><\/span>\n            <\/div>\n        <\/button>\n<\/div>\n<div class=\"WelcomePack\">\n<p><img loading=\"lazy\" decoding=\"async\" class=\"alignnone size-full wp-image-1335\" src=\"https:\/\/casino-bossy.com\/wp-content\/uploads\/2026\/02\/welcome-crown.png\" alt=\"welcome crown\" width=\"25\" height=\"26\" \/><\/p>\n<div class=\"WelcomePack-Info\">Cashback hebdomadaire jusqu&rsquo;\u00e0 25 %<\/div>\n<p><img loading=\"lazy\" decoding=\"async\" class=\"alignnone size-full wp-image-1335\" src=\"https:\/\/casino-bossy.com\/wp-content\/uploads\/2026\/02\/welcome-crown.png\" alt=\"welcome crown\" width=\"25\" height=\"26\" \/><\/p>\n<\/div>\n<\/div><div class=\"scrollable-content-wrap my-5\"><div class=\"scrollable-content-inner\"><h2>Jouez sur iPhone et iPad<\/h2>\n<p>Casinobossy Casino offre une exp\u00e9rience de jeu exceptionnelle, quel que soit l&rsquo;appareil que vous utilisez. Casinobossy Casino prend en charge les utilisateurs iOS en proposant une application unique, qui optimise les appareils iPhone et iPad. Le casino mobile prend en charge tous les appareils Apple actuels, offrant une exp\u00e9rience de jeu excellente et fluide. L&rsquo;interface de l&rsquo;application Casinobossy a \u00e9t\u00e9 con\u00e7ue pour \u00eatre r\u00e9active et facile \u00e0 naviguer, afin que les joueurs puissent acc\u00e9der facilement \u00e0 leurs jeux de casino pr\u00e9f\u00e9r\u00e9s et passer le processus de v\u00e9rification sans aucun probl\u00e8me.<\/p>\n<h3>Comment t\u00e9l\u00e9charger l&rsquo;application sur iOS<\/h3>\n<p>L&rsquo;application Casinobossy peut \u00eatre t\u00e9l\u00e9charg\u00e9e facilement et rapidement sur iPhone et iPad. L&rsquo;application est directement disponible sur Casinobossy Casino, qui est s\u00e9curis\u00e9 et authentique. Il suffit de suivre quelques \u00e9tapes simples et claires pour tout le monde :<\/p>\n<ol>\n<li>Ouvrez la page principale du site Casinobossy via Safari sur votre iPhone ou iPad.<\/li>\n<li>Cliquez sur le bouton fl\u00e9ch\u00e9 vers le bas, visible sur la page d&rsquo;accueil.<\/li>\n<li>S\u00e9lectionnez \u00ab Ajouter \u00e0 l&rsquo;\u00e9cran d&rsquo;accueil \u00bb pour cr\u00e9er un raccourci lorsque vous y \u00eates invit\u00e9.<\/li>\n<li>Et voil\u00e0, c&rsquo;est confirm\u00e9 : une ic\u00f4ne de l&rsquo;application Casinobossy appara\u00eetra d\u00e9sormais sur l&rsquo;\u00e9cran d&rsquo;accueil de votre appareil.<\/li>\n<\/ol>\n<p>Cette approche est conforme aux politiques d&rsquo;Apple relatives aux applications de jeux d&rsquo;argent en ligne. Avec Casino Bossy, vous b\u00e9n\u00e9ficiez toujours d&rsquo;un processus d&rsquo;installation s\u00fbr et facile qui ne n\u00e9cessite pas l&rsquo;utilisation de boutiques d&rsquo;applications tierces ou d&rsquo;autres t\u00e9l\u00e9chargements.<\/p>\n<p><img loading=\"lazy\" decoding=\"async\" src=\"https:\/\/casino-bossy.com\/wp-content\/uploads\/2026\/02\/iOS-app.webp\" alt=\"iOS app\" width=\"1248\" height=\"536\" \/><\/p>\n<\/div><\/div><div style=\"clear: both\"><\/div><div class=\"d-flex justify-content-center\"><button data-item=\"decouvrez_link\" data-group=\"website_links\" class=\"goto fw-bold rounded-pill btn btn-orange\" aria-label=\"T\u00e9l\u00e9chargez l&#039;application Casino-bossy\" >T\u00e9l\u00e9chargez l&#039;application Casino-bossy<\/button><\/div><div class=\"scrollable-content-wrap my-5\"><div class=\"scrollable-content-inner\"><h2>Casino Bossy sur les ordinateurs Mac et Windows<\/h2>\n<p>Casinobossy Casino peut \u00e9galement \u00eatre jou\u00e9 via une version de bureau. Il est compatible avec Mac et Windows. Et nous savons bien s\u00fbr que tout le monde n&rsquo;aime pas jouer sur smartphone ; certains joueurs trouvent plus pratique de jouer sur un \u00e9cran plus grand.<\/p>\n<p>Vous pouvez ouvrir notre site web Casino Bossy avec n&rsquo;importe quel navigateur majeur : Chrome, Firefox, Safari et Edge. Il dispose d&rsquo;un mode plein \u00e9cran. Vous pouvez profiter d&rsquo;une exp\u00e9rience immersive. Les jeux de l&rsquo;application mobile, la gestion des comptes et l&rsquo;assistance sont faciles \u00e0 naviguer.<\/p>\n<p>Casinobossy prend \u00e9galement en charge les raccourcis sur ordinateur. Les utilisateurs de Casinobossy peuvent acc\u00e9der directement au site depuis leur ordinateur. Nous sommes donc heureux d&rsquo;annoncer que les joueurs peuvent profiter de la m\u00eame exp\u00e9rience de jeu sur tous les appareils sans perte de fonctionnalit\u00e9 ou de performance.<\/p>\n<p><img loading=\"lazy\" decoding=\"async\" src=\"https:\/\/casino-bossy.com\/wp-content\/uploads\/2026\/02\/Desktop.webp\" alt=\"Desktop\" width=\"1248\" height=\"536\" \/><\/p>\n<\/div><\/div><div style=\"clear: both\"><\/div><div class=\"d-flex justify-content-center\"><button data-item=\"decouvrez_link\" data-group=\"website_links\" class=\"goto fw-bold rounded-pill btn btn-orange\" aria-label=\"T\u00e9l\u00e9charger Casino-bossy\" >T\u00e9l\u00e9charger Casino-bossy<\/button><\/div><\/p>\n<h2>D\u00e9pannage de l&rsquo;application<\/h2>\n<p>Casinobossy dispose d&rsquo;une \u00e9quipe d&rsquo;assistance multilingue efficace. Nous sommes facilement joignables en cas de probl\u00e8mes techniques. Les m\u00e9thodes de d\u00e9pannage habituelles permettent de s&rsquo;assurer que l&rsquo;application est correctement mise \u00e0 jour vers la derni\u00e8re version. Vous pouvez \u00e9galement v\u00e9rifier si tout fonctionne correctement, si votre connexion Internet est stable et si votre appareil est compatible. En cas de plantage de l&rsquo;application ou d&rsquo;impossibilit\u00e9 de l&rsquo;ouvrir, il suffit de nous envoyer un message pour r\u00e9soudre le probl\u00e8me. Mais avant cela, essayez simplement de red\u00e9marrer votre appareil plusieurs fois ou de r\u00e9installer la PWA si quelque chose ralentit, puis \u00e9crivez-nous.<\/p>\n<p>Casinobossy Casino dispose d&rsquo;une \u00e9quipe d&rsquo;assistance efficace. Nous sommes form\u00e9s pour r\u00e9soudre ce type de situations. Nous fournissons toujours des services en temps r\u00e9el via des chats en direct, ce qui r\u00e9duit les temps d&rsquo;arr\u00eat et permet un jeu fluide.<\/p>\n<p><div class=\"scrollable-content-wrap my-5\"><div class=\"scrollable-content-inner\"><h2>Application Casinobossy pour Android<\/h2>\n<p>L&rsquo;application Casinobossy est une PWA bas\u00e9e sur Android, simple et performante. Elle offre tout ce dont vous avez besoin, avec une large gamme de machines \u00e0 sous en ligne, de jeux de table, de livres et de jeux de casino en direct. L&rsquo;application prend en charge de nombreuses versions d&rsquo;Android, ce qui signifie qu&rsquo;elle est compatible avec les appareils Android version 6.0 et sup\u00e9rieure.<\/p>\n<h3>Processus de t\u00e9l\u00e9chargement \u00e9tape par \u00e9tape<\/h3>\n<p>Pour installer l&rsquo;application Casinobossy sur Android, il faut proc\u00e9der comme suit :<\/p>\n<ol>\n<li>Ouvrez un navigateur web sur votre t\u00e9l\u00e9phone Android et rendez-vous sur notre page web Casino Bossy.<\/li>\n<li>Pour les appareils Android, trouvez le bouton de t\u00e9l\u00e9chargement \u00ab Casino App \u00bb et proc\u00e9dez au t\u00e9l\u00e9chargement. Les utilisateurs d&rsquo;iPhone doivent simplement enregistrer le raccourci de Casino Bossy Casino, et c&rsquo;est tout.<\/li>\n<li>Une fois le t\u00e9l\u00e9chargement termin\u00e9, ouvrez la PWA.<\/li>\n<\/ol>\n<p>Une fois install\u00e9e, lancez l&rsquo;application Casinobossy et connectez-vous pour acc\u00e9der \u00e0 l&rsquo;ensemble de la biblioth\u00e8que de jeux. Cette approche est une alternative s\u00e9curis\u00e9e aux boutiques d&rsquo;applications et \u00e9limine compl\u00e8tement toute crainte li\u00e9e aux logiciels malveillants ou aux fuites d&rsquo;informations. Plus besoin de vous inqui\u00e9ter si vous installez quelque chose de suspect. La conception l\u00e9g\u00e8re de l&rsquo;application garantit un chargement rapide, une faible latence de jeu et des animations fluides, quelles que soient les sp\u00e9cifications de l&rsquo;appareil.<\/p>\n<p><img loading=\"lazy\" decoding=\"async\" src=\"https:\/\/casino-bossy.com\/wp-content\/uploads\/2026\/02\/Android-app.webp\" alt=\"Android app\" width=\"1248\" height=\"536\" \/><\/p>\n<\/div><\/div><div style=\"clear: both\"><\/div><div class=\"d-flex justify-content-center\"><button data-item=\"decouvrez_link\" data-group=\"website_links\" class=\"goto fw-bold rounded-pill btn btn-orange\" aria-label=\"T\u00e9l\u00e9chargez l&#039;application Casino-bossy\" >T\u00e9l\u00e9chargez l&#039;application Casino-bossy<\/button><\/div><div class=\"scrollable-content-wrap my-5\"><div class=\"scrollable-content-inner\"><h2>Avantages de l&rsquo;utilisation de l&rsquo;application officielle Casinobossy<\/h2>\n<p>Mais la portabilit\u00e9 est d\u00e9sormais synonyme de notre vie. Nous sommes tellement press\u00e9s et toujours occup\u00e9s que la version PWA de l&rsquo;application Casinobossy est la solution id\u00e9ale. Vous disposez d&rsquo;une assistance par chat en direct, disponible 24 heures sur 24, afin que les joueurs puissent obtenir de l&rsquo;aide \u00e0 tout moment.<\/p>\n<p>L&rsquo;application Casinobossy pr\u00e9sente de nombreux avantages par rapport au jeu sur un navigateur mobile :<\/p>\n<table>\n<tbody>\n<tr>\n<td>Fonctionnalit\u00e9<\/td>\n<td>Avantage<\/td>\n<\/tr>\n<tr>\n<td>Vitesse de chargement rapide<\/td>\n<td>R\u00e9duit les temps d&rsquo;attente pour un gameplay rapide<\/td>\n<\/tr>\n<tr>\n<td>R\u00e9activit\u00e9 \u00e9lev\u00e9e<\/td>\n<td>Assure un fonctionnement fluide sur tous les types d&rsquo;appareils<\/td>\n<\/tr>\n<tr>\n<td>Cryptage TLS<\/td>\n<td>Prot\u00e8ge les informations personnelles et financi\u00e8res<\/td>\n<\/tr>\n<tr>\n<td>Notifications push<\/td>\n<td>Tient les joueurs inform\u00e9s des derni\u00e8res offres et actualit\u00e9s<\/td>\n<\/tr>\n<\/tbody>\n<\/table>\n<p>Toutes ces fonctionnalit\u00e9s contribuent \u00e0 am\u00e9liorer l&rsquo;exp\u00e9rience de jeu, et Casinobossy Casino peut figurer parmi les options des joueurs mobiles qui recherchent fiabilit\u00e9 et commodit\u00e9.<\/p>\n<h2>FAQ<\/h2>\n<h3>L&rsquo;application Casinobossy peut-elle \u00eatre t\u00e9l\u00e9charg\u00e9e en toute s\u00e9curit\u00e9 depuis le site ?<\/h3>\n<p>L&rsquo;application Casinobossy ne peut \u00eatre t\u00e9l\u00e9charg\u00e9e que via notre site web. Vous pouvez \u00eatre tranquille, la s\u00e9curit\u00e9 est maximale afin de garantir la confidentialit\u00e9 du processus. L&rsquo;application est cr\u00e9\u00e9e \u00e0 l&rsquo;aide des protocoles de cryptage les plus avanc\u00e9s, qui prot\u00e8gent les donn\u00e9es et les op\u00e9rations des utilisateurs.<\/p>\n<h3>Mon compte et ma progression seront-ils synchronis\u00e9s entre mon mobile et mon ordinateur ?<\/h3>\n<p>La synchronisation est parfaite chez Casino Bossy Casino. Casinobossy fonctionne gr\u00e2ce \u00e0 un syst\u00e8me de compte centralis\u00e9, qui vous permet de jouer, d&rsquo;effectuer des d\u00e9p\u00f4ts et des retraits. Nous synchronisons tout sur tous les appareils que vous utilisez. Cela garantit le m\u00eame jeu, que l&rsquo;utilisateur joue sur son t\u00e9l\u00e9phone portable ou sur son ordinateur.<\/p>\n<h3>Que dois-je faire si l&rsquo;application plante ou ne s&rsquo;ouvre pas ?<\/h3>\n<p>La premi\u00e8re chose \u00e0 faire est de vous assurer que la configuration minimale requise est respect\u00e9e. V\u00e9rifiez \u00e9galement que votre appareil est mis \u00e0 jour avec la derni\u00e8re version. Red\u00e9marrez le t\u00e9l\u00e9phone et r\u00e9installez l&rsquo;application si le probl\u00e8me persiste. Pour obtenir de l&rsquo;aide suppl\u00e9mentaire, cliquez simplement sur le bouton de chat en direct sur la page Casino Bossy et d\u00e9crivez-nous votre probl\u00e8me en d\u00e9tail. Nous vous aiderons avec plaisir.<\/p>\n<\/div><\/div><\/p>\n","protected":false},"excerpt":{"rendered":"<p>Application Casinobossy pour Android et iPhone Notre casino a cr\u00e9\u00e9 un moyen s\u00fbr et moderne de jouer \u00e0 des jeux lors de vos d\u00e9placements : notre Casinobossy app. Il s&rsquo;agit d&rsquo;une application compatible avec Android et iPhone qui vous permet d&rsquo;acc\u00e9der \u00e0 l&rsquo;ensemble de notre catalogue, comprenant tous les livres, machines \u00e0 sous, gains instantan\u00e9s [&hellip;]<\/p>\n","protected":false},"author":9,"featured_media":0,"parent":0,"menu_order":0,"comment_status":"closed","ping_status":"closed","template":"template-builder.php","meta":{"_acf_changed":false,"inline_featured_image":false,"footnotes":""},"class_list":["post-1415","page","type-page","status-publish","hentry"],"acf":[],"yoast_head":"<!-- This site is optimized with the Yoast SEO plugin v24.4 - https:\/\/yoast.com\/wordpress\/plugins\/seo\/ -->\n<title>Casinobossy App | Application officielle pour Android et iOS<\/title>\n<meta name=\"description\" content=\"Avec Casino Bossy App, acc\u00e9dez instantan\u00e9ment \u00e0 l&#039;int\u00e9gralit\u00e9 de notre ludoth\u00e8que, incluant les jackpots, les machines \u00e0 sous et les tables de croupiers en direct. Nous garantissons des m\u00e9thodes de paiement s\u00e9curis\u00e9es et une assistance client rapide, quel que soit votre appareil.\" \/>\n<meta name=\"robots\" content=\"index, follow, max-snippet:-1, max-image-preview:large, max-video-preview:-1\" \/>\n<link rel=\"canonical\" href=\"https:\/\/casino-bossy.com\/fr\/app\/\" \/>\n<meta property=\"og:locale\" content=\"fr_FR\" \/>\n<meta property=\"og:type\" content=\"article\" \/>\n<meta property=\"og:title\" content=\"Casinobossy App | Application officielle pour Android et iOS\" \/>\n<meta property=\"og:description\" content=\"Avec Casino Bossy App, acc\u00e9dez instantan\u00e9ment \u00e0 l&#039;int\u00e9gralit\u00e9 de notre ludoth\u00e8que, incluant les jackpots, les machines \u00e0 sous et les tables de croupiers en direct. Nous garantissons des m\u00e9thodes de paiement s\u00e9curis\u00e9es et une assistance client rapide, quel que soit votre appareil.\" \/>\n<meta property=\"og:url\" content=\"https:\/\/casino-bossy.com\/fr\/app\/\" \/>\n<meta property=\"og:site_name\" content=\"casino-bossy\" \/>\n<meta property=\"article:modified_time\" content=\"2026-02-02T13:39:30+00:00\" \/>\n<meta name=\"twitter:card\" content=\"summary_large_image\" \/>\n<meta name=\"twitter:label1\" content=\"Dur\u00e9e de lecture estim\u00e9e\" \/>\n\t<meta name=\"twitter:data1\" content=\"2 minutes\" \/>\n<script type=\"application\/ld+json\" class=\"yoast-schema-graph\">{\"@context\":\"https:\/\/schema.org\",\"@graph\":[{\"@type\":\"WebPage\",\"@id\":\"https:\/\/casino-bossy.com\/fr\/app\/\",\"url\":\"https:\/\/casino-bossy.com\/fr\/app\/\",\"name\":\"Casinobossy App | Application officielle pour Android et iOS\",\"isPartOf\":{\"@id\":\"https:\/\/casino-bossy.com\/fr\/#website\"},\"datePublished\":\"2026-02-02T11:21:48+00:00\",\"dateModified\":\"2026-02-02T13:39:30+00:00\",\"description\":\"Avec Casino Bossy App, acc\u00e9dez instantan\u00e9ment \u00e0 l'int\u00e9gralit\u00e9 de notre ludoth\u00e8que, incluant les jackpots, les machines \u00e0 sous et les tables de croupiers en direct. Nous garantissons des m\u00e9thodes de paiement s\u00e9curis\u00e9es et une assistance client rapide, quel que soit votre appareil.\",\"breadcrumb\":{\"@id\":\"https:\/\/casino-bossy.com\/fr\/app\/#breadcrumb\"},\"inLanguage\":\"fr-FR\",\"potentialAction\":[{\"@type\":\"ReadAction\",\"target\":[\"https:\/\/casino-bossy.com\/fr\/app\/\"]}]},{\"@type\":\"BreadcrumbList\",\"@id\":\"https:\/\/casino-bossy.com\/fr\/app\/#breadcrumb\",\"itemListElement\":[{\"@type\":\"ListItem\",\"position\":1,\"name\":\"Casinobossy\",\"item\":\"https:\/\/casino-bossy.com\/fr\/\"},{\"@type\":\"ListItem\",\"position\":2,\"name\":\"App\"}]},{\"@type\":\"WebSite\",\"@id\":\"https:\/\/casino-bossy.com\/fr\/#website\",\"url\":\"https:\/\/casino-bossy.com\/fr\/\",\"name\":\"Casinobossy\",\"description\":\"\",\"publisher\":{\"@id\":\"https:\/\/casino-bossy.com\/fr\/#organization\"},\"potentialAction\":[{\"@type\":\"SearchAction\",\"target\":{\"@type\":\"EntryPoint\",\"urlTemplate\":\"https:\/\/casino-bossy.com\/fr\/?s={search_term_string}\"},\"query-input\":{\"@type\":\"PropertyValueSpecification\",\"valueRequired\":true,\"valueName\":\"search_term_string\"}}],\"inLanguage\":\"fr-FR\"},{\"@type\":\"Organization\",\"@id\":\"https:\/\/casino-bossy.com\/fr\/#organization\",\"name\":\"Casinobossy\",\"url\":\"https:\/\/casino-bossy.com\/fr\/\",\"logo\":{\"@type\":\"ImageObject\",\"inLanguage\":\"fr-FR\",\"@id\":\"https:\/\/casino-bossy.com\/fr\/#\/schema\/logo\/image\/\",\"url\":\"https:\/\/casino-bossy.com\/wp-content\/uploads\/2026\/02\/Casinobossy-logo.png\",\"contentUrl\":\"https:\/\/casino-bossy.com\/wp-content\/uploads\/2026\/02\/Casinobossy-logo.png\",\"width\":94,\"height\":20,\"caption\":\"Casinobossy\"},\"image\":{\"@id\":\"https:\/\/casino-bossy.com\/fr\/#\/schema\/logo\/image\/\"}}]}<\/script>\n<!-- \/ Yoast SEO plugin. -->","yoast_head_json":{"title":"Casinobossy App | Application officielle pour Android et iOS","description":"Avec Casino Bossy App, acc\u00e9dez instantan\u00e9ment \u00e0 l'int\u00e9gralit\u00e9 de notre ludoth\u00e8que, incluant les jackpots, les machines \u00e0 sous et les tables de croupiers en direct. Nous garantissons des m\u00e9thodes de paiement s\u00e9curis\u00e9es et une assistance client rapide, quel que soit votre appareil.","robots":{"index":"index","follow":"follow","max-snippet":"max-snippet:-1","max-image-preview":"max-image-preview:large","max-video-preview":"max-video-preview:-1"},"canonical":"https:\/\/casino-bossy.com\/fr\/app\/","og_locale":"fr_FR","og_type":"article","og_title":"Casinobossy App | Application officielle pour Android et iOS","og_description":"Avec Casino Bossy App, acc\u00e9dez instantan\u00e9ment \u00e0 l'int\u00e9gralit\u00e9 de notre ludoth\u00e8que, incluant les jackpots, les machines \u00e0 sous et les tables de croupiers en direct. Nous garantissons des m\u00e9thodes de paiement s\u00e9curis\u00e9es et une assistance client rapide, quel que soit votre appareil.","og_url":"https:\/\/casino-bossy.com\/fr\/app\/","og_site_name":"casino-bossy","article_modified_time":"2026-02-02T13:39:30+00:00","twitter_card":"summary_large_image","twitter_misc":{"Dur\u00e9e de lecture estim\u00e9e":"2 minutes"},"schema":{"@context":"https:\/\/schema.org","@graph":[{"@type":"WebPage","@id":"https:\/\/casino-bossy.com\/fr\/app\/","url":"https:\/\/casino-bossy.com\/fr\/app\/","name":"Casinobossy App | Application officielle pour Android et iOS","isPartOf":{"@id":"https:\/\/casino-bossy.com\/fr\/#website"},"datePublished":"2026-02-02T11:21:48+00:00","dateModified":"2026-02-02T13:39:30+00:00","description":"Avec Casino Bossy App, acc\u00e9dez instantan\u00e9ment \u00e0 l'int\u00e9gralit\u00e9 de notre ludoth\u00e8que, incluant les jackpots, les machines \u00e0 sous et les tables de croupiers en direct. Nous garantissons des m\u00e9thodes de paiement s\u00e9curis\u00e9es et une assistance client rapide, quel que soit votre appareil.","breadcrumb":{"@id":"https:\/\/casino-bossy.com\/fr\/app\/#breadcrumb"},"inLanguage":"fr-FR","potentialAction":[{"@type":"ReadAction","target":["https:\/\/casino-bossy.com\/fr\/app\/"]}]},{"@type":"BreadcrumbList","@id":"https:\/\/casino-bossy.com\/fr\/app\/#breadcrumb","itemListElement":[{"@type":"ListItem","position":1,"name":"Casinobossy","item":"https:\/\/casino-bossy.com\/fr\/"},{"@type":"ListItem","position":2,"name":"App"}]},{"@type":"WebSite","@id":"https:\/\/casino-bossy.com\/fr\/#website","url":"https:\/\/casino-bossy.com\/fr\/","name":"Casinobossy","description":"","publisher":{"@id":"https:\/\/casino-bossy.com\/fr\/#organization"},"potentialAction":[{"@type":"SearchAction","target":{"@type":"EntryPoint","urlTemplate":"https:\/\/casino-bossy.com\/fr\/?s={search_term_string}"},"query-input":{"@type":"PropertyValueSpecification","valueRequired":true,"valueName":"search_term_string"}}],"inLanguage":"fr-FR"},{"@type":"Organization","@id":"https:\/\/casino-bossy.com\/fr\/#organization","name":"Casinobossy","url":"https:\/\/casino-bossy.com\/fr\/","logo":{"@type":"ImageObject","inLanguage":"fr-FR","@id":"https:\/\/casino-bossy.com\/fr\/#\/schema\/logo\/image\/","url":"https:\/\/casino-bossy.com\/wp-content\/uploads\/2026\/02\/Casinobossy-logo.png","contentUrl":"https:\/\/casino-bossy.com\/wp-content\/uploads\/2026\/02\/Casinobossy-logo.png","width":94,"height":20,"caption":"Casinobossy"},"image":{"@id":"https:\/\/casino-bossy.com\/fr\/#\/schema\/logo\/image\/"}}]}},"_links":{"self":[{"href":"https:\/\/casino-bossy.com\/fr\/wp-json\/wp\/v2\/pages\/1415"}],"collection":[{"href":"https:\/\/casino-bossy.com\/fr\/wp-json\/wp\/v2\/pages"}],"about":[{"href":"https:\/\/casino-bossy.com\/fr\/wp-json\/wp\/v2\/types\/page"}],"author":[{"embeddable":true,"href":"https:\/\/casino-bossy.com\/fr\/wp-json\/wp\/v2\/users\/9"}],"replies":[{"embeddable":true,"href":"https:\/\/casino-bossy.com\/fr\/wp-json\/wp\/v2\/comments?post=1415"}],"version-history":[{"count":2,"href":"https:\/\/casino-bossy.com\/fr\/wp-json\/wp\/v2\/pages\/1415\/revisions"}],"predecessor-version":[{"id":1552,"href":"https:\/\/casino-bossy.com\/fr\/wp-json\/wp\/v2\/pages\/1415\/revisions\/1552"}],"wp:attachment":[{"href":"https:\/\/casino-bossy.com\/fr\/wp-json\/wp\/v2\/media?parent=1415"}],"curies":[{"name":"wp","href":"https:\/\/api.w.org\/{rel}","templated":true}]}}