{"id":1462,"date":"2026-02-02T11:26:02","date_gmt":"2026-02-02T11:26:02","guid":{"rendered":"https:\/\/casino-bossy.com\/login-and-registration\/"},"modified":"2026-02-02T15:43:24","modified_gmt":"2026-02-02T15:43:24","slug":"inicio-de-sesion-y-registro","status":"publish","type":"page","link":"https:\/\/casino-bossy.com\/es\/inicio-de-sesion-y-registro\/","title":{"rendered":"Inicio de sesi\u00f3n y Registro"},"content":{"rendered":"<h1>Inicio de sesi\u00f3n y registro en Casinobossy<\/h1>\n<p>El portal a una amplia gama de opciones seguras de juego online en nuestra plataforma es el Casinobossy login. Nuestra versi\u00f3n m\u00f3vil del casino ofrece un acceso r\u00e1pido a cualquier tipo de juego de nuestro gigantesco cat\u00e1logo. Ayudamos a los jugadores espa\u00f1oles a disfrutar de un ambiente seguro y f\u00e1cil de usar. Casinobossy Casino valora mucho la privacidad y la seguridad de todos sus miembros y proporciona excelentes medidas de seguridad.<\/p>\n<p><div class=\"banner-wrap\" aria-label=\"Banner\"><img src=\"https:\/\/casino-bossy.com\/wp-content\/uploads\/2026\/02\/Casinobossy-banner-carousel-800\u0445400.webp\" class=\"w-100 d-none d-lg-block img-pc main-banner-img\" alt=\"Casinobossy banner desktop\" fetchpriority=\"high\" decoding=\"async\"><img src=\"https:\/\/casino-bossy.com\/wp-content\/uploads\/2026\/02\/Mobile-banner.webp\" class=\"w-100 d-none d-md-block d-lg-none main-banner-img\" alt=\"Casino bossy Mobile banner\" fetchpriority=\"high\" decoding=\"async\"><img src=\"https:\/\/casino-bossy.com\/wp-content\/uploads\/2026\/02\/Mobile-banner.webp\" class=\"w-100 d-md-none\" alt=\"Casino bossy Mobile banner\" fetchpriority=\"high\" decoding=\"async\"><div class=\"banner-description\">\n<div class=\"banner-title\">Bonos de bienvenida<\/div>\n<p class=\"banner-header-title\">1500 \u20ac<\/p>\n<div class=\"banner-header-AdditionalText\">+ 250 Tiradas gratis<\/div>\n<button data-item=\"homepage_banner_link\" class=\"goto m-button m-gradient-border m-button--primary m-button--large banner-button btn-orange\">\n            <div class=\"m-button-content\">\n                <span>Reg\u00edstrate ahora<\/span>\n                <span><\/span>\n            <\/div>\n        <\/button>\n<\/div>\n<div class=\"WelcomePack\">\n<p><img loading=\"lazy\" decoding=\"async\" class=\"alignnone size-full wp-image-1335\" src=\"https:\/\/casino-bossy.com\/wp-content\/uploads\/2026\/02\/welcome-crown.png\" alt=\"welcome crown\" width=\"25\" height=\"26\" \/><\/p>\n<div class=\"WelcomePack-Info\">Reembolso semanal de hasta el 25 %<\/div>\n<p><img loading=\"lazy\" decoding=\"async\" class=\"alignnone size-full wp-image-1335\" src=\"https:\/\/casino-bossy.com\/wp-content\/uploads\/2026\/02\/welcome-crown.png\" alt=\"welcome crown\" width=\"25\" height=\"26\" \/><\/p>\n<\/div>\n<\/div><div class=\"scrollable-content-wrap my-5\"><div class=\"scrollable-content-inner\"><h2>C\u00f3mo registrar una cuenta<\/h2>\n<p>Convertirse en miembro de Casinobossy significa tener acceso a una experiencia de juego completa, con la ayuda de bonos exclusivos, promociones y una enorme biblioteca de juegos. El proceso de tu primer inicio de sesi\u00f3n en Casinobossy te abrir\u00e1 muchas puertas: todos los jugadores pueden disfrutar del derecho a depositar dinero, asistir a torneos y gestionar c\u00f3modamente sus perfiles. Todo el historial de la cuenta, las transacciones y la actividad del juego tambi\u00e9n son visibles y se pueden consultar a diario.<\/p>\n<p>Para registrarte en Casinobossy, debes facilitarnos tus datos personales. Los necesitamos porque estamos obligados a verificar el cumplimiento de los requisitos legales y a habilitar el proceso de verificaci\u00f3n. El registro es sencillo y te da acceso inmediato a todas las instalaciones del casino.<\/p>\n<h3>Configuraci\u00f3n de seguridad de la cuenta de Casinobossy Casino<\/h3>\n<p>Casinobossy \u0421asino se preocupa cada d\u00eda m\u00e1s por la seguridad. Los ataques de pirater\u00eda inform\u00e1tica nos obligan a mejorar nuestras t\u00e1cticas; a medida que los bots invaden el ciberespacio, estamos siempre en guardia. Para garantizar la seguridad de los datos de los usuarios, utilizamos modernos protocolos de encriptaci\u00f3n y m\u00faltiples niveles de seguridad. Los jugadores pueden hacer que sus cuentas sean m\u00e1s discretas activando la autenticaci\u00f3n de dos factores (2FA). Su objetivo es proporcionar a los jugadores una ventaja adicional de seguridad durante el inicio de sesi\u00f3n en Casinobossy.<\/p>\n<p>Adem\u00e1s, le sugerimos que utilice contrase\u00f1as seguras que sean \u00fanicas y las cambie con frecuencia. El sistema de seguridad de nuestra plataforma realiza un seguimiento constante de las acciones de las cuentas para ayudar a los jugadores a identificar cualquier actividad sospechosa de antemano. Mantener los datos personales actualizados tambi\u00e9n es una forma de facilitar el proceso de verificaci\u00f3n. Adem\u00e1s, facilita el proceso de retirada de fondos.<\/p>\n<h3>Configuraci\u00f3n de su perfil de Casino Bossy<\/h3>\n<p>Para crear su perfil en Casinobossy, haga lo siguiente:<\/p>\n<ol>\n<li>En la p\u00e1gina de Casino Bossy Casino, seleccione el bot\u00f3n morado \u00abRegistrarse\u00bb.<\/li>\n<li>Debe introducir su direcci\u00f3n de correo electr\u00f3nico v\u00e1lida y crear una contrase\u00f1a segura.<\/li>\n<li>Introduce el c\u00f3digo promocional si lo tienes.<\/li>\n<li>Marca la casilla para recibir ofertas de nuestro Casino Bossy Casino.<\/li>\n<li>Marca que eres mayor de edad.<\/li>\n<li>Consulte los t\u00e9rminos y condiciones.<\/li>\n<li>Env\u00eda tu formulario de registro.<\/li>\n<li>Haz clic en el enlace de verificaci\u00f3n que se enviar\u00e1 a tu bandeja de entrada.<\/li>\n<li>M\u00e1s adelante, en el panel de control, despu\u00e9s de iniciar sesi\u00f3n en Casinobossy, puedes completar tu perfil a\u00f1adiendo m\u00e1s datos espec\u00edficos, como tus datos bancarios y tu n\u00famero de tel\u00e9fono, etc.<\/li>\n<\/ol>\n<p>Nuestro sistema de registro cumple con las normas de juego responsable, y los usuarios deben ser mayores de edad. Esto contribuye a crear un entorno de juego seguro. Si los jugadores lo desean, pueden activar las funciones de juego responsable de en la configuraci\u00f3n de su perfil, donde pueden controlar su tiempo y sus l\u00edmites de juego.<\/p>\n<h2>Accede y controla tu perfil de Casinobossy<\/h2>\n<p>Crear una cuenta en Casinobossy Casino es un procedimiento f\u00e1cil y seguro. Siga estos pasos:<\/p>\n<ol>\n<li>Busca la secci\u00f3n de inicio de sesi\u00f3n de Casinobossy (cerca del bot\u00f3n de registro) y haz clic en ella.<\/li>\n<li>Introduce tu direcci\u00f3n de correo electr\u00f3nico y contrase\u00f1a.<\/li>\n<li>Env\u00eda los datos o inicia sesi\u00f3n en Casinobossy con Google.<\/li>\n<\/ol>\n<p>Despu\u00e9s del registro, los jugadores pueden depositar y retirar dinero, consultar el historial de transacciones, reclamar bonificaciones y gestionar sus perfiles. El sitio es f\u00e1cil de usar y personal, y los datos financieros se pueden controlar f\u00e1cilmente.<\/p>\n<p>La experiencia general tambi\u00e9n es c\u00f3moda y eficiente, ya que los jugadores pueden activar el chat en vivo y escribir al equipo de asistencia directamente desde el panel de control de su cuenta, lo que les permite recibir ayuda de forma inmediata. Recomendamos encarecidamente activar la autenticaci\u00f3n de dos factores (2FA) para proteger las cuentas con una funci\u00f3n de protecci\u00f3n adicional y asegurarse de que no puedan acceder a ellas usuarios no autorizados que no pertenezcan a Casinobossy Casino.<\/p>\n<h3>\u00bfHa olvidado sus datos de inicio de sesi\u00f3n?<\/h3>\n<p>En ocasiones, es posible que olvides los datos de tu inicio de sesi\u00f3n en Casinobossy, lo cual es totalmente normal. Los jugadores pueden utilizar el bot\u00f3n \u00abOlvid\u00e9 mi contrase\u00f1a\u00bb en la p\u00e1gina de inicio de sesi\u00f3n de Casinoboddy en caso de que hayan olvidado sus datos de inicio de sesi\u00f3n. Solo hay que introducir la direcci\u00f3n de correo electr\u00f3nico para recibir un enlace de restablecimiento de contrase\u00f1a en la bandeja de entrada. A continuaci\u00f3n, solo tienes que hacer clic en el enlace de Casino Bossy y recuperar tu cuenta. Para garantizar la seguridad, es posible que el proceso requiera una verificaci\u00f3n adicional para confirmar la identidad, tras lo cual se conceder\u00e1 el acceso. Nuestro equipo de asistencia multiling\u00fce calcular\u00e1 todos los riesgos y te ayudar\u00e1.<\/p>\n<h2>Lo que debe hacer para la verificaci\u00f3n<\/h2>\n<p>El proceso de verificaci\u00f3n en Casinobossy Casino ayuda a establecer la identidad de nuestros jugadores y a garantizar el cumplimiento de las normas reglamentarias. Por lo general, esto implica proporcionar r\u00e1pidamente los siguientes documentos:<\/p>\n<ul>\n<li>Identificaci\u00f3n fotogr\u00e1fica original o aut\u00e9ntica (pasaporte, permiso de conducir, documento nacional de identidad).<\/li>\n<li>Prueba de residencia (factura de servicios p\u00fablicos o extracto bancario).<\/li>\n<li>Comprobaci\u00f3n del m\u00e9todo de pago (cuando sea necesario).<\/li>\n<\/ul>\n<p>Tenga en cuenta que, en ocasiones, es posible que le solicitemos informaci\u00f3n y documentos adicionales y que comprobemos su actividad en el sitio web de Casino Bossy. Este proceso de verificaci\u00f3n suele tardar una media de 24 a 48 horas. La presentaci\u00f3n oportuna de los documentos adecuados lo agiliza y permite realizar pagos durante la retirada.<\/p>\n<h2>Preguntas frecuentes<\/h2>\n<h3>\u00bfPuedo cambiar mi correo electr\u00f3nico o n\u00famero de tel\u00e9fono registrados?<\/h3>\n<p>Los usuarios de Casinobossy Casino pueden cambiar su informaci\u00f3n de contacto con la ayuda de la configuraci\u00f3n del perfil. Es posible que dichos cambios deban volver a verificarse para garantizar la integridad de la seguridad. Aseg\u00farese de que, tras el cambio, el n\u00famero de tel\u00e9fono sea v\u00e1lido.<\/p>\n<h3>\u00bfEs necesaria la verificaci\u00f3n?<\/h3>\n<p>Para acceder a todo lo que ofrece Casinobossy, s\u00ed, es necesaria. Pero no se preocupe, es un proceso r\u00e1pido que requiere muy poca documentaci\u00f3n. El proceso se alarga si hay incongruencias (o si los documentos que ha proporcionado no cuadran). El tiempo de tramitaci\u00f3n tambi\u00e9n puede variar debido a los d\u00edas festivos y al n\u00famero de solicitudes de verificaci\u00f3n.<\/p>\n<\/div><\/div><\/p>\n","protected":false},"excerpt":{"rendered":"<p>Inicio de sesi\u00f3n y registro en Casinobossy El portal a una amplia gama de opciones seguras de juego online en nuestra plataforma es el Casinobossy login. Nuestra versi\u00f3n m\u00f3vil del casino ofrece un acceso r\u00e1pido a cualquier tipo de juego de nuestro gigantesco cat\u00e1logo. Ayudamos a los jugadores espa\u00f1oles a disfrutar de un ambiente seguro [&hellip;]<\/p>\n","protected":false},"author":9,"featured_media":0,"parent":0,"menu_order":0,"comment_status":"closed","ping_status":"closed","template":"template-builder.php","meta":{"_acf_changed":false,"inline_featured_image":false,"footnotes":""},"class_list":["post-1462","page","type-page","status-publish","hentry"],"acf":[],"yoast_head":"<!-- This site is optimized with the Yoast SEO plugin v24.4 - https:\/\/yoast.com\/wordpress\/plugins\/seo\/ -->\n<title>Casinobossy Login \u2013 registro r\u00e1pido y cuenta segura<\/title>\n<meta name=\"description\" content=\"El Casino Bossy login te mantiene todo organizado, desde la gesti\u00f3n de tu perfil hasta el seguimiento de transacciones y el historial de juego. Prueba nuestro registro r\u00e1pido y nuestra asistencia confiable las 24 horas.\" \/>\n<meta name=\"robots\" content=\"index, follow, max-snippet:-1, max-image-preview:large, max-video-preview:-1\" \/>\n<link rel=\"canonical\" href=\"https:\/\/casino-bossy.com\/es\/inicio-de-sesion-y-registro\/\" \/>\n<meta property=\"og:locale\" content=\"es_ES\" \/>\n<meta property=\"og:type\" content=\"article\" \/>\n<meta property=\"og:title\" content=\"Casinobossy Login \u2013 registro r\u00e1pido y cuenta segura\" \/>\n<meta property=\"og:description\" content=\"El Casino Bossy login te mantiene todo organizado, desde la gesti\u00f3n de tu perfil hasta el seguimiento de transacciones y el historial de juego. Prueba nuestro registro r\u00e1pido y nuestra asistencia confiable las 24 horas.\" \/>\n<meta property=\"og:url\" content=\"https:\/\/casino-bossy.com\/es\/inicio-de-sesion-y-registro\/\" \/>\n<meta property=\"og:site_name\" content=\"casino-bossy\" \/>\n<meta property=\"article:modified_time\" content=\"2026-02-02T15:43:24+00:00\" \/>\n<meta name=\"twitter:card\" content=\"summary_large_image\" \/>\n<meta name=\"twitter:label1\" content=\"Est. reading time\" \/>\n\t<meta name=\"twitter:data1\" content=\"1 minuto\" \/>\n<script type=\"application\/ld+json\" class=\"yoast-schema-graph\">{\"@context\":\"https:\/\/schema.org\",\"@graph\":[{\"@type\":\"WebPage\",\"@id\":\"https:\/\/casino-bossy.com\/es\/inicio-de-sesion-y-registro\/\",\"url\":\"https:\/\/casino-bossy.com\/es\/inicio-de-sesion-y-registro\/\",\"name\":\"Casinobossy Login \u2013 registro r\u00e1pido y cuenta segura\",\"isPartOf\":{\"@id\":\"https:\/\/casino-bossy.com\/es\/#website\"},\"datePublished\":\"2026-02-02T11:26:02+00:00\",\"dateModified\":\"2026-02-02T15:43:24+00:00\",\"description\":\"El Casino Bossy login te mantiene todo organizado, desde la gesti\u00f3n de tu perfil hasta el seguimiento de transacciones y el historial de juego. Prueba nuestro registro r\u00e1pido y nuestra asistencia confiable las 24 horas.\",\"breadcrumb\":{\"@id\":\"https:\/\/casino-bossy.com\/es\/inicio-de-sesion-y-registro\/#breadcrumb\"},\"inLanguage\":\"es\",\"potentialAction\":[{\"@type\":\"ReadAction\",\"target\":[\"https:\/\/casino-bossy.com\/es\/inicio-de-sesion-y-registro\/\"]}]},{\"@type\":\"BreadcrumbList\",\"@id\":\"https:\/\/casino-bossy.com\/es\/inicio-de-sesion-y-registro\/#breadcrumb\",\"itemListElement\":[{\"@type\":\"ListItem\",\"position\":1,\"name\":\"Casinobossy\",\"item\":\"https:\/\/casino-bossy.com\/es\/\"},{\"@type\":\"ListItem\",\"position\":2,\"name\":\"Inicio de sesi\u00f3n y Registro\"}]},{\"@type\":\"WebSite\",\"@id\":\"https:\/\/casino-bossy.com\/es\/#website\",\"url\":\"https:\/\/casino-bossy.com\/es\/\",\"name\":\"Casinobossy\",\"description\":\"\",\"publisher\":{\"@id\":\"https:\/\/casino-bossy.com\/es\/#organization\"},\"potentialAction\":[{\"@type\":\"SearchAction\",\"target\":{\"@type\":\"EntryPoint\",\"urlTemplate\":\"https:\/\/casino-bossy.com\/es\/?s={search_term_string}\"},\"query-input\":{\"@type\":\"PropertyValueSpecification\",\"valueRequired\":true,\"valueName\":\"search_term_string\"}}],\"inLanguage\":\"es\"},{\"@type\":\"Organization\",\"@id\":\"https:\/\/casino-bossy.com\/es\/#organization\",\"name\":\"Casinobossy\",\"url\":\"https:\/\/casino-bossy.com\/es\/\",\"logo\":{\"@type\":\"ImageObject\",\"inLanguage\":\"es\",\"@id\":\"https:\/\/casino-bossy.com\/es\/#\/schema\/logo\/image\/\",\"url\":\"https:\/\/casino-bossy.com\/wp-content\/uploads\/2026\/02\/Casinobossy-logo.png\",\"contentUrl\":\"https:\/\/casino-bossy.com\/wp-content\/uploads\/2026\/02\/Casinobossy-logo.png\",\"width\":94,\"height\":20,\"caption\":\"Casinobossy\"},\"image\":{\"@id\":\"https:\/\/casino-bossy.com\/es\/#\/schema\/logo\/image\/\"}}]}<\/script>\n<!-- \/ Yoast SEO plugin. -->","yoast_head_json":{"title":"Casinobossy Login \u2013 registro r\u00e1pido y cuenta segura","description":"El Casino Bossy login te mantiene todo organizado, desde la gesti\u00f3n de tu perfil hasta el seguimiento de transacciones y el historial de juego. Prueba nuestro registro r\u00e1pido y nuestra asistencia confiable las 24 horas.","robots":{"index":"index","follow":"follow","max-snippet":"max-snippet:-1","max-image-preview":"max-image-preview:large","max-video-preview":"max-video-preview:-1"},"canonical":"https:\/\/casino-bossy.com\/es\/inicio-de-sesion-y-registro\/","og_locale":"es_ES","og_type":"article","og_title":"Casinobossy Login \u2013 registro r\u00e1pido y cuenta segura","og_description":"El Casino Bossy login te mantiene todo organizado, desde la gesti\u00f3n de tu perfil hasta el seguimiento de transacciones y el historial de juego. Prueba nuestro registro r\u00e1pido y nuestra asistencia confiable las 24 horas.","og_url":"https:\/\/casino-bossy.com\/es\/inicio-de-sesion-y-registro\/","og_site_name":"casino-bossy","article_modified_time":"2026-02-02T15:43:24+00:00","twitter_card":"summary_large_image","twitter_misc":{"Est. reading time":"1 minuto"},"schema":{"@context":"https:\/\/schema.org","@graph":[{"@type":"WebPage","@id":"https:\/\/casino-bossy.com\/es\/inicio-de-sesion-y-registro\/","url":"https:\/\/casino-bossy.com\/es\/inicio-de-sesion-y-registro\/","name":"Casinobossy Login \u2013 registro r\u00e1pido y cuenta segura","isPartOf":{"@id":"https:\/\/casino-bossy.com\/es\/#website"},"datePublished":"2026-02-02T11:26:02+00:00","dateModified":"2026-02-02T15:43:24+00:00","description":"El Casino Bossy login te mantiene todo organizado, desde la gesti\u00f3n de tu perfil hasta el seguimiento de transacciones y el historial de juego. Prueba nuestro registro r\u00e1pido y nuestra asistencia confiable las 24 horas.","breadcrumb":{"@id":"https:\/\/casino-bossy.com\/es\/inicio-de-sesion-y-registro\/#breadcrumb"},"inLanguage":"es","potentialAction":[{"@type":"ReadAction","target":["https:\/\/casino-bossy.com\/es\/inicio-de-sesion-y-registro\/"]}]},{"@type":"BreadcrumbList","@id":"https:\/\/casino-bossy.com\/es\/inicio-de-sesion-y-registro\/#breadcrumb","itemListElement":[{"@type":"ListItem","position":1,"name":"Casinobossy","item":"https:\/\/casino-bossy.com\/es\/"},{"@type":"ListItem","position":2,"name":"Inicio de sesi\u00f3n y Registro"}]},{"@type":"WebSite","@id":"https:\/\/casino-bossy.com\/es\/#website","url":"https:\/\/casino-bossy.com\/es\/","name":"Casinobossy","description":"","publisher":{"@id":"https:\/\/casino-bossy.com\/es\/#organization"},"potentialAction":[{"@type":"SearchAction","target":{"@type":"EntryPoint","urlTemplate":"https:\/\/casino-bossy.com\/es\/?s={search_term_string}"},"query-input":{"@type":"PropertyValueSpecification","valueRequired":true,"valueName":"search_term_string"}}],"inLanguage":"es"},{"@type":"Organization","@id":"https:\/\/casino-bossy.com\/es\/#organization","name":"Casinobossy","url":"https:\/\/casino-bossy.com\/es\/","logo":{"@type":"ImageObject","inLanguage":"es","@id":"https:\/\/casino-bossy.com\/es\/#\/schema\/logo\/image\/","url":"https:\/\/casino-bossy.com\/wp-content\/uploads\/2026\/02\/Casinobossy-logo.png","contentUrl":"https:\/\/casino-bossy.com\/wp-content\/uploads\/2026\/02\/Casinobossy-logo.png","width":94,"height":20,"caption":"Casinobossy"},"image":{"@id":"https:\/\/casino-bossy.com\/es\/#\/schema\/logo\/image\/"}}]}},"_links":{"self":[{"href":"https:\/\/casino-bossy.com\/es\/wp-json\/wp\/v2\/pages\/1462"}],"collection":[{"href":"https:\/\/casino-bossy.com\/es\/wp-json\/wp\/v2\/pages"}],"about":[{"href":"https:\/\/casino-bossy.com\/es\/wp-json\/wp\/v2\/types\/page"}],"author":[{"embeddable":true,"href":"https:\/\/casino-bossy.com\/es\/wp-json\/wp\/v2\/users\/9"}],"replies":[{"embeddable":true,"href":"https:\/\/casino-bossy.com\/es\/wp-json\/wp\/v2\/comments?post=1462"}],"version-history":[{"count":2,"href":"https:\/\/casino-bossy.com\/es\/wp-json\/wp\/v2\/pages\/1462\/revisions"}],"predecessor-version":[{"id":1772,"href":"https:\/\/casino-bossy.com\/es\/wp-json\/wp\/v2\/pages\/1462\/revisions\/1772"}],"wp:attachment":[{"href":"https:\/\/casino-bossy.com\/es\/wp-json\/wp\/v2\/media?parent=1462"}],"curies":[{"name":"wp","href":"https:\/\/api.w.org\/{rel}","templated":true}]}}