{"id":1424,"date":"2026-02-02T11:21:48","date_gmt":"2026-02-02T11:21:48","guid":{"rendered":"https:\/\/casino-bossy.com\/app-2\/"},"modified":"2026-02-02T15:41:45","modified_gmt":"2026-02-02T15:41:45","slug":"aplicacion","status":"publish","type":"page","link":"https:\/\/casino-bossy.com\/es\/aplicacion\/","title":{"rendered":"Aplicaci\u00f3n"},"content":{"rendered":"<h1>Aplicaci\u00f3n Casinobossy para Android y iPhone<\/h1>\n<p>Nuestro casino ha creado una forma segura y moderna de jugar sobre la marcha: con nuestra Casinobossy app. Se trata de una aplicaci\u00f3n compatible con Android e iPhone que lleva todo nuestro cat\u00e1logo, con todos los libros, tragamonedas, premios instant\u00e1neos y juegos de cartas, a tu tel\u00e9fono m\u00f3vil. Nuestra plataforma se basa en el rendimiento y es muy segura para los jugadores espa\u00f1oles. Te permite jugar a tus juegos favoritos en cualquier momento y mantiene tu PC segura cuando est\u00e1s fuera.<\/p>\n<p>Casino Bossy app garantiza que el juego m\u00f3vil sea m\u00e1s c\u00f3modo, seguro y envolvente.<\/p>\n<p><div class=\"banner-wrap\" aria-label=\"Banner\"><img src=\"https:\/\/casino-bossy.com\/wp-content\/uploads\/2026\/02\/Casinobossy-banner-carousel-800\u0445400.webp\" class=\"w-100 d-none d-lg-block img-pc main-banner-img\" alt=\"Casinobossy banner desktop\" fetchpriority=\"high\" decoding=\"async\"><img src=\"https:\/\/casino-bossy.com\/wp-content\/uploads\/2026\/02\/Mobile-banner.webp\" class=\"w-100 d-none d-md-block d-lg-none main-banner-img\" alt=\"Casino bossy Mobile banner\" fetchpriority=\"high\" decoding=\"async\"><img src=\"https:\/\/casino-bossy.com\/wp-content\/uploads\/2026\/02\/Mobile-banner.webp\" class=\"w-100 d-md-none\" alt=\"Casino bossy Mobile banner\" fetchpriority=\"high\" decoding=\"async\"><div class=\"banner-description\">\n<div class=\"banner-title\">Bonos de bienvenida<\/div>\n<p class=\"banner-header-title\">1500 \u20ac<\/p>\n<div class=\"banner-header-AdditionalText\">+ 250 Tiradas gratis<\/div>\n<button data-item=\"homepage_banner_link\" class=\"goto m-button m-gradient-border m-button--primary m-button--large banner-button btn-orange\">\n            <div class=\"m-button-content\">\n                <span>Reg\u00edstrate ahora<\/span>\n                <span><\/span>\n            <\/div>\n        <\/button>\n<\/div>\n<div class=\"WelcomePack\">\n<p><img loading=\"lazy\" decoding=\"async\" class=\"alignnone size-full wp-image-1335\" src=\"https:\/\/casino-bossy.com\/wp-content\/uploads\/2026\/02\/welcome-crown.png\" alt=\"welcome crown\" width=\"25\" height=\"26\" \/><\/p>\n<div class=\"WelcomePack-Info\">Reembolso semanal de hasta el 25 %<\/div>\n<p><img loading=\"lazy\" decoding=\"async\" class=\"alignnone size-full wp-image-1335\" src=\"https:\/\/casino-bossy.com\/wp-content\/uploads\/2026\/02\/welcome-crown.png\" alt=\"welcome crown\" width=\"25\" height=\"26\" \/><\/p>\n<\/div>\n<\/div><div class=\"scrollable-content-wrap my-5\"><div class=\"scrollable-content-inner\"><h2>Juega en iPhone e iPad<\/h2>\n<p>Casinobossy Casino ofrece una experiencia de juego excepcional independientemente del dispositivo que utilices. Casinobossy Casino es compatible con los usuarios de iOS y ofrece una aplicaci\u00f3n \u00fanica que optimiza los dispositivos iPhone y iPad. El casino m\u00f3vil es totalmente compatible con todos los dispositivos Apple actuales, lo que proporciona una experiencia de juego excelente y fluida. La interfaz de la aplicaci\u00f3n Casinobossy se ha dise\u00f1ado para que sea receptiva y f\u00e1cil de navegar, de modo que los jugadores puedan acceder f\u00e1cilmente a sus juegos de casino favoritos y superar el proceso de verificaci\u00f3n sin ning\u00fan problema.<\/p>\n<h3>C\u00f3mo descargar la aplicaci\u00f3n en iOS<\/h3>\n<p>La aplicaci\u00f3n Casinobossy se puede descargar en iPhone y iPad de forma f\u00e1cil y r\u00e1pida. La aplicaci\u00f3n est\u00e1 disponible directamente en Casinobossy Casino, que es seguro y aut\u00e9ntico. Para ello, solo hay que seguir unos sencillos pasos que son claros para todo el mundo:<\/p>\n<ol>\n<li>Abre la p\u00e1gina principal del sitio web de Casinobossy a trav\u00e9s de Safari en tu iPhone o iPad.<\/li>\n<li>Haga clic en el bot\u00f3n de flecha hacia abajo, que se encuentra en la p\u00e1gina de inicio.<\/li>\n<li>Seleccione \u00abA\u00f1adir a la pantalla de inicio\u00bb para crear un acceso directo cuando se le solicite.<\/li>\n<li>Y ya est\u00e1, ahora aparecer\u00e1 el icono de la aplicaci\u00f3n Casinobossy en la pantalla de inicio de su dispositivo.<\/li>\n<\/ol>\n<p>Este enfoque se ajusta a las pol\u00edticas de Apple sobre aplicaciones de juego online. Con Casino Bossy, siempre tendr\u00e1s un proceso de instalaci\u00f3n seguro y sencillo que no requiere el uso de tiendas de aplicaciones de terceros ni ninguna otra descarga.<\/p>\n<p><img loading=\"lazy\" decoding=\"async\" src=\"https:\/\/casino-bossy.com\/wp-content\/uploads\/2026\/02\/iOS-app.webp\" alt=\"iOS app\" width=\"1248\" height=\"536\" \/><\/p>\n<\/div><\/div><div style=\"clear: both\"><\/div><div class=\"d-flex justify-content-center\"><button data-item=\"decouvrez_link\" data-group=\"website_links\" class=\"goto fw-bold rounded-pill btn btn-orange\" aria-label=\"Descarga la aplicaci\u00f3n Casino-bossy\" >Descarga la aplicaci\u00f3n Casino-bossy<\/button><\/div><div class=\"scrollable-content-wrap my-5\"><div class=\"scrollable-content-inner\"><h2>Casino Bossy en ordenadores Mac y Windows<\/h2>\n<p>Casinobossy Casino tambi\u00e9n se puede jugar a trav\u00e9s de una versi\u00f3n de escritorio. Es compatible con Mac y Windows. Y sabemos que no a todo el mundo le gusta jugar en smartphones; a algunos jugadores les resulta m\u00e1s c\u00f3modo hacerlo en una pantalla m\u00e1s grande.<\/p>\n<p>Puedes abrir nuestro sitio web Casino Bossy con cualquiera de los principales navegadores: Chrome, Firefox, Safari y Edge. Tiene un modo de pantalla completa. Puedes disfrutar de una experiencia inmersiva. Los juegos de la aplicaci\u00f3n m\u00f3vil, la gesti\u00f3n de cuentas y la asistencia son f\u00e1ciles de navegar.<\/p>\n<p>Casinobossy tambi\u00e9n admite accesos directos en el escritorio. Los usuarios de Casinobossy pueden acceder directamente al sitio desde sus ordenadores. Por lo tanto, nos complace anunciar que los jugadores pueden disfrutar de la misma experiencia de juego en cualquier dispositivo sin perder funcionalidad ni rendimiento.<\/p>\n<p><img loading=\"lazy\" decoding=\"async\" src=\"https:\/\/casino-bossy.com\/wp-content\/uploads\/2026\/02\/Desktop.webp\" alt=\"Desktop\" width=\"1248\" height=\"536\" \/><\/p>\n<\/div><\/div><div style=\"clear: both\"><\/div><div class=\"d-flex justify-content-center\"><button data-item=\"decouvrez_link\" data-group=\"website_links\" class=\"goto fw-bold rounded-pill btn btn-orange\" aria-label=\"Descargar Casino-bossy\" >Descargar Casino-bossy<\/button><\/div><\/p>\n<h2>Soluci\u00f3n de problemas de la aplicaci\u00f3n<\/h2>\n<p>Casinobossy cuenta con un equipo de asistencia eficiente y multiling\u00fce. Estamos f\u00e1cilmente accesibles en caso de ataques t\u00e9cnicos. Los m\u00e9todos habituales de resoluci\u00f3n de problemas ayudan a garantizar que la aplicaci\u00f3n se actualice correctamente a la \u00faltima versi\u00f3n. Tambi\u00e9n puede comprobar si todo est\u00e1 bien, si tiene una conexi\u00f3n a Internet estable y si el dispositivo es compatible. En caso de que la aplicaci\u00f3n se bloquee o no se abra, los problemas se pueden resolver simplemente envi\u00e1ndonos un mensaje. Pero primero, intente reiniciar su dispositivo un par de veces o reinstalar la PWA si hay alg\u00fan retraso, y luego escr\u00edbanos.<\/p>\n<p>Casinobossy Casino cuenta con un eficiente equipo de asistencia. Estamos capacitados para resolver este tipo de situaciones. Siempre ofrecemos servicios en tiempo real a trav\u00e9s de chats en vivo, lo que reduce el tiempo de inactividad y proporciona una experiencia de juego fluida.<\/p>\n<p><div class=\"scrollable-content-wrap my-5\"><div class=\"scrollable-content-inner\"><h2>Aplicaci\u00f3n Casinobossy para Android<\/h2>\n<p>La aplicaci\u00f3n Casinobossy es una PWA basada en Android que es sencilla y de alto rendimiento. Tiene todo lo necesario, con una amplia gama de tragamonedas en l\u00ednea, juegos de mesa, libros y juegos de casino en vivo. La aplicaci\u00f3n es compatible con muchas versiones de Android, lo que significa que es compatible con dispositivos Android con la versi\u00f3n 6.0 y superior.<\/p>\n<h3>Proceso de descarga paso a paso<\/h3>\n<p>Para instalar la aplicaci\u00f3n Casinobossy en Android, hay que hacer lo siguiente:<\/p>\n<ol>\n<li>Abre un navegador web en tu tel\u00e9fono Android y ve a nuestra p\u00e1gina web de Casino Bossy.<\/li>\n<li>En Android, busca el bot\u00f3n de descarga \u00abCasino App\u00bb y procede con la descarga. Los usuarios de iPhone solo tienen que guardar el acceso directo de Casino Bossy Casino, y ya est\u00e1.<\/li>\n<li>Despu\u00e9s de la descarga, abra la PWA.<\/li>\n<\/ol>\n<p>Una vez instalada, inicia la aplicaci\u00f3n Casinobossy e inicia sesi\u00f3n para acceder a toda la biblioteca de juegos. Este m\u00e9todo es una alternativa segura a las tiendas de aplicaciones y elimina por completo cualquier temor relacionado con el malware o las fugas de informaci\u00f3n. Ya no tendr\u00e1s que preocuparte por instalar algo sospechoso. El dise\u00f1o ligero de la aplicaci\u00f3n garantiza una carga r\u00e1pida, una baja latencia en los juegos y animaciones fluidas, independientemente de las especificaciones del dispositivo.<\/p>\n<p><img loading=\"lazy\" decoding=\"async\" src=\"https:\/\/casino-bossy.com\/wp-content\/uploads\/2026\/02\/Android-app.webp\" alt=\"Android app\" width=\"1248\" height=\"536\" \/><\/p>\n<\/div><\/div><div style=\"clear: both\"><\/div><div class=\"d-flex justify-content-center\"><button data-item=\"decouvrez_link\" data-group=\"website_links\" class=\"goto fw-bold rounded-pill btn btn-orange\" aria-label=\"Descarga la aplicaci\u00f3n Casino-bossy\" >Descarga la aplicaci\u00f3n Casino-bossy<\/button><\/div><div class=\"scrollable-content-wrap my-5\"><div class=\"scrollable-content-inner\"><h2>Ventajas de utilizar la aplicaci\u00f3n oficial de Casinobossy<\/h2>\n<p>Pero la portabilidad es sin\u00f3nimo de nuestras vidas actuales. Estamos tan apurados y siempre ocupados que tener la versi\u00f3n PWA de la aplicaci\u00f3n Casinobossy es la mejor opci\u00f3n. Para usted, hay un servicio de chat en vivo disponible las 24 horas, para que los jugadores puedan obtener ayuda cuando lo necesiten.<\/p>\n<p>La aplicaci\u00f3n Casinobossy tiene una serie de ventajas en comparaci\u00f3n con jugar en un navegador m\u00f3vil:<\/p>\n<table>\n<tbody>\n<tr>\n<td>Caracter\u00edstica<\/td>\n<td>Ventaja<\/td>\n<\/tr>\n<tr>\n<td>Velocidad de carga r\u00e1pida<\/td>\n<td>Reduce los tiempos de espera para un juego r\u00e1pido<\/td>\n<\/tr>\n<tr>\n<td>Alta capacidad de respuesta<\/td>\n<td>Garantiza un funcionamiento fluido en todo tipo de dispositivos<\/td>\n<\/tr>\n<tr>\n<td>Cifrado TLS<\/td>\n<td>Protege la informaci\u00f3n personal y financiera<\/td>\n<\/tr>\n<tr>\n<td>Notificaciones push<\/td>\n<td>Mantiene a los jugadores informados sobre las \u00faltimas ofertas y noticias<\/td>\n<\/tr>\n<\/tbody>\n<\/table>\n<p>Todas estas caracter\u00edsticas contribuyen a mejorar la experiencia de juego, y Casinobossy Casino puede ser una de las opciones para los jugadores m\u00f3viles que buscan fiabilidad y comodidad.<\/p>\n<h2>Preguntas frecuentes<\/h2>\n<h3>\u00bfEs seguro descargar la aplicaci\u00f3n Casinobossy desde el sitio web?<\/h3>\n<p>La aplicaci\u00f3n Casinobossy solo se puede descargar a trav\u00e9s de nuestro sitio web. Puedes estar tranquilo, ya que cuenta con un alto nivel de seguridad para garantizar la confidencialidad del proceso. La aplicaci\u00f3n se ha creado utilizando los protocolos de cifrado m\u00e1s avanzados, que protegen los datos y las operaciones de los usuarios.<\/p>\n<h3>\u00bfSe sincronizar\u00e1n mi cuenta y mi progreso entre el m\u00f3vil y el ordenador?<\/h3>\n<p>La sincronizaci\u00f3n es perfecta en Casino Bossy Casino. Casinobossy opera a trav\u00e9s de un sistema de cuentas centralizado, que le permite participar en sus juegos, dep\u00f3sitos y retiradas. Sincronizamos todo en todos los dispositivos que utilice. Esto garantiza la misma experiencia de juego, independientemente de si el usuario juega en su tel\u00e9fono m\u00f3vil o en su ordenador.<\/p>\n<h3>\u00bfQu\u00e9 debo hacer si la aplicaci\u00f3n se bloquea o no se abre?<\/h3>\n<p>Lo primero es asegurarse de que se cumplen todos los requisitos m\u00ednimos del sistema. Adem\u00e1s, comprueba si tu dispositivo est\u00e1 actualizado a la \u00faltima versi\u00f3n. Reinicia el tel\u00e9fono y vuelve a instalar la aplicaci\u00f3n en caso de que sigas teniendo problemas. Para obtener ayuda adicional, solo tienes que hacer clic en el icono del chat en vivo de la p\u00e1gina de Casino Bossy y explicarnos con detalle tu problema. Seguro que te ayudaremos.<\/p>\n<\/div><\/div><\/p>\n","protected":false},"excerpt":{"rendered":"<p>Aplicaci\u00f3n Casinobossy para Android y iPhone Nuestro casino ha creado una forma segura y moderna de jugar sobre la marcha: con nuestra Casinobossy app. Se trata de una aplicaci\u00f3n compatible con Android e iPhone que lleva todo nuestro cat\u00e1logo, con todos los libros, tragamonedas, premios instant\u00e1neos y juegos de cartas, a tu tel\u00e9fono m\u00f3vil. Nuestra [&hellip;]<\/p>\n","protected":false},"author":9,"featured_media":0,"parent":0,"menu_order":0,"comment_status":"closed","ping_status":"closed","template":"template-builder.php","meta":{"_acf_changed":false,"inline_featured_image":false,"footnotes":""},"class_list":["post-1424","page","type-page","status-publish","hentry"],"acf":[],"yoast_head":"<!-- This site is optimized with the Yoast SEO plugin v24.4 - https:\/\/yoast.com\/wordpress\/plugins\/seo\/ -->\n<title>Casinobossy App | Aplicaci\u00f3n oficial para Android e iOS<\/title>\n<meta name=\"description\" content=\"Con la Casino Bossy App, tendr\u00e1s acceso instant\u00e1neo a tu biblioteca completa de juegos, incluyendo jackpots, tragamonedas y mesas con crupier en vivo. Garantizamos m\u00e9todos de pago confiables y atenci\u00f3n al cliente r\u00e1pida desde cualquier dispositivo.\" \/>\n<meta name=\"robots\" content=\"index, follow, max-snippet:-1, max-image-preview:large, max-video-preview:-1\" \/>\n<link rel=\"canonical\" href=\"https:\/\/casino-bossy.com\/es\/aplicacion\/\" \/>\n<meta property=\"og:locale\" content=\"es_ES\" \/>\n<meta property=\"og:type\" content=\"article\" \/>\n<meta property=\"og:title\" content=\"Casinobossy App | Aplicaci\u00f3n oficial para Android e iOS\" \/>\n<meta property=\"og:description\" content=\"Con la Casino Bossy App, tendr\u00e1s acceso instant\u00e1neo a tu biblioteca completa de juegos, incluyendo jackpots, tragamonedas y mesas con crupier en vivo. Garantizamos m\u00e9todos de pago confiables y atenci\u00f3n al cliente r\u00e1pida desde cualquier dispositivo.\" \/>\n<meta property=\"og:url\" content=\"https:\/\/casino-bossy.com\/es\/aplicacion\/\" \/>\n<meta property=\"og:site_name\" content=\"casino-bossy\" \/>\n<meta property=\"article:modified_time\" content=\"2026-02-02T15:41:45+00:00\" \/>\n<meta name=\"twitter:card\" content=\"summary_large_image\" \/>\n<meta name=\"twitter:label1\" content=\"Est. reading time\" \/>\n\t<meta name=\"twitter:data1\" content=\"2 minutos\" \/>\n<script type=\"application\/ld+json\" class=\"yoast-schema-graph\">{\"@context\":\"https:\/\/schema.org\",\"@graph\":[{\"@type\":\"WebPage\",\"@id\":\"https:\/\/casino-bossy.com\/es\/aplicacion\/\",\"url\":\"https:\/\/casino-bossy.com\/es\/aplicacion\/\",\"name\":\"Casinobossy App | Aplicaci\u00f3n oficial para Android e iOS\",\"isPartOf\":{\"@id\":\"https:\/\/casino-bossy.com\/es\/#website\"},\"datePublished\":\"2026-02-02T11:21:48+00:00\",\"dateModified\":\"2026-02-02T15:41:45+00:00\",\"description\":\"Con la Casino Bossy App, tendr\u00e1s acceso instant\u00e1neo a tu biblioteca completa de juegos, incluyendo jackpots, tragamonedas y mesas con crupier en vivo. Garantizamos m\u00e9todos de pago confiables y atenci\u00f3n al cliente r\u00e1pida desde cualquier dispositivo.\",\"breadcrumb\":{\"@id\":\"https:\/\/casino-bossy.com\/es\/aplicacion\/#breadcrumb\"},\"inLanguage\":\"es\",\"potentialAction\":[{\"@type\":\"ReadAction\",\"target\":[\"https:\/\/casino-bossy.com\/es\/aplicacion\/\"]}]},{\"@type\":\"BreadcrumbList\",\"@id\":\"https:\/\/casino-bossy.com\/es\/aplicacion\/#breadcrumb\",\"itemListElement\":[{\"@type\":\"ListItem\",\"position\":1,\"name\":\"Casinobossy\",\"item\":\"https:\/\/casino-bossy.com\/es\/\"},{\"@type\":\"ListItem\",\"position\":2,\"name\":\"Aplicaci\u00f3n\"}]},{\"@type\":\"WebSite\",\"@id\":\"https:\/\/casino-bossy.com\/es\/#website\",\"url\":\"https:\/\/casino-bossy.com\/es\/\",\"name\":\"Casinobossy\",\"description\":\"\",\"publisher\":{\"@id\":\"https:\/\/casino-bossy.com\/es\/#organization\"},\"potentialAction\":[{\"@type\":\"SearchAction\",\"target\":{\"@type\":\"EntryPoint\",\"urlTemplate\":\"https:\/\/casino-bossy.com\/es\/?s={search_term_string}\"},\"query-input\":{\"@type\":\"PropertyValueSpecification\",\"valueRequired\":true,\"valueName\":\"search_term_string\"}}],\"inLanguage\":\"es\"},{\"@type\":\"Organization\",\"@id\":\"https:\/\/casino-bossy.com\/es\/#organization\",\"name\":\"Casinobossy\",\"url\":\"https:\/\/casino-bossy.com\/es\/\",\"logo\":{\"@type\":\"ImageObject\",\"inLanguage\":\"es\",\"@id\":\"https:\/\/casino-bossy.com\/es\/#\/schema\/logo\/image\/\",\"url\":\"https:\/\/casino-bossy.com\/wp-content\/uploads\/2026\/02\/Casinobossy-logo.png\",\"contentUrl\":\"https:\/\/casino-bossy.com\/wp-content\/uploads\/2026\/02\/Casinobossy-logo.png\",\"width\":94,\"height\":20,\"caption\":\"Casinobossy\"},\"image\":{\"@id\":\"https:\/\/casino-bossy.com\/es\/#\/schema\/logo\/image\/\"}}]}<\/script>\n<!-- \/ Yoast SEO plugin. -->","yoast_head_json":{"title":"Casinobossy App | Aplicaci\u00f3n oficial para Android e iOS","description":"Con la Casino Bossy App, tendr\u00e1s acceso instant\u00e1neo a tu biblioteca completa de juegos, incluyendo jackpots, tragamonedas y mesas con crupier en vivo. Garantizamos m\u00e9todos de pago confiables y atenci\u00f3n al cliente r\u00e1pida desde cualquier dispositivo.","robots":{"index":"index","follow":"follow","max-snippet":"max-snippet:-1","max-image-preview":"max-image-preview:large","max-video-preview":"max-video-preview:-1"},"canonical":"https:\/\/casino-bossy.com\/es\/aplicacion\/","og_locale":"es_ES","og_type":"article","og_title":"Casinobossy App | Aplicaci\u00f3n oficial para Android e iOS","og_description":"Con la Casino Bossy App, tendr\u00e1s acceso instant\u00e1neo a tu biblioteca completa de juegos, incluyendo jackpots, tragamonedas y mesas con crupier en vivo. Garantizamos m\u00e9todos de pago confiables y atenci\u00f3n al cliente r\u00e1pida desde cualquier dispositivo.","og_url":"https:\/\/casino-bossy.com\/es\/aplicacion\/","og_site_name":"casino-bossy","article_modified_time":"2026-02-02T15:41:45+00:00","twitter_card":"summary_large_image","twitter_misc":{"Est. reading time":"2 minutos"},"schema":{"@context":"https:\/\/schema.org","@graph":[{"@type":"WebPage","@id":"https:\/\/casino-bossy.com\/es\/aplicacion\/","url":"https:\/\/casino-bossy.com\/es\/aplicacion\/","name":"Casinobossy App | Aplicaci\u00f3n oficial para Android e iOS","isPartOf":{"@id":"https:\/\/casino-bossy.com\/es\/#website"},"datePublished":"2026-02-02T11:21:48+00:00","dateModified":"2026-02-02T15:41:45+00:00","description":"Con la Casino Bossy App, tendr\u00e1s acceso instant\u00e1neo a tu biblioteca completa de juegos, incluyendo jackpots, tragamonedas y mesas con crupier en vivo. Garantizamos m\u00e9todos de pago confiables y atenci\u00f3n al cliente r\u00e1pida desde cualquier dispositivo.","breadcrumb":{"@id":"https:\/\/casino-bossy.com\/es\/aplicacion\/#breadcrumb"},"inLanguage":"es","potentialAction":[{"@type":"ReadAction","target":["https:\/\/casino-bossy.com\/es\/aplicacion\/"]}]},{"@type":"BreadcrumbList","@id":"https:\/\/casino-bossy.com\/es\/aplicacion\/#breadcrumb","itemListElement":[{"@type":"ListItem","position":1,"name":"Casinobossy","item":"https:\/\/casino-bossy.com\/es\/"},{"@type":"ListItem","position":2,"name":"Aplicaci\u00f3n"}]},{"@type":"WebSite","@id":"https:\/\/casino-bossy.com\/es\/#website","url":"https:\/\/casino-bossy.com\/es\/","name":"Casinobossy","description":"","publisher":{"@id":"https:\/\/casino-bossy.com\/es\/#organization"},"potentialAction":[{"@type":"SearchAction","target":{"@type":"EntryPoint","urlTemplate":"https:\/\/casino-bossy.com\/es\/?s={search_term_string}"},"query-input":{"@type":"PropertyValueSpecification","valueRequired":true,"valueName":"search_term_string"}}],"inLanguage":"es"},{"@type":"Organization","@id":"https:\/\/casino-bossy.com\/es\/#organization","name":"Casinobossy","url":"https:\/\/casino-bossy.com\/es\/","logo":{"@type":"ImageObject","inLanguage":"es","@id":"https:\/\/casino-bossy.com\/es\/#\/schema\/logo\/image\/","url":"https:\/\/casino-bossy.com\/wp-content\/uploads\/2026\/02\/Casinobossy-logo.png","contentUrl":"https:\/\/casino-bossy.com\/wp-content\/uploads\/2026\/02\/Casinobossy-logo.png","width":94,"height":20,"caption":"Casinobossy"},"image":{"@id":"https:\/\/casino-bossy.com\/es\/#\/schema\/logo\/image\/"}}]}},"_links":{"self":[{"href":"https:\/\/casino-bossy.com\/es\/wp-json\/wp\/v2\/pages\/1424"}],"collection":[{"href":"https:\/\/casino-bossy.com\/es\/wp-json\/wp\/v2\/pages"}],"about":[{"href":"https:\/\/casino-bossy.com\/es\/wp-json\/wp\/v2\/types\/page"}],"author":[{"embeddable":true,"href":"https:\/\/casino-bossy.com\/es\/wp-json\/wp\/v2\/users\/9"}],"replies":[{"embeddable":true,"href":"https:\/\/casino-bossy.com\/es\/wp-json\/wp\/v2\/comments?post=1424"}],"version-history":[{"count":2,"href":"https:\/\/casino-bossy.com\/es\/wp-json\/wp\/v2\/pages\/1424\/revisions"}],"predecessor-version":[{"id":1770,"href":"https:\/\/casino-bossy.com\/es\/wp-json\/wp\/v2\/pages\/1424\/revisions\/1770"}],"wp:attachment":[{"href":"https:\/\/casino-bossy.com\/es\/wp-json\/wp\/v2\/media?parent=1424"}],"curies":[{"name":"wp","href":"https:\/\/api.w.org\/{rel}","templated":true}]}}