{"id":1458,"date":"2026-02-02T11:26:02","date_gmt":"2026-02-02T11:26:02","guid":{"rendered":"https:\/\/casino-bossy.com\/login-and-registration\/"},"modified":"2026-02-02T14:15:14","modified_gmt":"2026-02-02T14:15:14","slug":"anmeldung-und-registrierung","status":"publish","type":"page","link":"https:\/\/casino-bossy.com\/de\/anmeldung-und-registrierung\/","title":{"rendered":"Anmeldung und Registrierung"},"content":{"rendered":"<h1>Casinobossy Anmeldung und Registrierung<\/h1>\n<p>Das Portal zu einer Vielzahl sicherer Online-Gl\u00fccksspieloptionen auf unserer Plattform ist die Casinobossy Login. Unsere mobile Casino-Version bietet schnellen Zugriff auf alle Arten von Spielen in unserem riesigen Katalog. Wir helfen Spielern, sich in einer sicheren und benutzerfreundlichen Atmosph\u00e4re zu vergn\u00fcgen. Casinobossy Casino legt gro\u00dfen Wert auf die Privatsph\u00e4re und Sicherheit aller seiner Mitglieder und bietet hervorragende Sicherheitsma\u00dfnahmen.<\/p>\n<p><div class=\"banner-wrap\" aria-label=\"Banner\"><img src=\"https:\/\/casino-bossy.com\/wp-content\/uploads\/2026\/02\/Casinobossy-banner-carousel-800\u0445400.webp\" class=\"w-100 d-none d-lg-block img-pc main-banner-img\" alt=\"Casinobossy banner desktop\" fetchpriority=\"high\" decoding=\"async\"><img src=\"https:\/\/casino-bossy.com\/wp-content\/uploads\/2026\/02\/Mobile-banner.webp\" class=\"w-100 d-none d-md-block d-lg-none main-banner-img\" alt=\"Casino bossy Mobile banner\" fetchpriority=\"high\" decoding=\"async\"><img src=\"https:\/\/casino-bossy.com\/wp-content\/uploads\/2026\/02\/Mobile-banner.webp\" class=\"w-100 d-md-none\" alt=\"Casino bossy Mobile banner\" fetchpriority=\"high\" decoding=\"async\"><div class=\"banner-description\">\n<div class=\"banner-title\">Willkommensboni<\/div>\n<p class=\"banner-header-title\">1500 \u20ac<\/p>\n<div class=\"banner-header-AdditionalText\">+ 250 Freispiele<\/div>\n<button data-item=\"homepage_banner_link\" class=\"goto m-button m-gradient-border m-button--primary m-button--large banner-button btn-orange\">\n            <div class=\"m-button-content\">\n                <span>Jetzt anmelden<\/span>\n                <span><\/span>\n            <\/div>\n        <\/button>\n<\/div>\n<div class=\"WelcomePack\">\n<p><img loading=\"lazy\" decoding=\"async\" class=\"alignnone size-full wp-image-1335\" src=\"https:\/\/casino-bossy.com\/wp-content\/uploads\/2026\/02\/welcome-crown.png\" alt=\"welcome crown\" width=\"25\" height=\"26\" \/><\/p>\n<div class=\"WelcomePack-Info\">W\u00f6chentlicher Cashback von bis zu 25 %<\/div>\n<p><img loading=\"lazy\" decoding=\"async\" class=\"alignnone size-full wp-image-1335\" src=\"https:\/\/casino-bossy.com\/wp-content\/uploads\/2026\/02\/welcome-crown.png\" alt=\"welcome crown\" width=\"25\" height=\"26\" \/><\/p>\n<\/div>\n<\/div><div class=\"scrollable-content-wrap my-5\"><div class=\"scrollable-content-inner\"><h2>So registrieren Sie ein Konto<\/h2>\n<p>Mitglied bei Casinobossy zu werden bedeutet, Zugang zu einem umfassenden Spielerlebnis zu haben, mit Hilfe von exklusiven Boni, Werbeaktionen und einer riesigen Spielebibliothek. Der Prozess Ihrer ersten Anmeldung bei Casinobossy \u00f6ffnet Ihnen viele T\u00fcren \u2013 alle Spieler k\u00f6nnen das Recht genie\u00dfen, Geld einzuzahlen, an Turnieren teilzunehmen und ihre Profile bequem zu verwalten. Der gesamte Kontoverlauf, alle Transaktionen und Spielaktivit\u00e4ten sind ebenfalls einsehbar und k\u00f6nnen t\u00e4glich \u00fcberpr\u00fcft werden.<\/p>\n<p>F\u00fcr die Registrierung bei Casinobossy m\u00fcssen Sie uns Ihre pers\u00f6nlichen Daten mitteilen. Wir ben\u00f6tigen diese, um die Einhaltung der gesetzlichen Anforderungen zu \u00fcberpr\u00fcfen und den Verifizierungsprozess zu erm\u00f6glichen. Die Registrierung ist einfach und erm\u00f6glicht Ihnen sofortigen Zugang zu allen Einrichtungen des Casinos.<\/p>\n<h3>Sicherheitseinstellungen f\u00fcr Casinobossy Casino-Konten<\/h3>\n<p>Casinobossy \u0421asino legt jeden Tag mehr Wert auf Sicherheit. Die Hackerangriffe veranlassen uns, unsere Taktik zu verbessern; da Bots in den Cyberspace eindringen, sind wir stets auf der Hut. Um die Sicherheit der Benutzerdaten zu gew\u00e4hrleisten, verwenden wir moderne Verschl\u00fcsselungsprotokolle und mehrere Sicherheitsebenen. Spieler k\u00f6nnen ihre Konten durch Aktivieren der 2FA (Zwei-Faktor-Authentifizierung) noch diskreter gestalten. Diese soll den Spielern einen zus\u00e4tzlichen Sicherheitsvorteil beim Einloggen bei Casinobossy bieten.<\/p>\n<p>Dar\u00fcber hinaus empfehlen wir Ihnen, sichere Passw\u00f6rter zu verwenden, die einzigartig sind, und diese regelm\u00e4\u00dfig zu \u00e4ndern. Das Sicherheitssystem unserer Plattform verfolgt st\u00e4ndig die Aktivit\u00e4ten der Konten, um Spielern dabei zu helfen, verd\u00e4chtige Aktivit\u00e4ten im Voraus zu erkennen. Die Aktualisierung Ihrer pers\u00f6nlichen Daten ist ebenfalls eine M\u00f6glichkeit, den Verifizierungsprozess reibungslos zu gestalten. Au\u00dferdem erleichtert dies den Auszahlungsprozess.<\/p>\n<h3>Einrichten Ihres Casino Bossy Profils<\/h3>\n<p>Um Ihr Casinobossy-Profil zu erstellen, gehen Sie bitte wie folgt vor:<\/p>\n<ol>\n<li>W\u00e4hlen Sie auf der Casino Bossy Casino-Seite die violette Schaltfl\u00e4che \u201eAnmelden\u201c.<\/li>\n<li>Sie m\u00fcssen Ihre g\u00fcltige E-Mail-Adresse eingeben und ein sicheres Passwort festlegen.<\/li>\n<li>Geben Sie den Promo-Code ein, falls Sie einen haben.<\/li>\n<li>Aktivieren Sie das Kontrollk\u00e4stchen, um Angebote von unserem Casino Bossy Casino zu erhalten.<\/li>\n<li>Kreuzen Sie an, dass Sie vollj\u00e4hrig sind.<\/li>\n<li>Lesen Sie die Allgemeinen Gesch\u00e4ftsbedingungen.<\/li>\n<li>Senden Sie Ihr Anmeldeformular ab.<\/li>\n<li>Klicken Sie auf den Best\u00e4tigungslink, der an Ihre E-Mail-Adresse gesendet wird.<\/li>\n<li>Sp\u00e4ter im Dashboard, nachdem Sie sich bei Casinobossy angemeldet haben, k\u00f6nnen Sie Ihr Profil vervollst\u00e4ndigen, indem Sie weitere Angaben machen, darunter Ihre Bankverbindung und Telefonnummer usw.<\/li>\n<\/ol>\n<p>Unser Registrierungssystem entspricht den Grunds\u00e4tzen des verantwortungsvollen Spielens, und Nutzer m\u00fcssen vollj\u00e4hrig sein. Dies tr\u00e4gt zur Schaffung einer sicheren Spielumgebung bei. Wenn Spieler dies w\u00fcnschen, k\u00f6nnen sie in ihren Profileinstellungen responsive Spielfunktionen aktivieren, mit denen sie ihre Spielzeit und ihre Spielgrenzen kontrollieren k\u00f6nnen.<\/p>\n<h2>Zugriff auf und Kontrolle \u00fcber Ihr Casinobossy Profil<\/h2>\n<p>Die Erstellung eines Kontos bei Casinobossy Casino ist ein einfacher, aber sicherer Vorgang. Befolgen Sie diese Schritte:<\/p>\n<ol>\n<li>Suchen Sie den Anmeldebereich von Casinobossy (neben der Schaltfl\u00e4che \u201eAnmelden\u201d) und klicken Sie darauf.<\/li>\n<li>Geben Sie Ihre E-Mail-Adresse und Ihr Passwort ein.<\/li>\n<li>Senden Sie die Daten ab oder melden Sie sich mit Google bei Casinobossy an.<\/li>\n<\/ol>\n<p>Nach der Registrierung k\u00f6nnen Spieler Geld einzahlen und abheben, den Transaktionsverlauf einsehen, Boni einfordern und ihr Profil verwalten. Die Website ist benutzerfreundlich und pers\u00f6nlich, und finanzielle Details lassen sich leicht kontrollieren.<\/p>\n<p>Die gesamte Erfahrung ist au\u00dferdem bequem und effizient, da Spieler auch den Live Chat aktivieren und direkt \u00fcber ihr Konto-Dashboard an das Support Team schreiben k\u00f6nnen, wodurch sie sofort Hilfe erhalten. Wir empfehlen dringend, 2FA zu aktivieren, um die Konten mit einer zus\u00e4tzlichen Schutzfunktion zu sichern und sicherzustellen, dass sie nicht von unbefugten Benutzern, die nicht zu Casinobossy Casino geh\u00f6ren, aufgerufen werden k\u00f6nnen.<\/p>\n<h3>Haben Sie Ihre Anmeldedaten vergessen?<\/h3>\n<p>Es kann vorkommen, dass Sie Ihre Casinobossy Anmeldedaten vergessen haben; das ist v\u00f6llig normal. Spieler k\u00f6nnen die Schaltfl\u00e4che \u201ePasswort vergessen\u201c auf der Casinoboddy-Anmeldeseite verwenden, falls sie ihre Anmeldedaten vergessen haben. Sie m\u00fcssen lediglich ihre E-Mail-Adresse eingeben, um einen Link zum Zur\u00fccksetzen des Passworts in ihrem Posteingang zu erhalten. Klicken Sie dann einfach auf den Link von Casino Bossy und stellen Sie Ihr Konto wieder her. Aus Sicherheitsgr\u00fcnden kann es sein, dass Sie sich in einem weiteren Schritt verifizieren m\u00fcssen, um Ihre Identit\u00e4t zu best\u00e4tigen, bevor Sie Zugriff erhalten. Unser mehrsprachiges Support-Team wird alle Risiken abw\u00e4gen und Ihnen helfen.<\/p>\n<h2>Was Sie f\u00fcr die \u00dcberpr\u00fcfung tun m\u00fcssen<\/h2>\n<p>Der Verifizierungsprozess im Casinobossy Casino dient dazu, die Identit\u00e4t unserer Spieler festzustellen und die Einhaltung der gesetzlichen Vorschriften sicherzustellen. Dazu m\u00fcssen in der Regel folgende Dokumente umgehend vorgelegt werden:<\/p>\n<ul>\n<li>Original oder beglaubigter Lichtbildausweis (Reisepass, F\u00fchrerschein, Personalausweis).<\/li>\n<li>Wohnsitznachweis (Stromrechnung oder Kontoauszug)<\/li>\n<li>\u00dcberpr\u00fcfung der Zahlungsmethode (falls erforderlich)<\/li>\n<\/ul>\n<p>Bitte beachten Sie, dass wir manchmal zus\u00e4tzliche Informationen und Dokumente anfordern und Ihre Aktivit\u00e4ten auf der Casino Bossy Website \u00fcberpr\u00fcfen k\u00f6nnen. Dieser Verifizierungsprozess dauert in der Regel durchschnittlich 24 bis 48 Stunden. Die rechtzeitige Einreichung der richtigen Dokumente beschleunigt ihn und erm\u00f6glicht die Durchf\u00fchrung von Auszahlungen.<\/p>\n<h2>FAQ<\/h2>\n<h3>Kann ich meine registrierte E-Mail-Adresse oder Telefonnummer \u00e4ndern?<\/h3>\n<p>Unsere Casinobossy Casino Nutzer k\u00f6nnen ihre Kontaktdaten \u00fcber die Profileinstellungen \u00e4ndern. Solche \u00c4nderungen m\u00fcssen m\u00f6glicherweise erneut \u00fcberpr\u00fcft werden, um die Sicherheit zu gew\u00e4hrleisten. Stellen Sie sicher, dass die Telefonnummer nach der \u00c4nderung g\u00fcltig ist.<\/p>\n<h3>Ist eine Verifizierung erforderlich?<\/h3>\n<p>Um Zugang zu allen Funktionen unseres Casinobossy zu erhalten, ja, das ist sie. Aber keine Sorge, es handelt sich um einen schnellen Vorgang, f\u00fcr den nur sehr wenige Unterlagen erforderlich sind. Es dauert l\u00e4nger, wenn die Angaben (oder die von Ihnen vorgelegten Unterlagen) nicht \u00fcbereinstimmen. Die Bearbeitungszeit kann auch aufgrund von Feiertagen und der Anzahl der Verifizierungsanfragen schwanken.<\/p>\n<\/div><\/div><\/p>\n","protected":false},"excerpt":{"rendered":"<p>Casinobossy Anmeldung und Registrierung Das Portal zu einer Vielzahl sicherer Online-Gl\u00fccksspieloptionen auf unserer Plattform ist die Casinobossy Login. Unsere mobile Casino-Version bietet schnellen Zugriff auf alle Arten von Spielen in unserem riesigen Katalog. Wir helfen Spielern, sich in einer sicheren und benutzerfreundlichen Atmosph\u00e4re zu vergn\u00fcgen. Casinobossy Casino legt gro\u00dfen Wert auf die Privatsph\u00e4re und Sicherheit [&hellip;]<\/p>\n","protected":false},"author":9,"featured_media":0,"parent":0,"menu_order":0,"comment_status":"closed","ping_status":"closed","template":"template-builder.php","meta":{"_acf_changed":false,"inline_featured_image":false,"footnotes":""},"class_list":["post-1458","page","type-page","status-publish","hentry"],"acf":[],"yoast_head":"<!-- This site is optimized with the Yoast SEO plugin v24.4 - https:\/\/yoast.com\/wordpress\/plugins\/seo\/ -->\n<title>Casinobossy Login \u2013 Schnelle Registrierung und sicheres Konto<\/title>\n<meta name=\"description\" content=\"Mit dem Casino Bossy login behalten Sie den \u00dcberblick \u00fcber alles \u2013 von der Profilverwaltung \u00fcber die Transaktionsverfolgung bis hin zur Spielhistorie. Profitieren Sie von unserer schnellen Registrierung und unserem zuverl\u00e4ssigen Kundenservice rund um die Uhr.\" \/>\n<meta name=\"robots\" content=\"index, follow, max-snippet:-1, max-image-preview:large, max-video-preview:-1\" \/>\n<link rel=\"canonical\" href=\"https:\/\/casino-bossy.com\/de\/anmeldung-und-registrierung\/\" \/>\n<meta property=\"og:locale\" content=\"de_DE\" \/>\n<meta property=\"og:type\" content=\"article\" \/>\n<meta property=\"og:title\" content=\"Casinobossy Login \u2013 Schnelle Registrierung und sicheres Konto\" \/>\n<meta property=\"og:description\" content=\"Mit dem Casino Bossy login behalten Sie den \u00dcberblick \u00fcber alles \u2013 von der Profilverwaltung \u00fcber die Transaktionsverfolgung bis hin zur Spielhistorie. Profitieren Sie von unserer schnellen Registrierung und unserem zuverl\u00e4ssigen Kundenservice rund um die Uhr.\" \/>\n<meta property=\"og:url\" content=\"https:\/\/casino-bossy.com\/de\/anmeldung-und-registrierung\/\" \/>\n<meta property=\"og:site_name\" content=\"casino-bossy\" \/>\n<meta property=\"article:modified_time\" content=\"2026-02-02T14:15:14+00:00\" \/>\n<meta name=\"twitter:card\" content=\"summary_large_image\" \/>\n<meta name=\"twitter:label1\" content=\"Gesch\u00e4tzte Lesezeit\" \/>\n\t<meta name=\"twitter:data1\" content=\"1\u00a0Minute\" \/>\n<script type=\"application\/ld+json\" class=\"yoast-schema-graph\">{\"@context\":\"https:\/\/schema.org\",\"@graph\":[{\"@type\":\"WebPage\",\"@id\":\"https:\/\/casino-bossy.com\/de\/anmeldung-und-registrierung\/\",\"url\":\"https:\/\/casino-bossy.com\/de\/anmeldung-und-registrierung\/\",\"name\":\"Casinobossy Login \u2013 Schnelle Registrierung und sicheres Konto\",\"isPartOf\":{\"@id\":\"https:\/\/casino-bossy.com\/de\/#website\"},\"datePublished\":\"2026-02-02T11:26:02+00:00\",\"dateModified\":\"2026-02-02T14:15:14+00:00\",\"description\":\"Mit dem Casino Bossy login behalten Sie den \u00dcberblick \u00fcber alles \u2013 von der Profilverwaltung \u00fcber die Transaktionsverfolgung bis hin zur Spielhistorie. Profitieren Sie von unserer schnellen Registrierung und unserem zuverl\u00e4ssigen Kundenservice rund um die Uhr.\",\"breadcrumb\":{\"@id\":\"https:\/\/casino-bossy.com\/de\/anmeldung-und-registrierung\/#breadcrumb\"},\"inLanguage\":\"de\",\"potentialAction\":[{\"@type\":\"ReadAction\",\"target\":[\"https:\/\/casino-bossy.com\/de\/anmeldung-und-registrierung\/\"]}]},{\"@type\":\"BreadcrumbList\",\"@id\":\"https:\/\/casino-bossy.com\/de\/anmeldung-und-registrierung\/#breadcrumb\",\"itemListElement\":[{\"@type\":\"ListItem\",\"position\":1,\"name\":\"Casinobossy\",\"item\":\"https:\/\/casino-bossy.com\/de\/\"},{\"@type\":\"ListItem\",\"position\":2,\"name\":\"Anmeldung und Registrierung\"}]},{\"@type\":\"WebSite\",\"@id\":\"https:\/\/casino-bossy.com\/de\/#website\",\"url\":\"https:\/\/casino-bossy.com\/de\/\",\"name\":\"Casinobossy\",\"description\":\"\",\"publisher\":{\"@id\":\"https:\/\/casino-bossy.com\/de\/#organization\"},\"potentialAction\":[{\"@type\":\"SearchAction\",\"target\":{\"@type\":\"EntryPoint\",\"urlTemplate\":\"https:\/\/casino-bossy.com\/de\/?s={search_term_string}\"},\"query-input\":{\"@type\":\"PropertyValueSpecification\",\"valueRequired\":true,\"valueName\":\"search_term_string\"}}],\"inLanguage\":\"de\"},{\"@type\":\"Organization\",\"@id\":\"https:\/\/casino-bossy.com\/de\/#organization\",\"name\":\"Casinobossy\",\"url\":\"https:\/\/casino-bossy.com\/de\/\",\"logo\":{\"@type\":\"ImageObject\",\"inLanguage\":\"de\",\"@id\":\"https:\/\/casino-bossy.com\/de\/#\/schema\/logo\/image\/\",\"url\":\"https:\/\/casino-bossy.com\/wp-content\/uploads\/2026\/02\/Casinobossy-logo.png\",\"contentUrl\":\"https:\/\/casino-bossy.com\/wp-content\/uploads\/2026\/02\/Casinobossy-logo.png\",\"width\":94,\"height\":20,\"caption\":\"Casinobossy\"},\"image\":{\"@id\":\"https:\/\/casino-bossy.com\/de\/#\/schema\/logo\/image\/\"}}]}<\/script>\n<!-- \/ Yoast SEO plugin. -->","yoast_head_json":{"title":"Casinobossy Login \u2013 Schnelle Registrierung und sicheres Konto","description":"Mit dem Casino Bossy login behalten Sie den \u00dcberblick \u00fcber alles \u2013 von der Profilverwaltung \u00fcber die Transaktionsverfolgung bis hin zur Spielhistorie. Profitieren Sie von unserer schnellen Registrierung und unserem zuverl\u00e4ssigen Kundenservice rund um die Uhr.","robots":{"index":"index","follow":"follow","max-snippet":"max-snippet:-1","max-image-preview":"max-image-preview:large","max-video-preview":"max-video-preview:-1"},"canonical":"https:\/\/casino-bossy.com\/de\/anmeldung-und-registrierung\/","og_locale":"de_DE","og_type":"article","og_title":"Casinobossy Login \u2013 Schnelle Registrierung und sicheres Konto","og_description":"Mit dem Casino Bossy login behalten Sie den \u00dcberblick \u00fcber alles \u2013 von der Profilverwaltung \u00fcber die Transaktionsverfolgung bis hin zur Spielhistorie. Profitieren Sie von unserer schnellen Registrierung und unserem zuverl\u00e4ssigen Kundenservice rund um die Uhr.","og_url":"https:\/\/casino-bossy.com\/de\/anmeldung-und-registrierung\/","og_site_name":"casino-bossy","article_modified_time":"2026-02-02T14:15:14+00:00","twitter_card":"summary_large_image","twitter_misc":{"Gesch\u00e4tzte Lesezeit":"1\u00a0Minute"},"schema":{"@context":"https:\/\/schema.org","@graph":[{"@type":"WebPage","@id":"https:\/\/casino-bossy.com\/de\/anmeldung-und-registrierung\/","url":"https:\/\/casino-bossy.com\/de\/anmeldung-und-registrierung\/","name":"Casinobossy Login \u2013 Schnelle Registrierung und sicheres Konto","isPartOf":{"@id":"https:\/\/casino-bossy.com\/de\/#website"},"datePublished":"2026-02-02T11:26:02+00:00","dateModified":"2026-02-02T14:15:14+00:00","description":"Mit dem Casino Bossy login behalten Sie den \u00dcberblick \u00fcber alles \u2013 von der Profilverwaltung \u00fcber die Transaktionsverfolgung bis hin zur Spielhistorie. Profitieren Sie von unserer schnellen Registrierung und unserem zuverl\u00e4ssigen Kundenservice rund um die Uhr.","breadcrumb":{"@id":"https:\/\/casino-bossy.com\/de\/anmeldung-und-registrierung\/#breadcrumb"},"inLanguage":"de","potentialAction":[{"@type":"ReadAction","target":["https:\/\/casino-bossy.com\/de\/anmeldung-und-registrierung\/"]}]},{"@type":"BreadcrumbList","@id":"https:\/\/casino-bossy.com\/de\/anmeldung-und-registrierung\/#breadcrumb","itemListElement":[{"@type":"ListItem","position":1,"name":"Casinobossy","item":"https:\/\/casino-bossy.com\/de\/"},{"@type":"ListItem","position":2,"name":"Anmeldung und Registrierung"}]},{"@type":"WebSite","@id":"https:\/\/casino-bossy.com\/de\/#website","url":"https:\/\/casino-bossy.com\/de\/","name":"Casinobossy","description":"","publisher":{"@id":"https:\/\/casino-bossy.com\/de\/#organization"},"potentialAction":[{"@type":"SearchAction","target":{"@type":"EntryPoint","urlTemplate":"https:\/\/casino-bossy.com\/de\/?s={search_term_string}"},"query-input":{"@type":"PropertyValueSpecification","valueRequired":true,"valueName":"search_term_string"}}],"inLanguage":"de"},{"@type":"Organization","@id":"https:\/\/casino-bossy.com\/de\/#organization","name":"Casinobossy","url":"https:\/\/casino-bossy.com\/de\/","logo":{"@type":"ImageObject","inLanguage":"de","@id":"https:\/\/casino-bossy.com\/de\/#\/schema\/logo\/image\/","url":"https:\/\/casino-bossy.com\/wp-content\/uploads\/2026\/02\/Casinobossy-logo.png","contentUrl":"https:\/\/casino-bossy.com\/wp-content\/uploads\/2026\/02\/Casinobossy-logo.png","width":94,"height":20,"caption":"Casinobossy"},"image":{"@id":"https:\/\/casino-bossy.com\/de\/#\/schema\/logo\/image\/"}}]}},"_links":{"self":[{"href":"https:\/\/casino-bossy.com\/de\/wp-json\/wp\/v2\/pages\/1458"}],"collection":[{"href":"https:\/\/casino-bossy.com\/de\/wp-json\/wp\/v2\/pages"}],"about":[{"href":"https:\/\/casino-bossy.com\/de\/wp-json\/wp\/v2\/types\/page"}],"author":[{"embeddable":true,"href":"https:\/\/casino-bossy.com\/de\/wp-json\/wp\/v2\/users\/9"}],"replies":[{"embeddable":true,"href":"https:\/\/casino-bossy.com\/de\/wp-json\/wp\/v2\/comments?post=1458"}],"version-history":[{"count":1,"href":"https:\/\/casino-bossy.com\/de\/wp-json\/wp\/v2\/pages\/1458\/revisions"}],"predecessor-version":[{"id":1595,"href":"https:\/\/casino-bossy.com\/de\/wp-json\/wp\/v2\/pages\/1458\/revisions\/1595"}],"wp:attachment":[{"href":"https:\/\/casino-bossy.com\/de\/wp-json\/wp\/v2\/media?parent=1458"}],"curies":[{"name":"wp","href":"https:\/\/api.w.org\/{rel}","templated":true}]}}