{"id":1417,"date":"2026-02-02T11:21:48","date_gmt":"2026-02-02T11:21:48","guid":{"rendered":"https:\/\/casino-bossy.com\/app-2\/"},"modified":"2026-02-02T14:13:59","modified_gmt":"2026-02-02T14:13:59","slug":"app","status":"publish","type":"page","link":"https:\/\/casino-bossy.com\/de\/app\/","title":{"rendered":"App"},"content":{"rendered":"<h1>Casinobossy App f\u00fcr Android und iPhone<\/h1>\n<p>Unser Casino hat mit der Casinobossy App eine sichere und moderne M\u00f6glichkeit geschaffen, Spiele auch unterwegs zu spielen. Diese Android- und iPhone-freundliche App bringt unseren gesamten Katalog mit allen B\u00fcchern, Slots, Sofortgewinnen und Kartenspielen auf Ihr Mobiltelefon. Unsere Plattform ist leistungsbasiert und sehr sicher. Sie k\u00f6nnen damit jederzeit Ihre Lieblingsspiele spielen und Ihren PC sch\u00fctzen, wenn Sie nicht zu Hause sind.<\/p>\n<p>Die Casino Bossy App sorgt daf\u00fcr, dass mobiles Gl\u00fccksspiel bequemer, sicherer und spannender wird.<\/p>\n<p><div class=\"banner-wrap\" aria-label=\"Banner\"><img src=\"https:\/\/casino-bossy.com\/wp-content\/uploads\/2026\/02\/Casinobossy-banner-carousel-800\u0445400.webp\" class=\"w-100 d-none d-lg-block img-pc main-banner-img\" alt=\"Casinobossy banner desktop\" fetchpriority=\"high\" decoding=\"async\"><img src=\"https:\/\/casino-bossy.com\/wp-content\/uploads\/2026\/02\/Mobile-banner.webp\" class=\"w-100 d-none d-md-block d-lg-none main-banner-img\" alt=\"Casino bossy Mobile banner\" fetchpriority=\"high\" decoding=\"async\"><img src=\"https:\/\/casino-bossy.com\/wp-content\/uploads\/2026\/02\/Mobile-banner.webp\" class=\"w-100 d-md-none\" alt=\"Casino bossy Mobile banner\" fetchpriority=\"high\" decoding=\"async\"><div class=\"banner-description\">\n<div class=\"banner-title\">Willkommensboni<\/div>\n<p class=\"banner-header-title\">1500 \u20ac<\/p>\n<div class=\"banner-header-AdditionalText\">+ 250 Freispiele<\/div>\n<button data-item=\"homepage_banner_link\" class=\"goto m-button m-gradient-border m-button--primary m-button--large banner-button btn-orange\">\n            <div class=\"m-button-content\">\n                <span>Jetzt anmelden<\/span>\n                <span><\/span>\n            <\/div>\n        <\/button>\n<\/div>\n<div class=\"WelcomePack\">\n<p><img loading=\"lazy\" decoding=\"async\" class=\"alignnone size-full wp-image-1335\" src=\"https:\/\/casino-bossy.com\/wp-content\/uploads\/2026\/02\/welcome-crown.png\" alt=\"welcome crown\" width=\"25\" height=\"26\" \/><\/p>\n<div class=\"WelcomePack-Info\">W\u00f6chentlicher Cashback von bis zu 25 %<\/div>\n<p><img loading=\"lazy\" decoding=\"async\" class=\"alignnone size-full wp-image-1335\" src=\"https:\/\/casino-bossy.com\/wp-content\/uploads\/2026\/02\/welcome-crown.png\" alt=\"welcome crown\" width=\"25\" height=\"26\" \/><\/p>\n<\/div>\n<\/div><div class=\"scrollable-content-wrap my-5\"><div class=\"scrollable-content-inner\"><h2>Spielen Sie auf iPhone und iPad<\/h2>\n<p>Casinobossy Casino bietet ein hervorragendes Spielerlebnis, unabh\u00e4ngig davon, welches Ger\u00e4t Sie verwenden. Casinobossy Casino unterst\u00fctzt iOS-Nutzer mit einer einzigartigen Anwendung, die f\u00fcr iPhones und iPad-Ger\u00e4te optimiert ist. Das mobile Casino bietet vollst\u00e4ndige Unterst\u00fctzung f\u00fcr alle aktuellen Apple-Ger\u00e4te und sorgt f\u00fcr ein ausgezeichnetes und reibungsloses Spielerlebnis. Die Benutzeroberfl\u00e4che der Casinobossy App ist responsiv und einfach zu navigieren, sodass Spieler problemlos auf ihre Lieblings-Casinospiele zugreifen und den Verifizierungsprozess ohne Probleme durchlaufen k\u00f6nnen.<\/p>\n<h3>So laden Sie die App auf iOS herunter<\/h3>\n<p>Die Casinobossy-Anwendung kann einfach und schnell auf iPhone und iPad heruntergeladen werden. Die Anwendung ist direkt bei Casinobossy Casino verf\u00fcgbar, das sicher und authentisch ist. Dazu sind einfache Schritte erforderlich, die f\u00fcr jeden klar verst\u00e4ndlich sind:<\/p>\n<ol>\n<li>\u00d6ffnen Sie die Hauptseite der Casinobossy-Website \u00fcber Safari auf Ihrem iPhone oder iPad.<\/li>\n<li>Klicken Sie auf den Abw\u00e4rtspfeil, der auf der Startseite zu sehen ist.<\/li>\n<li>W\u00e4hlen Sie \u201eZum Startbildschirm hinzuf\u00fcgen\u201c, um eine Verkn\u00fcpfung zu erstellen, wenn Sie dazu aufgefordert werden.<\/li>\n<li>Und schon sind Sie fertig: Jetzt befindet sich ein Casinobossy App Symbol auf dem Startbildschirm Ihres Ger\u00e4ts.<\/li>\n<\/ol>\n<p>Dieser Ansatz entspricht den Richtlinien von Apple f\u00fcr Online-Gl\u00fccksspielanwendungen. Mit Casino Bossy k\u00f6nnen Sie sich stets auf einen sicheren und einfachen Installationsprozess verlassen, der keine Drittanbieter-App-Stores oder andere Downloads erfordert.<\/p>\n<p><img loading=\"lazy\" decoding=\"async\" src=\"https:\/\/casino-bossy.com\/wp-content\/uploads\/2026\/02\/iOS-app.webp\" alt=\"iOS app\" width=\"1248\" height=\"536\" \/><\/p>\n<\/div><\/div><div style=\"clear: both\"><\/div><div class=\"d-flex justify-content-center\"><button data-item=\"decouvrez_link\" data-group=\"website_links\" class=\"goto fw-bold rounded-pill btn btn-orange\" aria-label=\"Laden Sie die Casino-bossy-App herunter \" >Laden Sie die Casino-bossy-App herunter <\/button><\/div><div class=\"scrollable-content-wrap my-5\"><div class=\"scrollable-content-inner\"><h2>Casino Bossy auf Mac- und Windows-Computern<\/h2>\n<p>Casinobossy Casino kann auch \u00fcber eine Desktop-Version gespielt werden. Es ist mit Mac und Windows kompatibel. Und wir wissen nat\u00fcrlich, dass nicht jeder gerne auf Smartphones spielt; manche Spieler finden es bequemer, auf einem gr\u00f6\u00dferen Bildschirm zu spielen.<\/p>\n<p>Sie k\u00f6nnen unsere Casino Bossy Website mit jedem der gro\u00dfen Browser \u00f6ffnen: Chrome, Firefox, Safari und Edge. Es gibt einen Vollbildmodus. Sie k\u00f6nnen das Erlebnis genie\u00dfen, ganz in das Spiel einzutauchen. Die Spiele der mobilen App, die Kontoverwaltung und der Support sind leicht zu bedienen.<\/p>\n<p>Casinobossy unterst\u00fctzt auch Desktop-Verkn\u00fcpfungen. Casinobossy-Benutzer k\u00f6nnen von ihrem Desktop aus direkt auf die Website zugreifen. Wir freuen uns daher, Ihnen mitteilen zu k\u00f6nnen, dass Spieler auf allen Ger\u00e4ten das gleiche Spielerlebnis genie\u00dfen k\u00f6nnen, ohne dass dabei Funktionen oder Leistung beeintr\u00e4chtigt werden.<\/p>\n<p><img loading=\"lazy\" decoding=\"async\" src=\"https:\/\/casino-bossy.com\/wp-content\/uploads\/2026\/02\/Desktop.webp\" alt=\"Desktop\" width=\"1248\" height=\"536\" \/><\/p>\n<\/div><\/div><div style=\"clear: both\"><\/div><div class=\"d-flex justify-content-center\"><button data-item=\"decouvrez_link\" data-group=\"website_links\" class=\"goto fw-bold rounded-pill btn btn-orange\" aria-label=\"Casino-bossy herunterladen\" >Casino-bossy herunterladen<\/button><\/div><\/p>\n<h2>Fehlerbehebung bei der App<\/h2>\n<p>Casinobossy verf\u00fcgt \u00fcber ein effizientes, mehrsprachiges Support-Team. Wir sind im Falle technischer Probleme leicht erreichbar. Die \u00fcblichen Methoden zur Fehlerbehebung helfen dabei, sicherzustellen, dass die Anwendung korrekt auf die neueste Version aktualisiert ist. Sie k\u00f6nnen auch \u00fcberpr\u00fcfen, ob alles in Ordnung ist, ob Sie eine stabile Internetverbindung haben und ob das Ger\u00e4t kompatibel ist. Im Falle eines Absturzes der App oder wenn sie sich nicht \u00f6ffnen l\u00e4sst, k\u00f6nnen die Probleme durch eine einfache Nachricht an uns gel\u00f6st werden. Versuchen Sie jedoch zun\u00e4chst, Ihr Ger\u00e4t ein paar Mal neu zu starten oder die PWA neu zu installieren, wenn etwas verz\u00f6gert ist, und schreiben Sie uns dann.<\/p>\n<p>Casinobossy Casino verf\u00fcgt \u00fcber ein effizientes Support-Team. Wir sind darauf geschult, solche Situationen zu l\u00f6sen. Wir bieten stets Echtzeit-Services \u00fcber Live-Chats, wodurch Ausfallzeiten reduziert werden und ein reibungsloses Spielvergn\u00fcgen gew\u00e4hrleistet ist.<\/p>\n<p><div class=\"scrollable-content-wrap my-5\"><div class=\"scrollable-content-inner\"><h2>Casinobossy App f\u00fcr Android<\/h2>\n<p>Die Casinobossy App ist eine Android-basierte PWA, die einfach und leistungsstark ist. Sie bietet alles, was Sie brauchen, mit einer gro\u00dfen Auswahl an Online-Slots, Tischspielen, B\u00fcchern und Live-Casinospielen. Die App unterst\u00fctzt viele Android-Versionen, d. h., sie ist mit Android-Ger\u00e4ten mit Version 6.0 und h\u00f6her kompatibel.<\/p>\n<h3>Schritt-f\u00fcr-Schritt-Anleitung zum Herunterladen<\/h3>\n<p>Um die Casinobossy-Anwendung auf Android zu installieren, m\u00fcssen Sie Folgendes tun:<\/p>\n<ol>\n<li>\u00d6ffnen Sie einen Webbrowser auf Ihrem Android-Smartphone und rufen Sie unsere Casino Bossy-Webseite auf.<\/li>\n<li>F\u00fcr Android-Ger\u00e4te suchen Sie den Download-Button \u201eCasino App\u201c und fahren Sie mit dem Download fort. iPhone-Nutzer sollten einfach die Verkn\u00fcpfung zu Casino Bossy Casino speichern, und das war\u2019s schon.<\/li>\n<li>\u00d6ffnen Sie nach dem Download die PWA.<\/li>\n<\/ol>\n<p>Starten Sie nach der Installation die Casinobossy App und melden Sie sich an, um Zugriff auf die gesamte Spielebibliothek zu erhalten. Dieser Ansatz ist ein sicherer Ersatz f\u00fcr die App-Stores, und alle Bef\u00fcrchtungen hinsichtlich Malware oder Informationslecks werden vollst\u00e4ndig beseitigt. Sie m\u00fcssen sich keine Sorgen mehr machen, wenn Sie etwas Verd\u00e4chtiges installieren. Das schlanke Design der App sorgt daf\u00fcr, dass sie schnell geladen wird, eine geringe Spielverz\u00f6gerung aufweist und unabh\u00e4ngig von den Spezifikationen des Ger\u00e4ts fl\u00fcssige Animationen liefert.<\/p>\n<p><img loading=\"lazy\" decoding=\"async\" src=\"https:\/\/casino-bossy.com\/wp-content\/uploads\/2026\/02\/Android-app.webp\" alt=\"Android app\" width=\"1248\" height=\"536\" \/><\/p>\n<\/div><\/div><div style=\"clear: both\"><\/div><div class=\"d-flex justify-content-center\"><button data-item=\"decouvrez_link\" data-group=\"website_links\" class=\"goto fw-bold rounded-pill btn btn-orange\" aria-label=\"Laden Sie die Casino-bossy-App herunter \" >Laden Sie die Casino-bossy-App herunter <\/button><\/div><div class=\"scrollable-content-wrap my-5\"><div class=\"scrollable-content-inner\"><h2>Vorteile der offiziellen Casinobossy-Anwendung<\/h2>\n<p>Portabilit\u00e4t ist heute ein Synonym f\u00fcr unser Leben. Wir sind so sehr in Eile und immer besch\u00e4ftigt, dass die PWA-Version der Casinobossy App genau das Richtige ist. F\u00fcr Sie gibt es einen Live-Chat-Support, der rund um die Uhr verf\u00fcgbar ist, sodass die Spieler bei Bedarf jederzeit Hilfe erhalten k\u00f6nnen.<\/p>\n<p>Die Casinobossy Anwendung bietet gegen\u00fcber dem Spielen in einem mobilen Browser eine Reihe von Vorteilen:<\/p>\n<table>\n<tbody>\n<tr>\n<td>Funktion<\/td>\n<td>Vorteil<\/td>\n<\/tr>\n<tr>\n<td>Schnelle Ladezeit<\/td>\n<td>Reduziert Wartezeiten f\u00fcr schnelles Gameplay<\/td>\n<\/tr>\n<tr>\n<td>Hohe Reaktionsf\u00e4higkeit<\/td>\n<td>Gew\u00e4hrleistet einen reibungslosen Betrieb auf allen Ger\u00e4tetypen<\/td>\n<\/tr>\n<tr>\n<td>TLS-Verschl\u00fcsselung<\/td>\n<td>Sch\u00fctzt pers\u00f6nliche und finanzielle Daten<\/td>\n<\/tr>\n<tr>\n<td>Push-Benachrichtigungen<\/td>\n<td>Halten die Spieler \u00fcber die neuesten Angebote und Nachrichten auf dem Laufenden<\/td>\n<\/tr>\n<\/tbody>\n<\/table>\n<p>All diese Funktionen tragen zu einem verbesserten Spielerlebnis bei, und Casinobossy Casino kann zu den Optionen mobiler Spieler geh\u00f6ren, die Zuverl\u00e4ssigkeit und Komfort suchen.<\/p>\n<h2>FAQ<\/h2>\n<h3>Ist das Herunterladen der Casinobossy App von der Website sicher?<\/h3>\n<p>Die Casinobossy App kann nur \u00fcber unsere Website heruntergeladen werden. Sie k\u00f6nnen sich auf ein hohes Ma\u00df an Sicherheit verlassen, um den Vorgang vertraulich zu gestalten. Die Anwendung wurde unter Verwendung der fortschrittlichsten Verschl\u00fcsselungsprotokolle erstellt, die Benutzerdaten und Vorg\u00e4nge sch\u00fctzen.<\/p>\n<h3>Werden mein Konto und mein Spielfortschritt zwischen Mobilger\u00e4t und Desktop synchronisiert?<\/h3>\n<p>Die Synchronisierung funktioniert bei Casino Bossy Casino einwandfrei. Casinobossy arbeitet mit einem zentralisierten Kontosystem, \u00fcber das Sie Ihre Spiele, Ein- und Auszahlungen t\u00e4tigen k\u00f6nnen. Wir synchronisieren alles auf allen von Ihnen verwendeten Ger\u00e4ten. So ist unabh\u00e4ngig davon, ob der Nutzer auf seinem Mobiltelefon oder seinem Computer spielt, immer das gleiche Spielerlebnis garantiert.<\/p>\n<h3>Was soll ich tun, wenn die App abst\u00fcrzt oder sich nicht \u00f6ffnen l\u00e4sst?<\/h3>\n<p>Als Erstes sollten Sie sicherstellen, dass alle Mindestanforderungen an das System erf\u00fcllt sind. \u00dcberpr\u00fcfen Sie au\u00dferdem, ob Ihr Ger\u00e4t auf die neueste Version aktualisiert ist. Starten Sie das Telefon neu und installieren Sie die Anwendung erneut, falls weiterhin Probleme auftreten. Um zus\u00e4tzliche Hilfe zu erhalten, klicken Sie einfach auf das Live-Chat-Symbol auf der Casino Bossy Seite und schildern Sie uns Ihr Problem ausf\u00fchrlich. Wir helfen Ihnen gerne weiter.<\/p>\n<\/div><\/div><\/p>\n","protected":false},"excerpt":{"rendered":"<p>Casinobossy App f\u00fcr Android und iPhone Unser Casino hat mit der Casinobossy App eine sichere und moderne M\u00f6glichkeit geschaffen, Spiele auch unterwegs zu spielen. Diese Android- und iPhone-freundliche App bringt unseren gesamten Katalog mit allen B\u00fcchern, Slots, Sofortgewinnen und Kartenspielen auf Ihr Mobiltelefon. Unsere Plattform ist leistungsbasiert und sehr sicher. Sie k\u00f6nnen damit jederzeit Ihre [&hellip;]<\/p>\n","protected":false},"author":9,"featured_media":0,"parent":0,"menu_order":0,"comment_status":"closed","ping_status":"closed","template":"template-builder.php","meta":{"_acf_changed":false,"inline_featured_image":false,"footnotes":""},"class_list":["post-1417","page","type-page","status-publish","hentry"],"acf":[],"yoast_head":"<!-- This site is optimized with the Yoast SEO plugin v24.4 - https:\/\/yoast.com\/wordpress\/plugins\/seo\/ -->\n<title>Casinobossy App | Offizielle App f\u00fcr Android &amp; iOS<\/title>\n<meta name=\"description\" content=\"Mit der Casino Bossy App haben Sie sofortigen Zugriff auf Ihre gesamte Spielebibliothek, inklusive Jackpots, Spielautomaten und Live-Dealer-Tischen. Wir garantieren sichere Zahlungsmethoden und schnellen Kundensupport auf jedem Ger\u00e4t.\" \/>\n<meta name=\"robots\" content=\"index, follow, max-snippet:-1, max-image-preview:large, max-video-preview:-1\" \/>\n<link rel=\"canonical\" href=\"https:\/\/casino-bossy.com\/de\/app\/\" \/>\n<meta property=\"og:locale\" content=\"de_DE\" \/>\n<meta property=\"og:type\" content=\"article\" \/>\n<meta property=\"og:title\" content=\"Casinobossy App | Offizielle App f\u00fcr Android &amp; iOS\" \/>\n<meta property=\"og:description\" content=\"Mit der Casino Bossy App haben Sie sofortigen Zugriff auf Ihre gesamte Spielebibliothek, inklusive Jackpots, Spielautomaten und Live-Dealer-Tischen. Wir garantieren sichere Zahlungsmethoden und schnellen Kundensupport auf jedem Ger\u00e4t.\" \/>\n<meta property=\"og:url\" content=\"https:\/\/casino-bossy.com\/de\/app\/\" \/>\n<meta property=\"og:site_name\" content=\"casino-bossy\" \/>\n<meta property=\"article:modified_time\" content=\"2026-02-02T14:13:59+00:00\" \/>\n<meta name=\"twitter:card\" content=\"summary_large_image\" \/>\n<meta name=\"twitter:label1\" content=\"Gesch\u00e4tzte Lesezeit\" \/>\n\t<meta name=\"twitter:data1\" content=\"2\u00a0Minuten\" \/>\n<script type=\"application\/ld+json\" class=\"yoast-schema-graph\">{\"@context\":\"https:\/\/schema.org\",\"@graph\":[{\"@type\":\"WebPage\",\"@id\":\"https:\/\/casino-bossy.com\/de\/app\/\",\"url\":\"https:\/\/casino-bossy.com\/de\/app\/\",\"name\":\"Casinobossy App | Offizielle App f\u00fcr Android & iOS\",\"isPartOf\":{\"@id\":\"https:\/\/casino-bossy.com\/de\/#website\"},\"datePublished\":\"2026-02-02T11:21:48+00:00\",\"dateModified\":\"2026-02-02T14:13:59+00:00\",\"description\":\"Mit der Casino Bossy App haben Sie sofortigen Zugriff auf Ihre gesamte Spielebibliothek, inklusive Jackpots, Spielautomaten und Live-Dealer-Tischen. Wir garantieren sichere Zahlungsmethoden und schnellen Kundensupport auf jedem Ger\u00e4t.\",\"breadcrumb\":{\"@id\":\"https:\/\/casino-bossy.com\/de\/app\/#breadcrumb\"},\"inLanguage\":\"de\",\"potentialAction\":[{\"@type\":\"ReadAction\",\"target\":[\"https:\/\/casino-bossy.com\/de\/app\/\"]}]},{\"@type\":\"BreadcrumbList\",\"@id\":\"https:\/\/casino-bossy.com\/de\/app\/#breadcrumb\",\"itemListElement\":[{\"@type\":\"ListItem\",\"position\":1,\"name\":\"Casinobossy\",\"item\":\"https:\/\/casino-bossy.com\/de\/\"},{\"@type\":\"ListItem\",\"position\":2,\"name\":\"App\"}]},{\"@type\":\"WebSite\",\"@id\":\"https:\/\/casino-bossy.com\/de\/#website\",\"url\":\"https:\/\/casino-bossy.com\/de\/\",\"name\":\"Casinobossy\",\"description\":\"\",\"publisher\":{\"@id\":\"https:\/\/casino-bossy.com\/de\/#organization\"},\"potentialAction\":[{\"@type\":\"SearchAction\",\"target\":{\"@type\":\"EntryPoint\",\"urlTemplate\":\"https:\/\/casino-bossy.com\/de\/?s={search_term_string}\"},\"query-input\":{\"@type\":\"PropertyValueSpecification\",\"valueRequired\":true,\"valueName\":\"search_term_string\"}}],\"inLanguage\":\"de\"},{\"@type\":\"Organization\",\"@id\":\"https:\/\/casino-bossy.com\/de\/#organization\",\"name\":\"Casinobossy\",\"url\":\"https:\/\/casino-bossy.com\/de\/\",\"logo\":{\"@type\":\"ImageObject\",\"inLanguage\":\"de\",\"@id\":\"https:\/\/casino-bossy.com\/de\/#\/schema\/logo\/image\/\",\"url\":\"https:\/\/casino-bossy.com\/wp-content\/uploads\/2026\/02\/Casinobossy-logo.png\",\"contentUrl\":\"https:\/\/casino-bossy.com\/wp-content\/uploads\/2026\/02\/Casinobossy-logo.png\",\"width\":94,\"height\":20,\"caption\":\"Casinobossy\"},\"image\":{\"@id\":\"https:\/\/casino-bossy.com\/de\/#\/schema\/logo\/image\/\"}}]}<\/script>\n<!-- \/ Yoast SEO plugin. -->","yoast_head_json":{"title":"Casinobossy App | Offizielle App f\u00fcr Android & iOS","description":"Mit der Casino Bossy App haben Sie sofortigen Zugriff auf Ihre gesamte Spielebibliothek, inklusive Jackpots, Spielautomaten und Live-Dealer-Tischen. Wir garantieren sichere Zahlungsmethoden und schnellen Kundensupport auf jedem Ger\u00e4t.","robots":{"index":"index","follow":"follow","max-snippet":"max-snippet:-1","max-image-preview":"max-image-preview:large","max-video-preview":"max-video-preview:-1"},"canonical":"https:\/\/casino-bossy.com\/de\/app\/","og_locale":"de_DE","og_type":"article","og_title":"Casinobossy App | Offizielle App f\u00fcr Android & iOS","og_description":"Mit der Casino Bossy App haben Sie sofortigen Zugriff auf Ihre gesamte Spielebibliothek, inklusive Jackpots, Spielautomaten und Live-Dealer-Tischen. Wir garantieren sichere Zahlungsmethoden und schnellen Kundensupport auf jedem Ger\u00e4t.","og_url":"https:\/\/casino-bossy.com\/de\/app\/","og_site_name":"casino-bossy","article_modified_time":"2026-02-02T14:13:59+00:00","twitter_card":"summary_large_image","twitter_misc":{"Gesch\u00e4tzte Lesezeit":"2\u00a0Minuten"},"schema":{"@context":"https:\/\/schema.org","@graph":[{"@type":"WebPage","@id":"https:\/\/casino-bossy.com\/de\/app\/","url":"https:\/\/casino-bossy.com\/de\/app\/","name":"Casinobossy App | Offizielle App f\u00fcr Android & iOS","isPartOf":{"@id":"https:\/\/casino-bossy.com\/de\/#website"},"datePublished":"2026-02-02T11:21:48+00:00","dateModified":"2026-02-02T14:13:59+00:00","description":"Mit der Casino Bossy App haben Sie sofortigen Zugriff auf Ihre gesamte Spielebibliothek, inklusive Jackpots, Spielautomaten und Live-Dealer-Tischen. Wir garantieren sichere Zahlungsmethoden und schnellen Kundensupport auf jedem Ger\u00e4t.","breadcrumb":{"@id":"https:\/\/casino-bossy.com\/de\/app\/#breadcrumb"},"inLanguage":"de","potentialAction":[{"@type":"ReadAction","target":["https:\/\/casino-bossy.com\/de\/app\/"]}]},{"@type":"BreadcrumbList","@id":"https:\/\/casino-bossy.com\/de\/app\/#breadcrumb","itemListElement":[{"@type":"ListItem","position":1,"name":"Casinobossy","item":"https:\/\/casino-bossy.com\/de\/"},{"@type":"ListItem","position":2,"name":"App"}]},{"@type":"WebSite","@id":"https:\/\/casino-bossy.com\/de\/#website","url":"https:\/\/casino-bossy.com\/de\/","name":"Casinobossy","description":"","publisher":{"@id":"https:\/\/casino-bossy.com\/de\/#organization"},"potentialAction":[{"@type":"SearchAction","target":{"@type":"EntryPoint","urlTemplate":"https:\/\/casino-bossy.com\/de\/?s={search_term_string}"},"query-input":{"@type":"PropertyValueSpecification","valueRequired":true,"valueName":"search_term_string"}}],"inLanguage":"de"},{"@type":"Organization","@id":"https:\/\/casino-bossy.com\/de\/#organization","name":"Casinobossy","url":"https:\/\/casino-bossy.com\/de\/","logo":{"@type":"ImageObject","inLanguage":"de","@id":"https:\/\/casino-bossy.com\/de\/#\/schema\/logo\/image\/","url":"https:\/\/casino-bossy.com\/wp-content\/uploads\/2026\/02\/Casinobossy-logo.png","contentUrl":"https:\/\/casino-bossy.com\/wp-content\/uploads\/2026\/02\/Casinobossy-logo.png","width":94,"height":20,"caption":"Casinobossy"},"image":{"@id":"https:\/\/casino-bossy.com\/de\/#\/schema\/logo\/image\/"}}]}},"_links":{"self":[{"href":"https:\/\/casino-bossy.com\/de\/wp-json\/wp\/v2\/pages\/1417"}],"collection":[{"href":"https:\/\/casino-bossy.com\/de\/wp-json\/wp\/v2\/pages"}],"about":[{"href":"https:\/\/casino-bossy.com\/de\/wp-json\/wp\/v2\/types\/page"}],"author":[{"embeddable":true,"href":"https:\/\/casino-bossy.com\/de\/wp-json\/wp\/v2\/users\/9"}],"replies":[{"embeddable":true,"href":"https:\/\/casino-bossy.com\/de\/wp-json\/wp\/v2\/comments?post=1417"}],"version-history":[{"count":2,"href":"https:\/\/casino-bossy.com\/de\/wp-json\/wp\/v2\/pages\/1417\/revisions"}],"predecessor-version":[{"id":1594,"href":"https:\/\/casino-bossy.com\/de\/wp-json\/wp\/v2\/pages\/1417\/revisions\/1594"}],"wp:attachment":[{"href":"https:\/\/casino-bossy.com\/de\/wp-json\/wp\/v2\/media?parent=1417"}],"curies":[{"name":"wp","href":"https:\/\/api.w.org\/{rel}","templated":true}]}}